
{"id":2010,"date":"2024-10-18T18:02:28","date_gmt":"2024-10-18T16:02:28","guid":{"rendered":"https:\/\/www.macopizza.sk\/?post_type=product&#038;p=2010"},"modified":"2024-11-27T19:54:44","modified_gmt":"2024-11-27T18:54:44","slug":"tatarska-omacka","status":"publish","type":"product","link":"https:\/\/www.macopizza.sk\/en\/product\/tatarska-omacka\/","title":{"rendered":"Tatarsk\u00e1 om\u00e1\u010dka 50g"},"content":{"rendered":"","protected":false},"excerpt":{"rendered":"<p>Klasick\u00e1 tatarsk\u00e1 om\u00e1\u010dka s kr\u00e9movou a jemnou chu\u0165ou, ide\u00e1lna k vypr\u00e1\u017ean\u00fdm jedl\u00e1m.<\/p>\n<p><strong>Alerg\u00e9ny: 3,10<br \/>\n<\/strong><\/p>","protected":false},"featured_media":2017,"comment_status":"open","ping_status":"closed","template":"","meta":{"_uag_custom_page_level_css":"","site-sidebar-layout":"default","site-content-layout":"","ast-site-content-layout":"default","site-content-style":"default","site-sidebar-style":"default","ast-global-header-display":"","ast-banner-title-visibility":"","ast-main-header-display":"","ast-hfb-above-header-display":"","ast-hfb-below-header-display":"","ast-hfb-mobile-header-display":"","site-post-title":"","ast-breadcrumbs-content":"","ast-featured-img":"","footer-sml-layout":"","theme-transparent-header-meta":"default","adv-header-id-meta":"","stick-header-meta":"","header-above-stick-meta":"","header-main-stick-meta":"","header-below-stick-meta":"","astra-migrate-meta-layouts":"set","ast-page-background-enabled":"default","ast-page-background-meta":{"desktop":{"background-color":"var(--ast-global-color-4)","background-image":"","background-repeat":"repeat","background-position":"center center","background-size":"auto","background-attachment":"scroll","background-type":"","background-media":"","overlay-type":"","overlay-color":"","overlay-opacity":"","overlay-gradient":""},"tablet":{"background-color":"","background-image":"","background-repeat":"repeat","background-position":"center center","background-size":"auto","background-attachment":"scroll","background-type":"","background-media":"","overlay-type":"","overlay-color":"","overlay-opacity":"","overlay-gradient":""},"mobile":{"background-color":"","background-image":"","background-repeat":"repeat","background-position":"center center","background-size":"auto","background-attachment":"scroll","background-type":"","background-media":"","overlay-type":"","overlay-color":"","overlay-opacity":"","overlay-gradient":""}},"ast-content-background-meta":{"desktop":{"background-color":"var(--ast-global-color-5)","background-image":"","background-repeat":"repeat","background-position":"center center","background-size":"auto","background-attachment":"scroll","background-type":"","background-media":"","overlay-type":"","overlay-color":"","overlay-opacity":"","overlay-gradient":""},"tablet":{"background-color":"var(--ast-global-color-5)","background-image":"","background-repeat":"repeat","background-position":"center center","background-size":"auto","background-attachment":"scroll","background-type":"","background-media":"","overlay-type":"","overlay-color":"","overlay-opacity":"","overlay-gradient":""},"mobile":{"background-color":"var(--ast-global-color-5)","background-image":"","background-repeat":"repeat","background-position":"center center","background-size":"auto","background-attachment":"scroll","background-type":"","background-media":"","overlay-type":"","overlay-color":"","overlay-opacity":"","overlay-gradient":""}}},"product_brand":[],"product_cat":[26,54,104],"product_tag":[235,242,253,251,266,250,252],"class_list":{"0":"post-2010","1":"product","2":"type-product","3":"status-publish","4":"has-post-thumbnail","6":"product_cat-dressingy","7":"product_cat-k-jedlu","8":"product_cat-studene","9":"product_tag-alergeny-10","10":"product_tag-dresing","11":"product_tag-klasicka-omacka","12":"product_tag-kremova-omacka","13":"product_tag-lergeny-3","14":"product_tag-tatarska-omacka","15":"product_tag-vyprazane-jedla","16":"desktop-align-center","17":"tablet-align-left","18":"mobile-align-left","20":"first","21":"instock","22":"taxable","23":"shipping-taxable","24":"purchasable","25":"product-type-simple"},"yoast_head":"<!-- This site is optimized with the Yoast SEO plugin v24.3 - https:\/\/yoast.com\/wordpress\/plugins\/seo\/ -->\n<title>Tatarsk\u00e1 om\u00e1\u010dka 50g - MacoPizza<\/title>\n<meta name=\"robots\" content=\"index, follow, max-snippet:-1, max-image-preview:large, max-video-preview:-1\" \/>\n<link rel=\"canonical\" href=\"https:\/\/www.macopizza.sk\/en\/product\/tatarska-omacka\/\" \/>\n<meta property=\"og:locale\" content=\"en_GB\" \/>\n<meta property=\"og:type\" content=\"article\" \/>\n<meta property=\"og:title\" content=\"Tatarsk\u00e1 om\u00e1\u010dka 50g - MacoPizza\" \/>\n<meta property=\"og:description\" content=\"Klasick\u00e1 tatarsk\u00e1 om\u00e1\u010dka s kr\u00e9movou a jemnou chu\u0165ou, ide\u00e1lna k vypr\u00e1\u017ean\u00fdm jedl\u00e1m.  Alerg\u00e9ny: 3,10\" \/>\n<meta property=\"og:url\" content=\"https:\/\/www.macopizza.sk\/en\/product\/tatarska-omacka\/\" \/>\n<meta property=\"og:site_name\" content=\"MacoPizza\" \/>\n<meta property=\"article:publisher\" content=\"https:\/\/www.facebook.com\/profile.php?id=61569012014777\" \/>\n<meta property=\"article:modified_time\" content=\"2024-11-27T18:54:44+00:00\" \/>\n<meta property=\"og:image\" content=\"https:\/\/www.macopizza.sk\/wp-content\/uploads\/2024\/10\/ab9e9604704ff49c551789486fa6d41e.jpg\" \/>\n\t<meta property=\"og:image:width\" content=\"756\" \/>\n\t<meta property=\"og:image:height\" content=\"426\" \/>\n\t<meta property=\"og:image:type\" content=\"image\/jpeg\" \/>\n<meta name=\"twitter:card\" content=\"summary_large_image\" \/>\n<script type=\"application\/ld+json\" class=\"yoast-schema-graph\">{\"@context\":\"https:\/\/schema.org\",\"@graph\":[{\"@type\":\"WebPage\",\"@id\":\"https:\/\/www.macopizza.sk\/produkt\/tatarska-omacka\/\",\"url\":\"https:\/\/www.macopizza.sk\/produkt\/tatarska-omacka\/\",\"name\":\"Tatarsk\u00e1 om\u00e1\u010dka 50g - MacoPizza\",\"isPartOf\":{\"@id\":\"https:\/\/www.macopizza.sk\/#website\"},\"primaryImageOfPage\":{\"@id\":\"https:\/\/www.macopizza.sk\/produkt\/tatarska-omacka\/#primaryimage\"},\"image\":{\"@id\":\"https:\/\/www.macopizza.sk\/produkt\/tatarska-omacka\/#primaryimage\"},\"thumbnailUrl\":\"https:\/\/www.macopizza.sk\/wp-content\/uploads\/2024\/10\/ab9e9604704ff49c551789486fa6d41e.jpg\",\"datePublished\":\"2024-10-18T16:02:28+00:00\",\"dateModified\":\"2024-11-27T18:54:44+00:00\",\"breadcrumb\":{\"@id\":\"https:\/\/www.macopizza.sk\/produkt\/tatarska-omacka\/#breadcrumb\"},\"inLanguage\":\"en-GB\",\"potentialAction\":[{\"@type\":\"ReadAction\",\"target\":[\"https:\/\/www.macopizza.sk\/produkt\/tatarska-omacka\/\"]}]},{\"@type\":\"ImageObject\",\"inLanguage\":\"en-GB\",\"@id\":\"https:\/\/www.macopizza.sk\/produkt\/tatarska-omacka\/#primaryimage\",\"url\":\"https:\/\/www.macopizza.sk\/wp-content\/uploads\/2024\/10\/ab9e9604704ff49c551789486fa6d41e.jpg\",\"contentUrl\":\"https:\/\/www.macopizza.sk\/wp-content\/uploads\/2024\/10\/ab9e9604704ff49c551789486fa6d41e.jpg\",\"width\":756,\"height\":426,\"caption\":\"Tatarsk\u00e1 om\u00e1\u010dka\"},{\"@type\":\"BreadcrumbList\",\"@id\":\"https:\/\/www.macopizza.sk\/produkt\/tatarska-omacka\/#breadcrumb\",\"itemListElement\":[{\"@type\":\"ListItem\",\"position\":1,\"name\":\"Home\",\"item\":\"https:\/\/www.macopizza.sk\/\"},{\"@type\":\"ListItem\",\"position\":2,\"name\":\"Obchod\",\"item\":\"https:\/\/www.macopizza.sk\/obchod\/\"},{\"@type\":\"ListItem\",\"position\":3,\"name\":\"Tatarsk\u00e1 om\u00e1\u010dka 50g\"}]},{\"@type\":\"WebSite\",\"@id\":\"https:\/\/www.macopizza.sk\/#website\",\"url\":\"https:\/\/www.macopizza.sk\/\",\"name\":\"MacoPizza\",\"description\":\"\",\"publisher\":{\"@id\":\"https:\/\/www.macopizza.sk\/#organization\"},\"potentialAction\":[{\"@type\":\"SearchAction\",\"target\":{\"@type\":\"EntryPoint\",\"urlTemplate\":\"https:\/\/www.macopizza.sk\/?s={search_term_string}\"},\"query-input\":{\"@type\":\"PropertyValueSpecification\",\"valueRequired\":true,\"valueName\":\"search_term_string\"}}],\"inLanguage\":\"en-GB\"},{\"@type\":\"Organization\",\"@id\":\"https:\/\/www.macopizza.sk\/#organization\",\"name\":\"MacoPizza\",\"url\":\"https:\/\/www.macopizza.sk\/\",\"logo\":{\"@type\":\"ImageObject\",\"inLanguage\":\"en-GB\",\"@id\":\"https:\/\/www.macopizza.sk\/#\/schema\/logo\/image\/\",\"url\":\"https:\/\/www.macopizza.sk\/wp-content\/uploads\/2024\/12\/Maco_logo-1.png\",\"contentUrl\":\"https:\/\/www.macopizza.sk\/wp-content\/uploads\/2024\/12\/Maco_logo-1.png\",\"width\":500,\"height\":480,\"caption\":\"MacoPizza\"},\"image\":{\"@id\":\"https:\/\/www.macopizza.sk\/#\/schema\/logo\/image\/\"},\"sameAs\":[\"https:\/\/www.facebook.com\/profile.php?id=61569012014777\"]}]}<\/script>\n<!-- \/ Yoast SEO plugin. -->","yoast_head_json":{"title":"Tatarsk\u00e1 om\u00e1\u010dka 50g - MacoPizza","robots":{"index":"index","follow":"follow","max-snippet":"max-snippet:-1","max-image-preview":"max-image-preview:large","max-video-preview":"max-video-preview:-1"},"canonical":"https:\/\/www.macopizza.sk\/en\/product\/tatarska-omacka\/","og_locale":"en_GB","og_type":"article","og_title":"Tatarsk\u00e1 om\u00e1\u010dka 50g - MacoPizza","og_description":"Klasick\u00e1 tatarsk\u00e1 om\u00e1\u010dka s kr\u00e9movou a jemnou chu\u0165ou, ide\u00e1lna k vypr\u00e1\u017ean\u00fdm jedl\u00e1m.  Alerg\u00e9ny: 3,10","og_url":"https:\/\/www.macopizza.sk\/en\/product\/tatarska-omacka\/","og_site_name":"MacoPizza","article_publisher":"https:\/\/www.facebook.com\/profile.php?id=61569012014777","article_modified_time":"2024-11-27T18:54:44+00:00","og_image":[{"width":756,"height":426,"url":"https:\/\/www.macopizza.sk\/wp-content\/uploads\/2024\/10\/ab9e9604704ff49c551789486fa6d41e.jpg","type":"image\/jpeg"}],"twitter_card":"summary_large_image","schema":{"@context":"https:\/\/schema.org","@graph":[{"@type":"WebPage","@id":"https:\/\/www.macopizza.sk\/produkt\/tatarska-omacka\/","url":"https:\/\/www.macopizza.sk\/produkt\/tatarska-omacka\/","name":"Tatarsk\u00e1 om\u00e1\u010dka 50g - MacoPizza","isPartOf":{"@id":"https:\/\/www.macopizza.sk\/#website"},"primaryImageOfPage":{"@id":"https:\/\/www.macopizza.sk\/produkt\/tatarska-omacka\/#primaryimage"},"image":{"@id":"https:\/\/www.macopizza.sk\/produkt\/tatarska-omacka\/#primaryimage"},"thumbnailUrl":"https:\/\/www.macopizza.sk\/wp-content\/uploads\/2024\/10\/ab9e9604704ff49c551789486fa6d41e.jpg","datePublished":"2024-10-18T16:02:28+00:00","dateModified":"2024-11-27T18:54:44+00:00","breadcrumb":{"@id":"https:\/\/www.macopizza.sk\/produkt\/tatarska-omacka\/#breadcrumb"},"inLanguage":"en-GB","potentialAction":[{"@type":"ReadAction","target":["https:\/\/www.macopizza.sk\/produkt\/tatarska-omacka\/"]}]},{"@type":"ImageObject","inLanguage":"en-GB","@id":"https:\/\/www.macopizza.sk\/produkt\/tatarska-omacka\/#primaryimage","url":"https:\/\/www.macopizza.sk\/wp-content\/uploads\/2024\/10\/ab9e9604704ff49c551789486fa6d41e.jpg","contentUrl":"https:\/\/www.macopizza.sk\/wp-content\/uploads\/2024\/10\/ab9e9604704ff49c551789486fa6d41e.jpg","width":756,"height":426,"caption":"Tatarsk\u00e1 om\u00e1\u010dka"},{"@type":"BreadcrumbList","@id":"https:\/\/www.macopizza.sk\/produkt\/tatarska-omacka\/#breadcrumb","itemListElement":[{"@type":"ListItem","position":1,"name":"Home","item":"https:\/\/www.macopizza.sk\/"},{"@type":"ListItem","position":2,"name":"Obchod","item":"https:\/\/www.macopizza.sk\/obchod\/"},{"@type":"ListItem","position":3,"name":"Tatarsk\u00e1 om\u00e1\u010dka 50g"}]},{"@type":"WebSite","@id":"https:\/\/www.macopizza.sk\/#website","url":"https:\/\/www.macopizza.sk\/","name":"MacoPizza","description":"","publisher":{"@id":"https:\/\/www.macopizza.sk\/#organization"},"potentialAction":[{"@type":"SearchAction","target":{"@type":"EntryPoint","urlTemplate":"https:\/\/www.macopizza.sk\/?s={search_term_string}"},"query-input":{"@type":"PropertyValueSpecification","valueRequired":true,"valueName":"search_term_string"}}],"inLanguage":"en-GB"},{"@type":"Organization","@id":"https:\/\/www.macopizza.sk\/#organization","name":"MacoPizza","url":"https:\/\/www.macopizza.sk\/","logo":{"@type":"ImageObject","inLanguage":"en-GB","@id":"https:\/\/www.macopizza.sk\/#\/schema\/logo\/image\/","url":"https:\/\/www.macopizza.sk\/wp-content\/uploads\/2024\/12\/Maco_logo-1.png","contentUrl":"https:\/\/www.macopizza.sk\/wp-content\/uploads\/2024\/12\/Maco_logo-1.png","width":500,"height":480,"caption":"MacoPizza"},"image":{"@id":"https:\/\/www.macopizza.sk\/#\/schema\/logo\/image\/"},"sameAs":["https:\/\/www.facebook.com\/profile.php?id=61569012014777"]}]}},"uagb_featured_image_src":{"full":["https:\/\/www.macopizza.sk\/wp-content\/uploads\/2024\/10\/ab9e9604704ff49c551789486fa6d41e.jpg",756,426,false],"thumbnail":["https:\/\/www.macopizza.sk\/wp-content\/uploads\/2024\/10\/ab9e9604704ff49c551789486fa6d41e-150x150.jpg",150,150,true],"medium":["https:\/\/www.macopizza.sk\/wp-content\/uploads\/2024\/10\/ab9e9604704ff49c551789486fa6d41e-300x169.jpg",300,169,true],"medium_large":["https:\/\/www.macopizza.sk\/wp-content\/uploads\/2024\/10\/ab9e9604704ff49c551789486fa6d41e.jpg",756,426,false],"large":["https:\/\/www.macopizza.sk\/wp-content\/uploads\/2024\/10\/ab9e9604704ff49c551789486fa6d41e.jpg",756,426,false],"1536x1536":["https:\/\/www.macopizza.sk\/wp-content\/uploads\/2024\/10\/ab9e9604704ff49c551789486fa6d41e.jpg",756,426,false],"2048x2048":["https:\/\/www.macopizza.sk\/wp-content\/uploads\/2024\/10\/ab9e9604704ff49c551789486fa6d41e.jpg",756,426,false],"trp-custom-language-flag":["https:\/\/www.macopizza.sk\/wp-content\/uploads\/2024\/10\/ab9e9604704ff49c551789486fa6d41e-18x10.jpg",18,10,true],"woocommerce_thumbnail":["https:\/\/www.macopizza.sk\/wp-content\/uploads\/2024\/10\/ab9e9604704ff49c551789486fa6d41e-300x300.jpg",300,300,true],"woocommerce_single":["https:\/\/www.macopizza.sk\/wp-content\/uploads\/2024\/10\/ab9e9604704ff49c551789486fa6d41e-600x338.jpg",600,338,true],"woocommerce_gallery_thumbnail":["https:\/\/www.macopizza.sk\/wp-content\/uploads\/2024\/10\/ab9e9604704ff49c551789486fa6d41e-100x100.jpg",100,100,true]},"uagb_author_info":{"display_name":"marko","author_link":"https:\/\/www.macopizza.sk\/en\/author\/"},"uagb_comment_info":0,"uagb_excerpt":"Klasick\u00e1 tatarsk\u00e1 om\u00e1\u010dka s kr\u00e9movou a jemnou chu\u0165ou, ide\u00e1lna k vypr\u00e1\u017ean\u00fdm jedl\u00e1m. Alerg\u00e9ny: 3,10","_links":{"self":[{"href":"https:\/\/www.macopizza.sk\/en\/wp-json\/wp\/v2\/product\/2010","targetHints":{"allow":["GET"]}}],"collection":[{"href":"https:\/\/www.macopizza.sk\/en\/wp-json\/wp\/v2\/product"}],"about":[{"href":"https:\/\/www.macopizza.sk\/en\/wp-json\/wp\/v2\/types\/product"}],"replies":[{"embeddable":true,"href":"https:\/\/www.macopizza.sk\/en\/wp-json\/wp\/v2\/comments?post=2010"}],"wp:featuredmedia":[{"embeddable":true,"href":"https:\/\/www.macopizza.sk\/en\/wp-json\/wp\/v2\/media\/2017"}],"wp:attachment":[{"href":"https:\/\/www.macopizza.sk\/en\/wp-json\/wp\/v2\/media?parent=2010"}],"wp:term":[{"taxonomy":"product_brand","embeddable":true,"href":"https:\/\/www.macopizza.sk\/en\/wp-json\/wp\/v2\/product_brand?post=2010"},{"taxonomy":"product_cat","embeddable":true,"href":"https:\/\/www.macopizza.sk\/en\/wp-json\/wp\/v2\/product_cat?post=2010"},{"taxonomy":"product_tag","embeddable":true,"href":"https:\/\/www.macopizza.sk\/en\/wp-json\/wp\/v2\/product_tag?post=2010"}],"curies":[{"name":"wp","href":"https:\/\/api.w.org\/{rel}","templated":true}]}}