
{"id":2009,"date":"2024-10-18T18:02:26","date_gmt":"2024-10-18T16:02:26","guid":{"rendered":"https:\/\/www.macopizza.sk\/?post_type=product&#038;p=2009"},"modified":"2024-12-02T21:53:23","modified_gmt":"2024-12-02T20:53:23","slug":"carolina-ripper-%f0%9f%8c%b6%ef%b8%8f%f0%9f%8c%b6%ef%b8%8f%f0%9f%8c%b6%ef%b8%8f","status":"publish","type":"product","link":"https:\/\/www.macopizza.sk\/en\/product\/carolina-ripper-%f0%9f%8c%b6%ef%b8%8f%f0%9f%8c%b6%ef%b8%8f%f0%9f%8c%b6%ef%b8%8f\/","title":{"rendered":"Carolina Reaper \ud83c\udf36\ufe0f\ud83c\udf36\ufe0f\ud83c\udf36\ufe0f 50g"},"content":{"rendered":"<p>Carolina Reaper dresing je ur\u010den\u00fd len pre t\u00fdch najodv\u00e1\u017enej\u0161\u00edch. S extr\u00e9mne pikantnou chu\u0165ou je tento dresing ide\u00e1lny pre fan\u00fa\u0161ikov ostr\u00fdch jed\u00e1l, ktor\u00ed h\u013eadaj\u00fa intenz\u00edvne chu\u0165ov\u00e9 z\u00e1\u017eitky.<\/p>","protected":false},"excerpt":{"rendered":"<p>Extr\u00e9mne pikantn\u00fd Carolina Reaper dresing\u00a0 pre milovn\u00edkov ostr\u00fdch chut\u00ed.<\/p>\n<p><strong>Alerg\u00e9ny: 3,10<br \/>\n<\/strong><\/p>","protected":false},"featured_media":2014,"comment_status":"open","ping_status":"closed","template":"","meta":{"_uag_custom_page_level_css":"","site-sidebar-layout":"default","site-content-layout":"","ast-site-content-layout":"default","site-content-style":"default","site-sidebar-style":"default","ast-global-header-display":"","ast-banner-title-visibility":"","ast-main-header-display":"","ast-hfb-above-header-display":"","ast-hfb-below-header-display":"","ast-hfb-mobile-header-display":"","site-post-title":"","ast-breadcrumbs-content":"","ast-featured-img":"","footer-sml-layout":"","theme-transparent-header-meta":"default","adv-header-id-meta":"","stick-header-meta":"","header-above-stick-meta":"","header-main-stick-meta":"","header-below-stick-meta":"","astra-migrate-meta-layouts":"set","ast-page-background-enabled":"default","ast-page-background-meta":{"desktop":{"background-color":"var(--ast-global-color-4)","background-image":"","background-repeat":"repeat","background-position":"center center","background-size":"auto","background-attachment":"scroll","background-type":"","background-media":"","overlay-type":"","overlay-color":"","overlay-opacity":"","overlay-gradient":""},"tablet":{"background-color":"","background-image":"","background-repeat":"repeat","background-position":"center center","background-size":"auto","background-attachment":"scroll","background-type":"","background-media":"","overlay-type":"","overlay-color":"","overlay-opacity":"","overlay-gradient":""},"mobile":{"background-color":"","background-image":"","background-repeat":"repeat","background-position":"center center","background-size":"auto","background-attachment":"scroll","background-type":"","background-media":"","overlay-type":"","overlay-color":"","overlay-opacity":"","overlay-gradient":""}},"ast-content-background-meta":{"desktop":{"background-color":"var(--ast-global-color-5)","background-image":"","background-repeat":"repeat","background-position":"center center","background-size":"auto","background-attachment":"scroll","background-type":"","background-media":"","overlay-type":"","overlay-color":"","overlay-opacity":"","overlay-gradient":""},"tablet":{"background-color":"var(--ast-global-color-5)","background-image":"","background-repeat":"repeat","background-position":"center center","background-size":"auto","background-attachment":"scroll","background-type":"","background-media":"","overlay-type":"","overlay-color":"","overlay-opacity":"","overlay-gradient":""},"mobile":{"background-color":"var(--ast-global-color-5)","background-image":"","background-repeat":"repeat","background-position":"center center","background-size":"auto","background-attachment":"scroll","background-type":"","background-media":"","overlay-type":"","overlay-color":"","overlay-opacity":"","overlay-gradient":""}}},"product_brand":[],"product_cat":[26,54,104],"product_tag":[235,267,246,248,249,247,166],"class_list":{"0":"post-2009","1":"product","2":"type-product","3":"status-publish","4":"has-post-thumbnail","6":"product_cat-dressingy","7":"product_cat-k-jedlu","8":"product_cat-studene","9":"product_tag-alergeny-10","10":"product_tag-alergeny-3","11":"product_tag-carolina-ripper","12":"product_tag-extremne-pikantne","13":"product_tag-ostre-jedlo","14":"product_tag-pikantny-dresing","15":"product_tag-smotanovy-zaklad","16":"desktop-align-center","17":"tablet-align-left","18":"mobile-align-left","20":"first","21":"instock","22":"taxable","23":"shipping-taxable","24":"purchasable","25":"product-type-simple"},"yoast_head":"<!-- This site is optimized with the Yoast SEO plugin v24.3 - https:\/\/yoast.com\/wordpress\/plugins\/seo\/ -->\n<title>Carolina Reaper \ud83c\udf36\ufe0f\ud83c\udf36\ufe0f\ud83c\udf36\ufe0f 50g - MacoPizza<\/title>\n<meta name=\"robots\" content=\"index, follow, max-snippet:-1, max-image-preview:large, max-video-preview:-1\" \/>\n<link rel=\"canonical\" href=\"https:\/\/www.macopizza.sk\/en\/product\/carolina-ripper-\ud83c\udf36\ufe0f\ud83c\udf36\ufe0f\ud83c\udf36\ufe0f\/\" \/>\n<meta property=\"og:locale\" content=\"en_GB\" \/>\n<meta property=\"og:type\" content=\"article\" \/>\n<meta property=\"og:title\" content=\"Carolina Reaper \ud83c\udf36\ufe0f\ud83c\udf36\ufe0f\ud83c\udf36\ufe0f 50g - MacoPizza\" \/>\n<meta property=\"og:description\" content=\"Extr\u00e9mne pikantn\u00fd Carolina Reaper dresing\u00a0 pre milovn\u00edkov ostr\u00fdch chut\u00ed.  Alerg\u00e9ny: 3,10\" \/>\n<meta property=\"og:url\" content=\"https:\/\/www.macopizza.sk\/en\/product\/carolina-ripper-\ud83c\udf36\ufe0f\ud83c\udf36\ufe0f\ud83c\udf36\ufe0f\/\" \/>\n<meta property=\"og:site_name\" content=\"MacoPizza\" \/>\n<meta property=\"article:publisher\" content=\"https:\/\/www.facebook.com\/profile.php?id=61569012014777\" \/>\n<meta property=\"article:modified_time\" content=\"2024-12-02T20:53:23+00:00\" \/>\n<meta property=\"og:image\" content=\"https:\/\/www.macopizza.sk\/wp-content\/uploads\/2024\/10\/carolina-reaper-hotsauce.jpg\" \/>\n\t<meta property=\"og:image:width\" content=\"1200\" \/>\n\t<meta property=\"og:image:height\" content=\"1200\" \/>\n\t<meta property=\"og:image:type\" content=\"image\/jpeg\" \/>\n<meta name=\"twitter:card\" content=\"summary_large_image\" \/>\n<script type=\"application\/ld+json\" class=\"yoast-schema-graph\">{\"@context\":\"https:\/\/schema.org\",\"@graph\":[{\"@type\":\"WebPage\",\"@id\":\"https:\/\/www.macopizza.sk\/produkt\/carolina-ripper-%f0%9f%8c%b6%ef%b8%8f%f0%9f%8c%b6%ef%b8%8f%f0%9f%8c%b6%ef%b8%8f\/\",\"url\":\"https:\/\/www.macopizza.sk\/produkt\/carolina-ripper-%f0%9f%8c%b6%ef%b8%8f%f0%9f%8c%b6%ef%b8%8f%f0%9f%8c%b6%ef%b8%8f\/\",\"name\":\"Carolina Reaper \ud83c\udf36\ufe0f\ud83c\udf36\ufe0f\ud83c\udf36\ufe0f 50g - MacoPizza\",\"isPartOf\":{\"@id\":\"https:\/\/www.macopizza.sk\/#website\"},\"primaryImageOfPage\":{\"@id\":\"https:\/\/www.macopizza.sk\/produkt\/carolina-ripper-%f0%9f%8c%b6%ef%b8%8f%f0%9f%8c%b6%ef%b8%8f%f0%9f%8c%b6%ef%b8%8f\/#primaryimage\"},\"image\":{\"@id\":\"https:\/\/www.macopizza.sk\/produkt\/carolina-ripper-%f0%9f%8c%b6%ef%b8%8f%f0%9f%8c%b6%ef%b8%8f%f0%9f%8c%b6%ef%b8%8f\/#primaryimage\"},\"thumbnailUrl\":\"https:\/\/www.macopizza.sk\/wp-content\/uploads\/2024\/10\/carolina-reaper-hotsauce.jpg\",\"datePublished\":\"2024-10-18T16:02:26+00:00\",\"dateModified\":\"2024-12-02T20:53:23+00:00\",\"breadcrumb\":{\"@id\":\"https:\/\/www.macopizza.sk\/produkt\/carolina-ripper-%f0%9f%8c%b6%ef%b8%8f%f0%9f%8c%b6%ef%b8%8f%f0%9f%8c%b6%ef%b8%8f\/#breadcrumb\"},\"inLanguage\":\"en-GB\",\"potentialAction\":[{\"@type\":\"ReadAction\",\"target\":[\"https:\/\/www.macopizza.sk\/produkt\/carolina-ripper-%f0%9f%8c%b6%ef%b8%8f%f0%9f%8c%b6%ef%b8%8f%f0%9f%8c%b6%ef%b8%8f\/\"]}]},{\"@type\":\"ImageObject\",\"inLanguage\":\"en-GB\",\"@id\":\"https:\/\/www.macopizza.sk\/produkt\/carolina-ripper-%f0%9f%8c%b6%ef%b8%8f%f0%9f%8c%b6%ef%b8%8f%f0%9f%8c%b6%ef%b8%8f\/#primaryimage\",\"url\":\"https:\/\/www.macopizza.sk\/wp-content\/uploads\/2024\/10\/carolina-reaper-hotsauce.jpg\",\"contentUrl\":\"https:\/\/www.macopizza.sk\/wp-content\/uploads\/2024\/10\/carolina-reaper-hotsauce.jpg\",\"width\":1200,\"height\":1200,\"caption\":\"Carolina Ripper\"},{\"@type\":\"BreadcrumbList\",\"@id\":\"https:\/\/www.macopizza.sk\/produkt\/carolina-ripper-%f0%9f%8c%b6%ef%b8%8f%f0%9f%8c%b6%ef%b8%8f%f0%9f%8c%b6%ef%b8%8f\/#breadcrumb\",\"itemListElement\":[{\"@type\":\"ListItem\",\"position\":1,\"name\":\"Home\",\"item\":\"https:\/\/www.macopizza.sk\/\"},{\"@type\":\"ListItem\",\"position\":2,\"name\":\"Obchod\",\"item\":\"https:\/\/www.macopizza.sk\/obchod\/\"},{\"@type\":\"ListItem\",\"position\":3,\"name\":\"Carolina Reaper \ud83c\udf36\ufe0f\ud83c\udf36\ufe0f\ud83c\udf36\ufe0f 50g\"}]},{\"@type\":\"WebSite\",\"@id\":\"https:\/\/www.macopizza.sk\/#website\",\"url\":\"https:\/\/www.macopizza.sk\/\",\"name\":\"MacoPizza\",\"description\":\"\",\"publisher\":{\"@id\":\"https:\/\/www.macopizza.sk\/#organization\"},\"potentialAction\":[{\"@type\":\"SearchAction\",\"target\":{\"@type\":\"EntryPoint\",\"urlTemplate\":\"https:\/\/www.macopizza.sk\/?s={search_term_string}\"},\"query-input\":{\"@type\":\"PropertyValueSpecification\",\"valueRequired\":true,\"valueName\":\"search_term_string\"}}],\"inLanguage\":\"en-GB\"},{\"@type\":\"Organization\",\"@id\":\"https:\/\/www.macopizza.sk\/#organization\",\"name\":\"MacoPizza\",\"url\":\"https:\/\/www.macopizza.sk\/\",\"logo\":{\"@type\":\"ImageObject\",\"inLanguage\":\"en-GB\",\"@id\":\"https:\/\/www.macopizza.sk\/#\/schema\/logo\/image\/\",\"url\":\"https:\/\/www.macopizza.sk\/wp-content\/uploads\/2024\/12\/Maco_logo-1.png\",\"contentUrl\":\"https:\/\/www.macopizza.sk\/wp-content\/uploads\/2024\/12\/Maco_logo-1.png\",\"width\":500,\"height\":480,\"caption\":\"MacoPizza\"},\"image\":{\"@id\":\"https:\/\/www.macopizza.sk\/#\/schema\/logo\/image\/\"},\"sameAs\":[\"https:\/\/www.facebook.com\/profile.php?id=61569012014777\"]}]}<\/script>\n<!-- \/ Yoast SEO plugin. -->","yoast_head_json":{"title":"Carolina Reaper \ud83c\udf36\ufe0f\ud83c\udf36\ufe0f\ud83c\udf36\ufe0f 50g - MacoPizza","robots":{"index":"index","follow":"follow","max-snippet":"max-snippet:-1","max-image-preview":"max-image-preview:large","max-video-preview":"max-video-preview:-1"},"canonical":"https:\/\/www.macopizza.sk\/en\/product\/carolina-ripper-\ud83c\udf36\ufe0f\ud83c\udf36\ufe0f\ud83c\udf36\ufe0f\/","og_locale":"en_GB","og_type":"article","og_title":"Carolina Reaper \ud83c\udf36\ufe0f\ud83c\udf36\ufe0f\ud83c\udf36\ufe0f 50g - MacoPizza","og_description":"Extr\u00e9mne pikantn\u00fd Carolina Reaper dresing\u00a0 pre milovn\u00edkov ostr\u00fdch chut\u00ed.  Alerg\u00e9ny: 3,10","og_url":"https:\/\/www.macopizza.sk\/en\/product\/carolina-ripper-\ud83c\udf36\ufe0f\ud83c\udf36\ufe0f\ud83c\udf36\ufe0f\/","og_site_name":"MacoPizza","article_publisher":"https:\/\/www.facebook.com\/profile.php?id=61569012014777","article_modified_time":"2024-12-02T20:53:23+00:00","og_image":[{"width":1200,"height":1200,"url":"https:\/\/www.macopizza.sk\/wp-content\/uploads\/2024\/10\/carolina-reaper-hotsauce.jpg","type":"image\/jpeg"}],"twitter_card":"summary_large_image","schema":{"@context":"https:\/\/schema.org","@graph":[{"@type":"WebPage","@id":"https:\/\/www.macopizza.sk\/produkt\/carolina-ripper-%f0%9f%8c%b6%ef%b8%8f%f0%9f%8c%b6%ef%b8%8f%f0%9f%8c%b6%ef%b8%8f\/","url":"https:\/\/www.macopizza.sk\/produkt\/carolina-ripper-%f0%9f%8c%b6%ef%b8%8f%f0%9f%8c%b6%ef%b8%8f%f0%9f%8c%b6%ef%b8%8f\/","name":"Carolina Reaper \ud83c\udf36\ufe0f\ud83c\udf36\ufe0f\ud83c\udf36\ufe0f 50g - MacoPizza","isPartOf":{"@id":"https:\/\/www.macopizza.sk\/#website"},"primaryImageOfPage":{"@id":"https:\/\/www.macopizza.sk\/produkt\/carolina-ripper-%f0%9f%8c%b6%ef%b8%8f%f0%9f%8c%b6%ef%b8%8f%f0%9f%8c%b6%ef%b8%8f\/#primaryimage"},"image":{"@id":"https:\/\/www.macopizza.sk\/produkt\/carolina-ripper-%f0%9f%8c%b6%ef%b8%8f%f0%9f%8c%b6%ef%b8%8f%f0%9f%8c%b6%ef%b8%8f\/#primaryimage"},"thumbnailUrl":"https:\/\/www.macopizza.sk\/wp-content\/uploads\/2024\/10\/carolina-reaper-hotsauce.jpg","datePublished":"2024-10-18T16:02:26+00:00","dateModified":"2024-12-02T20:53:23+00:00","breadcrumb":{"@id":"https:\/\/www.macopizza.sk\/produkt\/carolina-ripper-%f0%9f%8c%b6%ef%b8%8f%f0%9f%8c%b6%ef%b8%8f%f0%9f%8c%b6%ef%b8%8f\/#breadcrumb"},"inLanguage":"en-GB","potentialAction":[{"@type":"ReadAction","target":["https:\/\/www.macopizza.sk\/produkt\/carolina-ripper-%f0%9f%8c%b6%ef%b8%8f%f0%9f%8c%b6%ef%b8%8f%f0%9f%8c%b6%ef%b8%8f\/"]}]},{"@type":"ImageObject","inLanguage":"en-GB","@id":"https:\/\/www.macopizza.sk\/produkt\/carolina-ripper-%f0%9f%8c%b6%ef%b8%8f%f0%9f%8c%b6%ef%b8%8f%f0%9f%8c%b6%ef%b8%8f\/#primaryimage","url":"https:\/\/www.macopizza.sk\/wp-content\/uploads\/2024\/10\/carolina-reaper-hotsauce.jpg","contentUrl":"https:\/\/www.macopizza.sk\/wp-content\/uploads\/2024\/10\/carolina-reaper-hotsauce.jpg","width":1200,"height":1200,"caption":"Carolina Ripper"},{"@type":"BreadcrumbList","@id":"https:\/\/www.macopizza.sk\/produkt\/carolina-ripper-%f0%9f%8c%b6%ef%b8%8f%f0%9f%8c%b6%ef%b8%8f%f0%9f%8c%b6%ef%b8%8f\/#breadcrumb","itemListElement":[{"@type":"ListItem","position":1,"name":"Home","item":"https:\/\/www.macopizza.sk\/"},{"@type":"ListItem","position":2,"name":"Obchod","item":"https:\/\/www.macopizza.sk\/obchod\/"},{"@type":"ListItem","position":3,"name":"Carolina Reaper \ud83c\udf36\ufe0f\ud83c\udf36\ufe0f\ud83c\udf36\ufe0f 50g"}]},{"@type":"WebSite","@id":"https:\/\/www.macopizza.sk\/#website","url":"https:\/\/www.macopizza.sk\/","name":"MacoPizza","description":"","publisher":{"@id":"https:\/\/www.macopizza.sk\/#organization"},"potentialAction":[{"@type":"SearchAction","target":{"@type":"EntryPoint","urlTemplate":"https:\/\/www.macopizza.sk\/?s={search_term_string}"},"query-input":{"@type":"PropertyValueSpecification","valueRequired":true,"valueName":"search_term_string"}}],"inLanguage":"en-GB"},{"@type":"Organization","@id":"https:\/\/www.macopizza.sk\/#organization","name":"MacoPizza","url":"https:\/\/www.macopizza.sk\/","logo":{"@type":"ImageObject","inLanguage":"en-GB","@id":"https:\/\/www.macopizza.sk\/#\/schema\/logo\/image\/","url":"https:\/\/www.macopizza.sk\/wp-content\/uploads\/2024\/12\/Maco_logo-1.png","contentUrl":"https:\/\/www.macopizza.sk\/wp-content\/uploads\/2024\/12\/Maco_logo-1.png","width":500,"height":480,"caption":"MacoPizza"},"image":{"@id":"https:\/\/www.macopizza.sk\/#\/schema\/logo\/image\/"},"sameAs":["https:\/\/www.facebook.com\/profile.php?id=61569012014777"]}]}},"uagb_featured_image_src":{"full":["https:\/\/www.macopizza.sk\/wp-content\/uploads\/2024\/10\/carolina-reaper-hotsauce.jpg",1200,1200,false],"thumbnail":["https:\/\/www.macopizza.sk\/wp-content\/uploads\/2024\/10\/carolina-reaper-hotsauce-150x150.jpg",150,150,true],"medium":["https:\/\/www.macopizza.sk\/wp-content\/uploads\/2024\/10\/carolina-reaper-hotsauce-300x300.jpg",300,300,true],"medium_large":["https:\/\/www.macopizza.sk\/wp-content\/uploads\/2024\/10\/carolina-reaper-hotsauce-768x768.jpg",768,768,true],"large":["https:\/\/www.macopizza.sk\/wp-content\/uploads\/2024\/10\/carolina-reaper-hotsauce-1024x1024.jpg",1024,1024,true],"1536x1536":["https:\/\/www.macopizza.sk\/wp-content\/uploads\/2024\/10\/carolina-reaper-hotsauce.jpg",1200,1200,false],"2048x2048":["https:\/\/www.macopizza.sk\/wp-content\/uploads\/2024\/10\/carolina-reaper-hotsauce.jpg",1200,1200,false],"trp-custom-language-flag":["https:\/\/www.macopizza.sk\/wp-content\/uploads\/2024\/10\/carolina-reaper-hotsauce-12x12.jpg",12,12,true],"woocommerce_thumbnail":["https:\/\/www.macopizza.sk\/wp-content\/uploads\/2024\/10\/carolina-reaper-hotsauce-300x300.jpg",300,300,true],"woocommerce_single":["https:\/\/www.macopizza.sk\/wp-content\/uploads\/2024\/10\/carolina-reaper-hotsauce-600x600.jpg",600,600,true],"woocommerce_gallery_thumbnail":["https:\/\/www.macopizza.sk\/wp-content\/uploads\/2024\/10\/carolina-reaper-hotsauce-100x100.jpg",100,100,true]},"uagb_author_info":{"display_name":"marko","author_link":"https:\/\/www.macopizza.sk\/en\/author\/"},"uagb_comment_info":0,"uagb_excerpt":"Extr\u00e9mne pikantn\u00fd Carolina Reaper dresing\u00a0 pre milovn\u00edkov ostr\u00fdch chut\u00ed. Alerg\u00e9ny: 3,10","_links":{"self":[{"href":"https:\/\/www.macopizza.sk\/en\/wp-json\/wp\/v2\/product\/2009","targetHints":{"allow":["GET"]}}],"collection":[{"href":"https:\/\/www.macopizza.sk\/en\/wp-json\/wp\/v2\/product"}],"about":[{"href":"https:\/\/www.macopizza.sk\/en\/wp-json\/wp\/v2\/types\/product"}],"replies":[{"embeddable":true,"href":"https:\/\/www.macopizza.sk\/en\/wp-json\/wp\/v2\/comments?post=2009"}],"wp:featuredmedia":[{"embeddable":true,"href":"https:\/\/www.macopizza.sk\/en\/wp-json\/wp\/v2\/media\/2014"}],"wp:attachment":[{"href":"https:\/\/www.macopizza.sk\/en\/wp-json\/wp\/v2\/media?parent=2009"}],"wp:term":[{"taxonomy":"product_brand","embeddable":true,"href":"https:\/\/www.macopizza.sk\/en\/wp-json\/wp\/v2\/product_brand?post=2009"},{"taxonomy":"product_cat","embeddable":true,"href":"https:\/\/www.macopizza.sk\/en\/wp-json\/wp\/v2\/product_cat?post=2009"},{"taxonomy":"product_tag","embeddable":true,"href":"https:\/\/www.macopizza.sk\/en\/wp-json\/wp\/v2\/product_tag?post=2009"}],"curies":[{"name":"wp","href":"https:\/\/api.w.org\/{rel}","templated":true}]}}