
{"id":2003,"date":"2024-10-18T17:45:01","date_gmt":"2024-10-18T15:45:01","guid":{"rendered":"https:\/\/www.macopizza.sk\/?post_type=product&#038;p=2003"},"modified":"2025-10-24T21:38:00","modified_gmt":"2025-10-24T19:38:00","slug":"hranolky","status":"publish","type":"product","link":"https:\/\/www.macopizza.sk\/en\/product\/hranolky\/","title":{"rendered":"Hranolky"},"content":{"rendered":"<p>200g zlatist\u00fdch hranoliek s chrumkavou vonkaj\u0161ou vrstvou a m\u00e4kk\u00fdm vn\u00fatrom. Tento jednoduch\u00fd a lahodn\u00fd snack je ide\u00e1lny ako pr\u00edloha k hlavn\u00fdm jedl\u00e1m alebo samostatn\u00e1 poch\u00fa\u0165ka.<\/p>","protected":false},"excerpt":{"rendered":"<p>Klasick\u00e9 200g hranolky, chrumkav\u00e9 a zlatist\u00e9, ide\u00e1lne ako pr\u00edloha alebo snack.<\/p>","protected":false},"featured_media":2250,"comment_status":"open","ping_status":"closed","template":"","meta":{"_uag_custom_page_level_css":"","site-sidebar-layout":"default","site-content-layout":"","ast-site-content-layout":"default","site-content-style":"default","site-sidebar-style":"default","ast-global-header-display":"","ast-banner-title-visibility":"","ast-main-header-display":"","ast-hfb-above-header-display":"","ast-hfb-below-header-display":"","ast-hfb-mobile-header-display":"","site-post-title":"","ast-breadcrumbs-content":"","ast-featured-img":"","footer-sml-layout":"","theme-transparent-header-meta":"default","adv-header-id-meta":"","stick-header-meta":"","header-above-stick-meta":"","header-main-stick-meta":"","header-below-stick-meta":"","astra-migrate-meta-layouts":"set","ast-page-background-enabled":"default","ast-page-background-meta":{"desktop":{"background-color":"var(--ast-global-color-4)","background-image":"","background-repeat":"repeat","background-position":"center center","background-size":"auto","background-attachment":"scroll","background-type":"","background-media":"","overlay-type":"","overlay-color":"","overlay-opacity":"","overlay-gradient":""},"tablet":{"background-color":"","background-image":"","background-repeat":"repeat","background-position":"center center","background-size":"auto","background-attachment":"scroll","background-type":"","background-media":"","overlay-type":"","overlay-color":"","overlay-opacity":"","overlay-gradient":""},"mobile":{"background-color":"","background-image":"","background-repeat":"repeat","background-position":"center center","background-size":"auto","background-attachment":"scroll","background-type":"","background-media":"","overlay-type":"","overlay-color":"","overlay-opacity":"","overlay-gradient":""}},"ast-content-background-meta":{"desktop":{"background-color":"var(--ast-global-color-5)","background-image":"","background-repeat":"repeat","background-position":"center center","background-size":"auto","background-attachment":"scroll","background-type":"","background-media":"","overlay-type":"","overlay-color":"","overlay-opacity":"","overlay-gradient":""},"tablet":{"background-color":"var(--ast-global-color-5)","background-image":"","background-repeat":"repeat","background-position":"center center","background-size":"auto","background-attachment":"scroll","background-type":"","background-media":"","overlay-type":"","overlay-color":"","overlay-opacity":"","overlay-gradient":""},"mobile":{"background-color":"var(--ast-global-color-5)","background-image":"","background-repeat":"repeat","background-position":"center center","background-size":"auto","background-attachment":"scroll","background-type":"","background-media":"","overlay-type":"","overlay-color":"","overlay-opacity":"","overlay-gradient":""}}},"product_brand":[],"product_cat":[53,40],"product_tag":[229,233,178,184,234],"class_list":{"0":"post-2003","1":"product","2":"type-product","3":"status-publish","4":"has-post-thumbnail","6":"product_cat-frit","7":"product_cat-jedlo","8":"product_tag-chrumkave-jedlo","9":"product_tag-hranolky","10":"product_tag-priloha","11":"product_tag-snack","12":"product_tag-zemiakove-jedlo","13":"desktop-align-center","14":"tablet-align-left","15":"mobile-align-left","17":"first","18":"instock","19":"taxable","20":"shipping-taxable","21":"purchasable","22":"product-type-simple"},"yoast_head":"<!-- This site is optimized with the Yoast SEO plugin v24.3 - https:\/\/yoast.com\/wordpress\/plugins\/seo\/ -->\n<title>Hranolky - MacoPizza<\/title>\n<meta name=\"robots\" content=\"index, follow, max-snippet:-1, max-image-preview:large, max-video-preview:-1\" \/>\n<link rel=\"canonical\" href=\"https:\/\/www.macopizza.sk\/en\/product\/hranolky\/\" \/>\n<meta property=\"og:locale\" content=\"en_GB\" \/>\n<meta property=\"og:type\" content=\"article\" \/>\n<meta property=\"og:title\" content=\"Hranolky - MacoPizza\" \/>\n<meta property=\"og:description\" content=\"Klasick\u00e9 200g hranolky, chrumkav\u00e9 a zlatist\u00e9, ide\u00e1lne ako pr\u00edloha alebo snack.\" \/>\n<meta property=\"og:url\" content=\"https:\/\/www.macopizza.sk\/en\/product\/hranolky\/\" \/>\n<meta property=\"og:site_name\" content=\"MacoPizza\" \/>\n<meta property=\"article:publisher\" content=\"https:\/\/www.facebook.com\/profile.php?id=61569012014777\" \/>\n<meta property=\"article:modified_time\" content=\"2025-10-24T19:38:00+00:00\" \/>\n<meta property=\"og:image\" content=\"https:\/\/www.macopizza.sk\/wp-content\/uploads\/2024\/10\/hranolky-1024x768.png\" \/>\n\t<meta property=\"og:image:width\" content=\"1024\" \/>\n\t<meta property=\"og:image:height\" content=\"768\" \/>\n\t<meta property=\"og:image:type\" content=\"image\/png\" \/>\n<meta name=\"twitter:card\" content=\"summary_large_image\" \/>\n<meta name=\"twitter:label1\" content=\"Estimated reading time\" \/>\n\t<meta name=\"twitter:data1\" content=\"1 minute\" \/>\n<script type=\"application\/ld+json\" class=\"yoast-schema-graph\">{\"@context\":\"https:\/\/schema.org\",\"@graph\":[{\"@type\":\"WebPage\",\"@id\":\"https:\/\/www.macopizza.sk\/produkt\/hranolky\/\",\"url\":\"https:\/\/www.macopizza.sk\/produkt\/hranolky\/\",\"name\":\"Hranolky - MacoPizza\",\"isPartOf\":{\"@id\":\"https:\/\/www.macopizza.sk\/#website\"},\"primaryImageOfPage\":{\"@id\":\"https:\/\/www.macopizza.sk\/produkt\/hranolky\/#primaryimage\"},\"image\":{\"@id\":\"https:\/\/www.macopizza.sk\/produkt\/hranolky\/#primaryimage\"},\"thumbnailUrl\":\"https:\/\/www.macopizza.sk\/wp-content\/uploads\/2024\/10\/hranolky.png\",\"datePublished\":\"2024-10-18T15:45:01+00:00\",\"dateModified\":\"2025-10-24T19:38:00+00:00\",\"breadcrumb\":{\"@id\":\"https:\/\/www.macopizza.sk\/produkt\/hranolky\/#breadcrumb\"},\"inLanguage\":\"en-GB\",\"potentialAction\":[{\"@type\":\"ReadAction\",\"target\":[\"https:\/\/www.macopizza.sk\/produkt\/hranolky\/\"]}]},{\"@type\":\"ImageObject\",\"inLanguage\":\"en-GB\",\"@id\":\"https:\/\/www.macopizza.sk\/produkt\/hranolky\/#primaryimage\",\"url\":\"https:\/\/www.macopizza.sk\/wp-content\/uploads\/2024\/10\/hranolky.png\",\"contentUrl\":\"https:\/\/www.macopizza.sk\/wp-content\/uploads\/2024\/10\/hranolky.png\",\"width\":4608,\"height\":3456},{\"@type\":\"BreadcrumbList\",\"@id\":\"https:\/\/www.macopizza.sk\/produkt\/hranolky\/#breadcrumb\",\"itemListElement\":[{\"@type\":\"ListItem\",\"position\":1,\"name\":\"Home\",\"item\":\"https:\/\/www.macopizza.sk\/\"},{\"@type\":\"ListItem\",\"position\":2,\"name\":\"Obchod\",\"item\":\"https:\/\/www.macopizza.sk\/obchod\/\"},{\"@type\":\"ListItem\",\"position\":3,\"name\":\"Hranolky\"}]},{\"@type\":\"WebSite\",\"@id\":\"https:\/\/www.macopizza.sk\/#website\",\"url\":\"https:\/\/www.macopizza.sk\/\",\"name\":\"MacoPizza\",\"description\":\"\",\"publisher\":{\"@id\":\"https:\/\/www.macopizza.sk\/#organization\"},\"potentialAction\":[{\"@type\":\"SearchAction\",\"target\":{\"@type\":\"EntryPoint\",\"urlTemplate\":\"https:\/\/www.macopizza.sk\/?s={search_term_string}\"},\"query-input\":{\"@type\":\"PropertyValueSpecification\",\"valueRequired\":true,\"valueName\":\"search_term_string\"}}],\"inLanguage\":\"en-GB\"},{\"@type\":\"Organization\",\"@id\":\"https:\/\/www.macopizza.sk\/#organization\",\"name\":\"MacoPizza\",\"url\":\"https:\/\/www.macopizza.sk\/\",\"logo\":{\"@type\":\"ImageObject\",\"inLanguage\":\"en-GB\",\"@id\":\"https:\/\/www.macopizza.sk\/#\/schema\/logo\/image\/\",\"url\":\"https:\/\/www.macopizza.sk\/wp-content\/uploads\/2024\/12\/Maco_logo-1.png\",\"contentUrl\":\"https:\/\/www.macopizza.sk\/wp-content\/uploads\/2024\/12\/Maco_logo-1.png\",\"width\":500,\"height\":480,\"caption\":\"MacoPizza\"},\"image\":{\"@id\":\"https:\/\/www.macopizza.sk\/#\/schema\/logo\/image\/\"},\"sameAs\":[\"https:\/\/www.facebook.com\/profile.php?id=61569012014777\"]}]}<\/script>\n<!-- \/ Yoast SEO plugin. -->","yoast_head_json":{"title":"Hranolky - MacoPizza","robots":{"index":"index","follow":"follow","max-snippet":"max-snippet:-1","max-image-preview":"max-image-preview:large","max-video-preview":"max-video-preview:-1"},"canonical":"https:\/\/www.macopizza.sk\/en\/product\/hranolky\/","og_locale":"en_GB","og_type":"article","og_title":"Hranolky - MacoPizza","og_description":"Klasick\u00e9 200g hranolky, chrumkav\u00e9 a zlatist\u00e9, ide\u00e1lne ako pr\u00edloha alebo snack.","og_url":"https:\/\/www.macopizza.sk\/en\/product\/hranolky\/","og_site_name":"MacoPizza","article_publisher":"https:\/\/www.facebook.com\/profile.php?id=61569012014777","article_modified_time":"2025-10-24T19:38:00+00:00","og_image":[{"width":1024,"height":768,"url":"https:\/\/www.macopizza.sk\/wp-content\/uploads\/2024\/10\/hranolky-1024x768.png","type":"image\/png"}],"twitter_card":"summary_large_image","twitter_misc":{"Estimated reading time":"1 minute"},"schema":{"@context":"https:\/\/schema.org","@graph":[{"@type":"WebPage","@id":"https:\/\/www.macopizza.sk\/produkt\/hranolky\/","url":"https:\/\/www.macopizza.sk\/produkt\/hranolky\/","name":"Hranolky - MacoPizza","isPartOf":{"@id":"https:\/\/www.macopizza.sk\/#website"},"primaryImageOfPage":{"@id":"https:\/\/www.macopizza.sk\/produkt\/hranolky\/#primaryimage"},"image":{"@id":"https:\/\/www.macopizza.sk\/produkt\/hranolky\/#primaryimage"},"thumbnailUrl":"https:\/\/www.macopizza.sk\/wp-content\/uploads\/2024\/10\/hranolky.png","datePublished":"2024-10-18T15:45:01+00:00","dateModified":"2025-10-24T19:38:00+00:00","breadcrumb":{"@id":"https:\/\/www.macopizza.sk\/produkt\/hranolky\/#breadcrumb"},"inLanguage":"en-GB","potentialAction":[{"@type":"ReadAction","target":["https:\/\/www.macopizza.sk\/produkt\/hranolky\/"]}]},{"@type":"ImageObject","inLanguage":"en-GB","@id":"https:\/\/www.macopizza.sk\/produkt\/hranolky\/#primaryimage","url":"https:\/\/www.macopizza.sk\/wp-content\/uploads\/2024\/10\/hranolky.png","contentUrl":"https:\/\/www.macopizza.sk\/wp-content\/uploads\/2024\/10\/hranolky.png","width":4608,"height":3456},{"@type":"BreadcrumbList","@id":"https:\/\/www.macopizza.sk\/produkt\/hranolky\/#breadcrumb","itemListElement":[{"@type":"ListItem","position":1,"name":"Home","item":"https:\/\/www.macopizza.sk\/"},{"@type":"ListItem","position":2,"name":"Obchod","item":"https:\/\/www.macopizza.sk\/obchod\/"},{"@type":"ListItem","position":3,"name":"Hranolky"}]},{"@type":"WebSite","@id":"https:\/\/www.macopizza.sk\/#website","url":"https:\/\/www.macopizza.sk\/","name":"MacoPizza","description":"","publisher":{"@id":"https:\/\/www.macopizza.sk\/#organization"},"potentialAction":[{"@type":"SearchAction","target":{"@type":"EntryPoint","urlTemplate":"https:\/\/www.macopizza.sk\/?s={search_term_string}"},"query-input":{"@type":"PropertyValueSpecification","valueRequired":true,"valueName":"search_term_string"}}],"inLanguage":"en-GB"},{"@type":"Organization","@id":"https:\/\/www.macopizza.sk\/#organization","name":"MacoPizza","url":"https:\/\/www.macopizza.sk\/","logo":{"@type":"ImageObject","inLanguage":"en-GB","@id":"https:\/\/www.macopizza.sk\/#\/schema\/logo\/image\/","url":"https:\/\/www.macopizza.sk\/wp-content\/uploads\/2024\/12\/Maco_logo-1.png","contentUrl":"https:\/\/www.macopizza.sk\/wp-content\/uploads\/2024\/12\/Maco_logo-1.png","width":500,"height":480,"caption":"MacoPizza"},"image":{"@id":"https:\/\/www.macopizza.sk\/#\/schema\/logo\/image\/"},"sameAs":["https:\/\/www.facebook.com\/profile.php?id=61569012014777"]}]}},"uagb_featured_image_src":{"full":["https:\/\/www.macopizza.sk\/wp-content\/uploads\/2024\/10\/hranolky.png",4608,3456,false],"thumbnail":["https:\/\/www.macopizza.sk\/wp-content\/uploads\/2024\/10\/hranolky-150x150.png",150,150,true],"medium":["https:\/\/www.macopizza.sk\/wp-content\/uploads\/2024\/10\/hranolky-300x225.png",300,225,true],"medium_large":["https:\/\/www.macopizza.sk\/wp-content\/uploads\/2024\/10\/hranolky-768x576.png",768,576,true],"large":["https:\/\/www.macopizza.sk\/wp-content\/uploads\/2024\/10\/hranolky-1024x768.png",1024,768,true],"1536x1536":["https:\/\/www.macopizza.sk\/wp-content\/uploads\/2024\/10\/hranolky-1536x1152.png",1536,1152,true],"2048x2048":["https:\/\/www.macopizza.sk\/wp-content\/uploads\/2024\/10\/hranolky-2048x1536.png",2048,1536,true],"trp-custom-language-flag":["https:\/\/www.macopizza.sk\/wp-content\/uploads\/2024\/10\/hranolky-16x12.png",16,12,true],"woocommerce_thumbnail":["https:\/\/www.macopizza.sk\/wp-content\/uploads\/2024\/10\/hranolky-300x300.png",300,300,true],"woocommerce_single":["https:\/\/www.macopizza.sk\/wp-content\/uploads\/2024\/10\/hranolky-600x450.png",600,450,true],"woocommerce_gallery_thumbnail":["https:\/\/www.macopizza.sk\/wp-content\/uploads\/2024\/10\/hranolky-100x100.png",100,100,true]},"uagb_author_info":{"display_name":"marko","author_link":"https:\/\/www.macopizza.sk\/en\/author\/"},"uagb_comment_info":0,"uagb_excerpt":"Klasick\u00e9 200g hranolky, chrumkav\u00e9 a zlatist\u00e9, ide\u00e1lne ako pr\u00edloha alebo snack.","_links":{"self":[{"href":"https:\/\/www.macopizza.sk\/en\/wp-json\/wp\/v2\/product\/2003","targetHints":{"allow":["GET"]}}],"collection":[{"href":"https:\/\/www.macopizza.sk\/en\/wp-json\/wp\/v2\/product"}],"about":[{"href":"https:\/\/www.macopizza.sk\/en\/wp-json\/wp\/v2\/types\/product"}],"replies":[{"embeddable":true,"href":"https:\/\/www.macopizza.sk\/en\/wp-json\/wp\/v2\/comments?post=2003"}],"wp:featuredmedia":[{"embeddable":true,"href":"https:\/\/www.macopizza.sk\/en\/wp-json\/wp\/v2\/media\/2250"}],"wp:attachment":[{"href":"https:\/\/www.macopizza.sk\/en\/wp-json\/wp\/v2\/media?parent=2003"}],"wp:term":[{"taxonomy":"product_brand","embeddable":true,"href":"https:\/\/www.macopizza.sk\/en\/wp-json\/wp\/v2\/product_brand?post=2003"},{"taxonomy":"product_cat","embeddable":true,"href":"https:\/\/www.macopizza.sk\/en\/wp-json\/wp\/v2\/product_cat?post=2003"},{"taxonomy":"product_tag","embeddable":true,"href":"https:\/\/www.macopizza.sk\/en\/wp-json\/wp\/v2\/product_tag?post=2003"}],"curies":[{"name":"wp","href":"https:\/\/api.w.org\/{rel}","templated":true}]}}