
{"id":2000,"date":"2024-10-18T17:26:40","date_gmt":"2024-10-18T15:26:40","guid":{"rendered":"https:\/\/www.macopizza.sk\/?post_type=product&#038;p=2000"},"modified":"2025-04-07T14:39:37","modified_gmt":"2025-04-07T12:39:37","slug":"zeleninovy-salat-s-francuzskym-dresingom-a-kuracim-masom","status":"publish","type":"product","link":"https:\/\/www.macopizza.sk\/en\/product\/zeleninovy-salat-s-francuzskym-dresingom-a-kuracim-masom\/","title":{"rendered":"Zeleninov\u00fd \u0161al\u00e1t s franc\u00fazskym dresingom a kurac\u00edm m\u00e4som 450g"},"content":{"rendered":"<p>Tento \u0161al\u00e1t sp\u00e1ja \u010derstv\u00fa zeleninu s 130g \u0161\u0165avnat\u00fdch kurac\u00edch p\u0155s, \u010do z neho rob\u00ed v\u00fddatnej\u0161iu vo\u013ebu. \u013dadov\u00fd \u0161al\u00e1t, paprika, paradajka, uhorka a redkvi\u010dka s\u00fa doplnen\u00e9 franc\u00fazskym dresingom a toastami, ktor\u00e9 prid\u00e1vaj\u00fa \u0161al\u00e1tu skvel\u00fd kontrast v text\u00fare.<\/p>","protected":false},"excerpt":{"rendered":"<p>Zeleninov\u00fd \u0161al\u00e1t s 130g kurac\u00edch p\u0155s, doplnen\u00fd franc\u00fazskym dresingom a chrumkav\u00fdmi toastami.<\/p>\n<p><strong>Alerg\u00e9ny: 1,6,7,10,12<\/strong><\/p>","protected":false},"featured_media":2251,"comment_status":"open","ping_status":"closed","template":"","meta":{"_uag_custom_page_level_css":"","site-sidebar-layout":"default","site-content-layout":"","ast-site-content-layout":"default","site-content-style":"default","site-sidebar-style":"default","ast-global-header-display":"","ast-banner-title-visibility":"","ast-main-header-display":"","ast-hfb-above-header-display":"","ast-hfb-below-header-display":"","ast-hfb-mobile-header-display":"","site-post-title":"","ast-breadcrumbs-content":"","ast-featured-img":"","footer-sml-layout":"","theme-transparent-header-meta":"default","adv-header-id-meta":"","stick-header-meta":"","header-above-stick-meta":"","header-main-stick-meta":"","header-below-stick-meta":"","astra-migrate-meta-layouts":"set","ast-page-background-enabled":"default","ast-page-background-meta":{"desktop":{"background-color":"var(--ast-global-color-4)","background-image":"","background-repeat":"repeat","background-position":"center center","background-size":"auto","background-attachment":"scroll","background-type":"","background-media":"","overlay-type":"","overlay-color":"","overlay-opacity":"","overlay-gradient":""},"tablet":{"background-color":"","background-image":"","background-repeat":"repeat","background-position":"center center","background-size":"auto","background-attachment":"scroll","background-type":"","background-media":"","overlay-type":"","overlay-color":"","overlay-opacity":"","overlay-gradient":""},"mobile":{"background-color":"","background-image":"","background-repeat":"repeat","background-position":"center center","background-size":"auto","background-attachment":"scroll","background-type":"","background-media":"","overlay-type":"","overlay-color":"","overlay-opacity":"","overlay-gradient":""}},"ast-content-background-meta":{"desktop":{"background-color":"var(--ast-global-color-5)","background-image":"","background-repeat":"repeat","background-position":"center center","background-size":"auto","background-attachment":"scroll","background-type":"","background-media":"","overlay-type":"","overlay-color":"","overlay-opacity":"","overlay-gradient":""},"tablet":{"background-color":"var(--ast-global-color-5)","background-image":"","background-repeat":"repeat","background-position":"center center","background-size":"auto","background-attachment":"scroll","background-type":"","background-media":"","overlay-type":"","overlay-color":"","overlay-opacity":"","overlay-gradient":""},"mobile":{"background-color":"var(--ast-global-color-5)","background-image":"","background-repeat":"repeat","background-position":"center center","background-size":"auto","background-attachment":"scroll","background-type":"","background-media":"","overlay-type":"","overlay-color":"","overlay-opacity":"","overlay-gradient":""}}},"product_brand":[],"product_cat":[52],"product_tag":[222,215,223,216,225,224,75],"class_list":{"0":"post-2000","1":"product","2":"type-product","3":"status-publish","4":"has-post-thumbnail","6":"product_cat-salaty","7":"product_tag-francuzsky-dresing","8":"product_tag-kuracie-prsia","9":"product_tag-ladovy-salat","10":"product_tag-salat-s-masom","11":"product_tag-sviezi-salat","12":"product_tag-toasty","13":"product_tag-zeleninovy-salat","14":"desktop-align-center","15":"tablet-align-left","16":"mobile-align-left","18":"first","19":"instock","20":"taxable","21":"shipping-taxable","22":"purchasable","23":"product-type-simple"},"yoast_head":"<!-- This site is optimized with the Yoast SEO plugin v24.3 - https:\/\/yoast.com\/wordpress\/plugins\/seo\/ -->\n<title>Zeleninov\u00fd \u0161al\u00e1t s franc\u00fazskym dresingom a kurac\u00edm m\u00e4som 450g - MacoPizza<\/title>\n<meta name=\"robots\" content=\"index, follow, max-snippet:-1, max-image-preview:large, max-video-preview:-1\" \/>\n<link rel=\"canonical\" href=\"https:\/\/www.macopizza.sk\/en\/product\/zeleninovy-salat-s-francuzskym-dresingom-a-kuracim-masom\/\" \/>\n<meta property=\"og:locale\" content=\"en_GB\" \/>\n<meta property=\"og:type\" content=\"article\" \/>\n<meta property=\"og:title\" content=\"Zeleninov\u00fd \u0161al\u00e1t s franc\u00fazskym dresingom a kurac\u00edm m\u00e4som 450g - MacoPizza\" \/>\n<meta property=\"og:description\" content=\"Zeleninov\u00fd \u0161al\u00e1t s 130g kurac\u00edch p\u0155s, doplnen\u00fd franc\u00fazskym dresingom a chrumkav\u00fdmi toastami.  Alerg\u00e9ny: 1,6,7,10,12\" \/>\n<meta property=\"og:url\" content=\"https:\/\/www.macopizza.sk\/en\/product\/zeleninovy-salat-s-francuzskym-dresingom-a-kuracim-masom\/\" \/>\n<meta property=\"og:site_name\" content=\"MacoPizza\" \/>\n<meta property=\"article:publisher\" content=\"https:\/\/www.facebook.com\/profile.php?id=61569012014777\" \/>\n<meta property=\"article:modified_time\" content=\"2025-04-07T12:39:37+00:00\" \/>\n<meta property=\"og:image\" content=\"https:\/\/www.macopizza.sk\/wp-content\/uploads\/2024\/10\/Zeleninovy-salat-s-kuracim-masom-1024x768.png\" \/>\n\t<meta property=\"og:image:width\" content=\"1024\" \/>\n\t<meta property=\"og:image:height\" content=\"768\" \/>\n\t<meta property=\"og:image:type\" content=\"image\/png\" \/>\n<meta name=\"twitter:card\" content=\"summary_large_image\" \/>\n<script type=\"application\/ld+json\" class=\"yoast-schema-graph\">{\"@context\":\"https:\/\/schema.org\",\"@graph\":[{\"@type\":\"WebPage\",\"@id\":\"https:\/\/www.macopizza.sk\/produkt\/zeleninovy-salat-s-francuzskym-dresingom-a-kuracim-masom\/\",\"url\":\"https:\/\/www.macopizza.sk\/produkt\/zeleninovy-salat-s-francuzskym-dresingom-a-kuracim-masom\/\",\"name\":\"Zeleninov\u00fd \u0161al\u00e1t s franc\u00fazskym dresingom a kurac\u00edm m\u00e4som 450g - MacoPizza\",\"isPartOf\":{\"@id\":\"https:\/\/www.macopizza.sk\/#website\"},\"primaryImageOfPage\":{\"@id\":\"https:\/\/www.macopizza.sk\/produkt\/zeleninovy-salat-s-francuzskym-dresingom-a-kuracim-masom\/#primaryimage\"},\"image\":{\"@id\":\"https:\/\/www.macopizza.sk\/produkt\/zeleninovy-salat-s-francuzskym-dresingom-a-kuracim-masom\/#primaryimage\"},\"thumbnailUrl\":\"https:\/\/www.macopizza.sk\/wp-content\/uploads\/2024\/10\/Zeleninovy-salat-s-kuracim-masom.png\",\"datePublished\":\"2024-10-18T15:26:40+00:00\",\"dateModified\":\"2025-04-07T12:39:37+00:00\",\"breadcrumb\":{\"@id\":\"https:\/\/www.macopizza.sk\/produkt\/zeleninovy-salat-s-francuzskym-dresingom-a-kuracim-masom\/#breadcrumb\"},\"inLanguage\":\"en-GB\",\"potentialAction\":[{\"@type\":\"ReadAction\",\"target\":[\"https:\/\/www.macopizza.sk\/produkt\/zeleninovy-salat-s-francuzskym-dresingom-a-kuracim-masom\/\"]}]},{\"@type\":\"ImageObject\",\"inLanguage\":\"en-GB\",\"@id\":\"https:\/\/www.macopizza.sk\/produkt\/zeleninovy-salat-s-francuzskym-dresingom-a-kuracim-masom\/#primaryimage\",\"url\":\"https:\/\/www.macopizza.sk\/wp-content\/uploads\/2024\/10\/Zeleninovy-salat-s-kuracim-masom.png\",\"contentUrl\":\"https:\/\/www.macopizza.sk\/wp-content\/uploads\/2024\/10\/Zeleninovy-salat-s-kuracim-masom.png\",\"width\":4608,\"height\":3456},{\"@type\":\"BreadcrumbList\",\"@id\":\"https:\/\/www.macopizza.sk\/produkt\/zeleninovy-salat-s-francuzskym-dresingom-a-kuracim-masom\/#breadcrumb\",\"itemListElement\":[{\"@type\":\"ListItem\",\"position\":1,\"name\":\"Home\",\"item\":\"https:\/\/www.macopizza.sk\/\"},{\"@type\":\"ListItem\",\"position\":2,\"name\":\"Obchod\",\"item\":\"https:\/\/www.macopizza.sk\/obchod\/\"},{\"@type\":\"ListItem\",\"position\":3,\"name\":\"Zeleninov\u00fd \u0161al\u00e1t s franc\u00fazskym dresingom a kurac\u00edm m\u00e4som 450g\"}]},{\"@type\":\"WebSite\",\"@id\":\"https:\/\/www.macopizza.sk\/#website\",\"url\":\"https:\/\/www.macopizza.sk\/\",\"name\":\"MacoPizza\",\"description\":\"\",\"publisher\":{\"@id\":\"https:\/\/www.macopizza.sk\/#organization\"},\"potentialAction\":[{\"@type\":\"SearchAction\",\"target\":{\"@type\":\"EntryPoint\",\"urlTemplate\":\"https:\/\/www.macopizza.sk\/?s={search_term_string}\"},\"query-input\":{\"@type\":\"PropertyValueSpecification\",\"valueRequired\":true,\"valueName\":\"search_term_string\"}}],\"inLanguage\":\"en-GB\"},{\"@type\":\"Organization\",\"@id\":\"https:\/\/www.macopizza.sk\/#organization\",\"name\":\"MacoPizza\",\"url\":\"https:\/\/www.macopizza.sk\/\",\"logo\":{\"@type\":\"ImageObject\",\"inLanguage\":\"en-GB\",\"@id\":\"https:\/\/www.macopizza.sk\/#\/schema\/logo\/image\/\",\"url\":\"https:\/\/www.macopizza.sk\/wp-content\/uploads\/2024\/12\/Maco_logo-1.png\",\"contentUrl\":\"https:\/\/www.macopizza.sk\/wp-content\/uploads\/2024\/12\/Maco_logo-1.png\",\"width\":500,\"height\":480,\"caption\":\"MacoPizza\"},\"image\":{\"@id\":\"https:\/\/www.macopizza.sk\/#\/schema\/logo\/image\/\"},\"sameAs\":[\"https:\/\/www.facebook.com\/profile.php?id=61569012014777\"]}]}<\/script>\n<!-- \/ Yoast SEO plugin. -->","yoast_head_json":{"title":"Zeleninov\u00fd \u0161al\u00e1t s franc\u00fazskym dresingom a kurac\u00edm m\u00e4som 450g - MacoPizza","robots":{"index":"index","follow":"follow","max-snippet":"max-snippet:-1","max-image-preview":"max-image-preview:large","max-video-preview":"max-video-preview:-1"},"canonical":"https:\/\/www.macopizza.sk\/en\/product\/zeleninovy-salat-s-francuzskym-dresingom-a-kuracim-masom\/","og_locale":"en_GB","og_type":"article","og_title":"Zeleninov\u00fd \u0161al\u00e1t s franc\u00fazskym dresingom a kurac\u00edm m\u00e4som 450g - MacoPizza","og_description":"Zeleninov\u00fd \u0161al\u00e1t s 130g kurac\u00edch p\u0155s, doplnen\u00fd franc\u00fazskym dresingom a chrumkav\u00fdmi toastami.  Alerg\u00e9ny: 1,6,7,10,12","og_url":"https:\/\/www.macopizza.sk\/en\/product\/zeleninovy-salat-s-francuzskym-dresingom-a-kuracim-masom\/","og_site_name":"MacoPizza","article_publisher":"https:\/\/www.facebook.com\/profile.php?id=61569012014777","article_modified_time":"2025-04-07T12:39:37+00:00","og_image":[{"width":1024,"height":768,"url":"https:\/\/www.macopizza.sk\/wp-content\/uploads\/2024\/10\/Zeleninovy-salat-s-kuracim-masom-1024x768.png","type":"image\/png"}],"twitter_card":"summary_large_image","schema":{"@context":"https:\/\/schema.org","@graph":[{"@type":"WebPage","@id":"https:\/\/www.macopizza.sk\/produkt\/zeleninovy-salat-s-francuzskym-dresingom-a-kuracim-masom\/","url":"https:\/\/www.macopizza.sk\/produkt\/zeleninovy-salat-s-francuzskym-dresingom-a-kuracim-masom\/","name":"Zeleninov\u00fd \u0161al\u00e1t s franc\u00fazskym dresingom a kurac\u00edm m\u00e4som 450g - MacoPizza","isPartOf":{"@id":"https:\/\/www.macopizza.sk\/#website"},"primaryImageOfPage":{"@id":"https:\/\/www.macopizza.sk\/produkt\/zeleninovy-salat-s-francuzskym-dresingom-a-kuracim-masom\/#primaryimage"},"image":{"@id":"https:\/\/www.macopizza.sk\/produkt\/zeleninovy-salat-s-francuzskym-dresingom-a-kuracim-masom\/#primaryimage"},"thumbnailUrl":"https:\/\/www.macopizza.sk\/wp-content\/uploads\/2024\/10\/Zeleninovy-salat-s-kuracim-masom.png","datePublished":"2024-10-18T15:26:40+00:00","dateModified":"2025-04-07T12:39:37+00:00","breadcrumb":{"@id":"https:\/\/www.macopizza.sk\/produkt\/zeleninovy-salat-s-francuzskym-dresingom-a-kuracim-masom\/#breadcrumb"},"inLanguage":"en-GB","potentialAction":[{"@type":"ReadAction","target":["https:\/\/www.macopizza.sk\/produkt\/zeleninovy-salat-s-francuzskym-dresingom-a-kuracim-masom\/"]}]},{"@type":"ImageObject","inLanguage":"en-GB","@id":"https:\/\/www.macopizza.sk\/produkt\/zeleninovy-salat-s-francuzskym-dresingom-a-kuracim-masom\/#primaryimage","url":"https:\/\/www.macopizza.sk\/wp-content\/uploads\/2024\/10\/Zeleninovy-salat-s-kuracim-masom.png","contentUrl":"https:\/\/www.macopizza.sk\/wp-content\/uploads\/2024\/10\/Zeleninovy-salat-s-kuracim-masom.png","width":4608,"height":3456},{"@type":"BreadcrumbList","@id":"https:\/\/www.macopizza.sk\/produkt\/zeleninovy-salat-s-francuzskym-dresingom-a-kuracim-masom\/#breadcrumb","itemListElement":[{"@type":"ListItem","position":1,"name":"Home","item":"https:\/\/www.macopizza.sk\/"},{"@type":"ListItem","position":2,"name":"Obchod","item":"https:\/\/www.macopizza.sk\/obchod\/"},{"@type":"ListItem","position":3,"name":"Zeleninov\u00fd \u0161al\u00e1t s franc\u00fazskym dresingom a kurac\u00edm m\u00e4som 450g"}]},{"@type":"WebSite","@id":"https:\/\/www.macopizza.sk\/#website","url":"https:\/\/www.macopizza.sk\/","name":"MacoPizza","description":"","publisher":{"@id":"https:\/\/www.macopizza.sk\/#organization"},"potentialAction":[{"@type":"SearchAction","target":{"@type":"EntryPoint","urlTemplate":"https:\/\/www.macopizza.sk\/?s={search_term_string}"},"query-input":{"@type":"PropertyValueSpecification","valueRequired":true,"valueName":"search_term_string"}}],"inLanguage":"en-GB"},{"@type":"Organization","@id":"https:\/\/www.macopizza.sk\/#organization","name":"MacoPizza","url":"https:\/\/www.macopizza.sk\/","logo":{"@type":"ImageObject","inLanguage":"en-GB","@id":"https:\/\/www.macopizza.sk\/#\/schema\/logo\/image\/","url":"https:\/\/www.macopizza.sk\/wp-content\/uploads\/2024\/12\/Maco_logo-1.png","contentUrl":"https:\/\/www.macopizza.sk\/wp-content\/uploads\/2024\/12\/Maco_logo-1.png","width":500,"height":480,"caption":"MacoPizza"},"image":{"@id":"https:\/\/www.macopizza.sk\/#\/schema\/logo\/image\/"},"sameAs":["https:\/\/www.facebook.com\/profile.php?id=61569012014777"]}]}},"uagb_featured_image_src":{"full":["https:\/\/www.macopizza.sk\/wp-content\/uploads\/2024\/10\/Zeleninovy-salat-s-kuracim-masom.png",4608,3456,false],"thumbnail":["https:\/\/www.macopizza.sk\/wp-content\/uploads\/2024\/10\/Zeleninovy-salat-s-kuracim-masom-150x150.png",150,150,true],"medium":["https:\/\/www.macopizza.sk\/wp-content\/uploads\/2024\/10\/Zeleninovy-salat-s-kuracim-masom-300x225.png",300,225,true],"medium_large":["https:\/\/www.macopizza.sk\/wp-content\/uploads\/2024\/10\/Zeleninovy-salat-s-kuracim-masom-768x576.png",768,576,true],"large":["https:\/\/www.macopizza.sk\/wp-content\/uploads\/2024\/10\/Zeleninovy-salat-s-kuracim-masom-1024x768.png",1024,768,true],"1536x1536":["https:\/\/www.macopizza.sk\/wp-content\/uploads\/2024\/10\/Zeleninovy-salat-s-kuracim-masom-1536x1152.png",1536,1152,true],"2048x2048":["https:\/\/www.macopizza.sk\/wp-content\/uploads\/2024\/10\/Zeleninovy-salat-s-kuracim-masom-2048x1536.png",2048,1536,true],"trp-custom-language-flag":["https:\/\/www.macopizza.sk\/wp-content\/uploads\/2024\/10\/Zeleninovy-salat-s-kuracim-masom-16x12.png",16,12,true],"woocommerce_thumbnail":["https:\/\/www.macopizza.sk\/wp-content\/uploads\/2024\/10\/Zeleninovy-salat-s-kuracim-masom-300x300.png",300,300,true],"woocommerce_single":["https:\/\/www.macopizza.sk\/wp-content\/uploads\/2024\/10\/Zeleninovy-salat-s-kuracim-masom-600x450.png",600,450,true],"woocommerce_gallery_thumbnail":["https:\/\/www.macopizza.sk\/wp-content\/uploads\/2024\/10\/Zeleninovy-salat-s-kuracim-masom-100x100.png",100,100,true]},"uagb_author_info":{"display_name":"marko","author_link":"https:\/\/www.macopizza.sk\/en\/author\/"},"uagb_comment_info":0,"uagb_excerpt":"Zeleninov\u00fd \u0161al\u00e1t s 130g kurac\u00edch p\u0155s, doplnen\u00fd franc\u00fazskym dresingom a chrumkav\u00fdmi toastami. Alerg\u00e9ny: 1,6,7,10,12","_links":{"self":[{"href":"https:\/\/www.macopizza.sk\/en\/wp-json\/wp\/v2\/product\/2000","targetHints":{"allow":["GET"]}}],"collection":[{"href":"https:\/\/www.macopizza.sk\/en\/wp-json\/wp\/v2\/product"}],"about":[{"href":"https:\/\/www.macopizza.sk\/en\/wp-json\/wp\/v2\/types\/product"}],"replies":[{"embeddable":true,"href":"https:\/\/www.macopizza.sk\/en\/wp-json\/wp\/v2\/comments?post=2000"}],"wp:featuredmedia":[{"embeddable":true,"href":"https:\/\/www.macopizza.sk\/en\/wp-json\/wp\/v2\/media\/2251"}],"wp:attachment":[{"href":"https:\/\/www.macopizza.sk\/en\/wp-json\/wp\/v2\/media?parent=2000"}],"wp:term":[{"taxonomy":"product_brand","embeddable":true,"href":"https:\/\/www.macopizza.sk\/en\/wp-json\/wp\/v2\/product_brand?post=2000"},{"taxonomy":"product_cat","embeddable":true,"href":"https:\/\/www.macopizza.sk\/en\/wp-json\/wp\/v2\/product_cat?post=2000"},{"taxonomy":"product_tag","embeddable":true,"href":"https:\/\/www.macopizza.sk\/en\/wp-json\/wp\/v2\/product_tag?post=2000"}],"curies":[{"name":"wp","href":"https:\/\/api.w.org\/{rel}","templated":true}]}}