
{"id":1993,"date":"2024-10-18T17:13:58","date_gmt":"2024-10-18T15:13:58","guid":{"rendered":"https:\/\/www.macopizza.sk\/?post_type=product&#038;p=1993"},"modified":"2025-10-24T21:42:30","modified_gmt":"2025-10-24T19:42:30","slug":"jalapeno-%f0%9f%8c%b6%ef%b8%8f","status":"publish","type":"product","link":"https:\/\/www.macopizza.sk\/en\/product\/jalapeno-%f0%9f%8c%b6%ef%b8%8f\/","title":{"rendered":"Jalapeno \ud83c\udf36\ufe0f"},"content":{"rendered":"<p>Jalapeno burger obsahuje 180g hov\u00e4dzieho chuck roll m\u00e4sa, chedar, burger dresing, \u0161al\u00e1t, paradajku, kysl\u00fa uhorku, \u010derven\u00fa cibu\u013eu, pikantn\u00e9 jalapeno papri\u010dky a sriracha om\u00e1\u010dku, ktor\u00e1 prid\u00e1va \u010fal\u0161\u00ed \u0161tip\u013eav\u00fd rozmer.<\/p>","protected":false},"excerpt":{"rendered":"<p>Pikantn\u00fd burger s 180g chuck roll m\u00e4som, chedarom, jalapeno papri\u010dkami a srirachou pre t\u00fdch, ktor\u00ed miluj\u00fa ostr\u00e9 chute.<\/p>\n<p><strong>Alerg\u00e9ny: 1,3,7,10,11<\/strong><\/p>","protected":false},"featured_media":2254,"comment_status":"open","ping_status":"closed","template":"","meta":{"_uag_custom_page_level_css":"","site-sidebar-layout":"default","site-content-layout":"","ast-site-content-layout":"default","site-content-style":"default","site-sidebar-style":"default","ast-global-header-display":"","ast-banner-title-visibility":"","ast-main-header-display":"","ast-hfb-above-header-display":"","ast-hfb-below-header-display":"","ast-hfb-mobile-header-display":"","site-post-title":"","ast-breadcrumbs-content":"","ast-featured-img":"","footer-sml-layout":"","theme-transparent-header-meta":"default","adv-header-id-meta":"","stick-header-meta":"","header-above-stick-meta":"","header-main-stick-meta":"","header-below-stick-meta":"","astra-migrate-meta-layouts":"set","ast-page-background-enabled":"default","ast-page-background-meta":{"desktop":{"background-color":"var(--ast-global-color-4)","background-image":"","background-repeat":"repeat","background-position":"center center","background-size":"auto","background-attachment":"scroll","background-type":"","background-media":"","overlay-type":"","overlay-color":"","overlay-opacity":"","overlay-gradient":""},"tablet":{"background-color":"","background-image":"","background-repeat":"repeat","background-position":"center center","background-size":"auto","background-attachment":"scroll","background-type":"","background-media":"","overlay-type":"","overlay-color":"","overlay-opacity":"","overlay-gradient":""},"mobile":{"background-color":"","background-image":"","background-repeat":"repeat","background-position":"center center","background-size":"auto","background-attachment":"scroll","background-type":"","background-media":"","overlay-type":"","overlay-color":"","overlay-opacity":"","overlay-gradient":""}},"ast-content-background-meta":{"desktop":{"background-color":"var(--ast-global-color-5)","background-image":"","background-repeat":"repeat","background-position":"center center","background-size":"auto","background-attachment":"scroll","background-type":"","background-media":"","overlay-type":"","overlay-color":"","overlay-opacity":"","overlay-gradient":""},"tablet":{"background-color":"var(--ast-global-color-5)","background-image":"","background-repeat":"repeat","background-position":"center center","background-size":"auto","background-attachment":"scroll","background-type":"","background-media":"","overlay-type":"","overlay-color":"","overlay-opacity":"","overlay-gradient":""},"mobile":{"background-color":"var(--ast-global-color-5)","background-image":"","background-repeat":"repeat","background-position":"center center","background-size":"auto","background-attachment":"scroll","background-type":"","background-media":"","overlay-type":"","overlay-color":"","overlay-opacity":"","overlay-gradient":""}}},"product_brand":[],"product_cat":[51],"product_tag":[272,196,179,67,203,205,202,204,201],"class_list":{"0":"post-1993","1":"product","2":"type-product","3":"status-publish","4":"has-post-thumbnail","6":"product_cat-burgre","7":"product_tag-alergen-1-a-3-a-7-a-10-a-11","8":"product_tag-burger","9":"product_tag-chedar","10":"product_tag-hovadzi-burger","11":"product_tag-jalapeno","12":"product_tag-ostry-burger","13":"product_tag-pikantny-burger","14":"product_tag-sriracha","15":"product_tag-stavnaty-burger","16":"desktop-align-center","17":"tablet-align-left","18":"mobile-align-left","20":"first","21":"instock","22":"taxable","23":"shipping-taxable","24":"purchasable","25":"product-type-simple"},"yoast_head":"<!-- This site is optimized with the Yoast SEO plugin v24.3 - https:\/\/yoast.com\/wordpress\/plugins\/seo\/ -->\n<title>Jalapeno \ud83c\udf36\ufe0f - MacoPizza<\/title>\n<meta name=\"robots\" content=\"index, follow, max-snippet:-1, max-image-preview:large, max-video-preview:-1\" \/>\n<link rel=\"canonical\" href=\"https:\/\/www.macopizza.sk\/en\/product\/jalapeno-\ud83c\udf36\ufe0f\/\" \/>\n<meta property=\"og:locale\" content=\"en_GB\" \/>\n<meta property=\"og:type\" content=\"article\" \/>\n<meta property=\"og:title\" content=\"Jalapeno \ud83c\udf36\ufe0f - MacoPizza\" \/>\n<meta property=\"og:description\" content=\"Pikantn\u00fd burger s 180g chuck roll m\u00e4som, chedarom, jalapeno papri\u010dkami a srirachou pre t\u00fdch, ktor\u00ed miluj\u00fa ostr\u00e9 chute.  Alerg\u00e9ny: 1,3,7,10,11\" \/>\n<meta property=\"og:url\" content=\"https:\/\/www.macopizza.sk\/en\/product\/jalapeno-\ud83c\udf36\ufe0f\/\" \/>\n<meta property=\"og:site_name\" content=\"MacoPizza\" \/>\n<meta property=\"article:publisher\" content=\"https:\/\/www.facebook.com\/profile.php?id=61569012014777\" \/>\n<meta property=\"article:modified_time\" content=\"2025-10-24T19:42:30+00:00\" \/>\n<meta property=\"og:image\" content=\"https:\/\/www.macopizza.sk\/wp-content\/uploads\/2024\/10\/burger-klasik-jalapeno-1024x768.png\" \/>\n\t<meta property=\"og:image:width\" content=\"1024\" \/>\n\t<meta property=\"og:image:height\" content=\"768\" \/>\n\t<meta property=\"og:image:type\" content=\"image\/png\" \/>\n<meta name=\"twitter:card\" content=\"summary_large_image\" \/>\n<script type=\"application\/ld+json\" class=\"yoast-schema-graph\">{\"@context\":\"https:\/\/schema.org\",\"@graph\":[{\"@type\":\"WebPage\",\"@id\":\"https:\/\/www.macopizza.sk\/produkt\/jalapeno-%f0%9f%8c%b6%ef%b8%8f\/\",\"url\":\"https:\/\/www.macopizza.sk\/produkt\/jalapeno-%f0%9f%8c%b6%ef%b8%8f\/\",\"name\":\"Jalapeno \ud83c\udf36\ufe0f - MacoPizza\",\"isPartOf\":{\"@id\":\"https:\/\/www.macopizza.sk\/#website\"},\"primaryImageOfPage\":{\"@id\":\"https:\/\/www.macopizza.sk\/produkt\/jalapeno-%f0%9f%8c%b6%ef%b8%8f\/#primaryimage\"},\"image\":{\"@id\":\"https:\/\/www.macopizza.sk\/produkt\/jalapeno-%f0%9f%8c%b6%ef%b8%8f\/#primaryimage\"},\"thumbnailUrl\":\"https:\/\/www.macopizza.sk\/wp-content\/uploads\/2024\/10\/burger-klasik-jalapeno.png\",\"datePublished\":\"2024-10-18T15:13:58+00:00\",\"dateModified\":\"2025-10-24T19:42:30+00:00\",\"breadcrumb\":{\"@id\":\"https:\/\/www.macopizza.sk\/produkt\/jalapeno-%f0%9f%8c%b6%ef%b8%8f\/#breadcrumb\"},\"inLanguage\":\"en-GB\",\"potentialAction\":[{\"@type\":\"ReadAction\",\"target\":[\"https:\/\/www.macopizza.sk\/produkt\/jalapeno-%f0%9f%8c%b6%ef%b8%8f\/\"]}]},{\"@type\":\"ImageObject\",\"inLanguage\":\"en-GB\",\"@id\":\"https:\/\/www.macopizza.sk\/produkt\/jalapeno-%f0%9f%8c%b6%ef%b8%8f\/#primaryimage\",\"url\":\"https:\/\/www.macopizza.sk\/wp-content\/uploads\/2024\/10\/burger-klasik-jalapeno.png\",\"contentUrl\":\"https:\/\/www.macopizza.sk\/wp-content\/uploads\/2024\/10\/burger-klasik-jalapeno.png\",\"width\":4608,\"height\":3456},{\"@type\":\"BreadcrumbList\",\"@id\":\"https:\/\/www.macopizza.sk\/produkt\/jalapeno-%f0%9f%8c%b6%ef%b8%8f\/#breadcrumb\",\"itemListElement\":[{\"@type\":\"ListItem\",\"position\":1,\"name\":\"Home\",\"item\":\"https:\/\/www.macopizza.sk\/\"},{\"@type\":\"ListItem\",\"position\":2,\"name\":\"Obchod\",\"item\":\"https:\/\/www.macopizza.sk\/obchod\/\"},{\"@type\":\"ListItem\",\"position\":3,\"name\":\"Jalapeno \ud83c\udf36\ufe0f\"}]},{\"@type\":\"WebSite\",\"@id\":\"https:\/\/www.macopizza.sk\/#website\",\"url\":\"https:\/\/www.macopizza.sk\/\",\"name\":\"MacoPizza\",\"description\":\"\",\"publisher\":{\"@id\":\"https:\/\/www.macopizza.sk\/#organization\"},\"potentialAction\":[{\"@type\":\"SearchAction\",\"target\":{\"@type\":\"EntryPoint\",\"urlTemplate\":\"https:\/\/www.macopizza.sk\/?s={search_term_string}\"},\"query-input\":{\"@type\":\"PropertyValueSpecification\",\"valueRequired\":true,\"valueName\":\"search_term_string\"}}],\"inLanguage\":\"en-GB\"},{\"@type\":\"Organization\",\"@id\":\"https:\/\/www.macopizza.sk\/#organization\",\"name\":\"MacoPizza\",\"url\":\"https:\/\/www.macopizza.sk\/\",\"logo\":{\"@type\":\"ImageObject\",\"inLanguage\":\"en-GB\",\"@id\":\"https:\/\/www.macopizza.sk\/#\/schema\/logo\/image\/\",\"url\":\"https:\/\/www.macopizza.sk\/wp-content\/uploads\/2024\/12\/Maco_logo-1.png\",\"contentUrl\":\"https:\/\/www.macopizza.sk\/wp-content\/uploads\/2024\/12\/Maco_logo-1.png\",\"width\":500,\"height\":480,\"caption\":\"MacoPizza\"},\"image\":{\"@id\":\"https:\/\/www.macopizza.sk\/#\/schema\/logo\/image\/\"},\"sameAs\":[\"https:\/\/www.facebook.com\/profile.php?id=61569012014777\"]}]}<\/script>\n<!-- \/ Yoast SEO plugin. -->","yoast_head_json":{"title":"Jalapeno \ud83c\udf36\ufe0f - MacoPizza","robots":{"index":"index","follow":"follow","max-snippet":"max-snippet:-1","max-image-preview":"max-image-preview:large","max-video-preview":"max-video-preview:-1"},"canonical":"https:\/\/www.macopizza.sk\/en\/product\/jalapeno-\ud83c\udf36\ufe0f\/","og_locale":"en_GB","og_type":"article","og_title":"Jalapeno \ud83c\udf36\ufe0f - MacoPizza","og_description":"Pikantn\u00fd burger s 180g chuck roll m\u00e4som, chedarom, jalapeno papri\u010dkami a srirachou pre t\u00fdch, ktor\u00ed miluj\u00fa ostr\u00e9 chute.  Alerg\u00e9ny: 1,3,7,10,11","og_url":"https:\/\/www.macopizza.sk\/en\/product\/jalapeno-\ud83c\udf36\ufe0f\/","og_site_name":"MacoPizza","article_publisher":"https:\/\/www.facebook.com\/profile.php?id=61569012014777","article_modified_time":"2025-10-24T19:42:30+00:00","og_image":[{"width":1024,"height":768,"url":"https:\/\/www.macopizza.sk\/wp-content\/uploads\/2024\/10\/burger-klasik-jalapeno-1024x768.png","type":"image\/png"}],"twitter_card":"summary_large_image","schema":{"@context":"https:\/\/schema.org","@graph":[{"@type":"WebPage","@id":"https:\/\/www.macopizza.sk\/produkt\/jalapeno-%f0%9f%8c%b6%ef%b8%8f\/","url":"https:\/\/www.macopizza.sk\/produkt\/jalapeno-%f0%9f%8c%b6%ef%b8%8f\/","name":"Jalapeno \ud83c\udf36\ufe0f - MacoPizza","isPartOf":{"@id":"https:\/\/www.macopizza.sk\/#website"},"primaryImageOfPage":{"@id":"https:\/\/www.macopizza.sk\/produkt\/jalapeno-%f0%9f%8c%b6%ef%b8%8f\/#primaryimage"},"image":{"@id":"https:\/\/www.macopizza.sk\/produkt\/jalapeno-%f0%9f%8c%b6%ef%b8%8f\/#primaryimage"},"thumbnailUrl":"https:\/\/www.macopizza.sk\/wp-content\/uploads\/2024\/10\/burger-klasik-jalapeno.png","datePublished":"2024-10-18T15:13:58+00:00","dateModified":"2025-10-24T19:42:30+00:00","breadcrumb":{"@id":"https:\/\/www.macopizza.sk\/produkt\/jalapeno-%f0%9f%8c%b6%ef%b8%8f\/#breadcrumb"},"inLanguage":"en-GB","potentialAction":[{"@type":"ReadAction","target":["https:\/\/www.macopizza.sk\/produkt\/jalapeno-%f0%9f%8c%b6%ef%b8%8f\/"]}]},{"@type":"ImageObject","inLanguage":"en-GB","@id":"https:\/\/www.macopizza.sk\/produkt\/jalapeno-%f0%9f%8c%b6%ef%b8%8f\/#primaryimage","url":"https:\/\/www.macopizza.sk\/wp-content\/uploads\/2024\/10\/burger-klasik-jalapeno.png","contentUrl":"https:\/\/www.macopizza.sk\/wp-content\/uploads\/2024\/10\/burger-klasik-jalapeno.png","width":4608,"height":3456},{"@type":"BreadcrumbList","@id":"https:\/\/www.macopizza.sk\/produkt\/jalapeno-%f0%9f%8c%b6%ef%b8%8f\/#breadcrumb","itemListElement":[{"@type":"ListItem","position":1,"name":"Home","item":"https:\/\/www.macopizza.sk\/"},{"@type":"ListItem","position":2,"name":"Obchod","item":"https:\/\/www.macopizza.sk\/obchod\/"},{"@type":"ListItem","position":3,"name":"Jalapeno \ud83c\udf36\ufe0f"}]},{"@type":"WebSite","@id":"https:\/\/www.macopizza.sk\/#website","url":"https:\/\/www.macopizza.sk\/","name":"MacoPizza","description":"","publisher":{"@id":"https:\/\/www.macopizza.sk\/#organization"},"potentialAction":[{"@type":"SearchAction","target":{"@type":"EntryPoint","urlTemplate":"https:\/\/www.macopizza.sk\/?s={search_term_string}"},"query-input":{"@type":"PropertyValueSpecification","valueRequired":true,"valueName":"search_term_string"}}],"inLanguage":"en-GB"},{"@type":"Organization","@id":"https:\/\/www.macopizza.sk\/#organization","name":"MacoPizza","url":"https:\/\/www.macopizza.sk\/","logo":{"@type":"ImageObject","inLanguage":"en-GB","@id":"https:\/\/www.macopizza.sk\/#\/schema\/logo\/image\/","url":"https:\/\/www.macopizza.sk\/wp-content\/uploads\/2024\/12\/Maco_logo-1.png","contentUrl":"https:\/\/www.macopizza.sk\/wp-content\/uploads\/2024\/12\/Maco_logo-1.png","width":500,"height":480,"caption":"MacoPizza"},"image":{"@id":"https:\/\/www.macopizza.sk\/#\/schema\/logo\/image\/"},"sameAs":["https:\/\/www.facebook.com\/profile.php?id=61569012014777"]}]}},"uagb_featured_image_src":{"full":["https:\/\/www.macopizza.sk\/wp-content\/uploads\/2024\/10\/burger-klasik-jalapeno.png",4608,3456,false],"thumbnail":["https:\/\/www.macopizza.sk\/wp-content\/uploads\/2024\/10\/burger-klasik-jalapeno-150x150.png",150,150,true],"medium":["https:\/\/www.macopizza.sk\/wp-content\/uploads\/2024\/10\/burger-klasik-jalapeno-300x225.png",300,225,true],"medium_large":["https:\/\/www.macopizza.sk\/wp-content\/uploads\/2024\/10\/burger-klasik-jalapeno-768x576.png",768,576,true],"large":["https:\/\/www.macopizza.sk\/wp-content\/uploads\/2024\/10\/burger-klasik-jalapeno-1024x768.png",1024,768,true],"1536x1536":["https:\/\/www.macopizza.sk\/wp-content\/uploads\/2024\/10\/burger-klasik-jalapeno-1536x1152.png",1536,1152,true],"2048x2048":["https:\/\/www.macopizza.sk\/wp-content\/uploads\/2024\/10\/burger-klasik-jalapeno-2048x1536.png",2048,1536,true],"trp-custom-language-flag":["https:\/\/www.macopizza.sk\/wp-content\/uploads\/2024\/10\/burger-klasik-jalapeno-16x12.png",16,12,true],"woocommerce_thumbnail":["https:\/\/www.macopizza.sk\/wp-content\/uploads\/2024\/10\/burger-klasik-jalapeno-300x300.png",300,300,true],"woocommerce_single":["https:\/\/www.macopizza.sk\/wp-content\/uploads\/2024\/10\/burger-klasik-jalapeno-600x450.png",600,450,true],"woocommerce_gallery_thumbnail":["https:\/\/www.macopizza.sk\/wp-content\/uploads\/2024\/10\/burger-klasik-jalapeno-100x100.png",100,100,true]},"uagb_author_info":{"display_name":"marko","author_link":"https:\/\/www.macopizza.sk\/en\/author\/"},"uagb_comment_info":0,"uagb_excerpt":"Pikantn\u00fd burger s 180g chuck roll m\u00e4som, chedarom, jalapeno papri\u010dkami a srirachou pre t\u00fdch, ktor\u00ed miluj\u00fa ostr\u00e9 chute. Alerg\u00e9ny: 1,3,7,10,11","_links":{"self":[{"href":"https:\/\/www.macopizza.sk\/en\/wp-json\/wp\/v2\/product\/1993","targetHints":{"allow":["GET"]}}],"collection":[{"href":"https:\/\/www.macopizza.sk\/en\/wp-json\/wp\/v2\/product"}],"about":[{"href":"https:\/\/www.macopizza.sk\/en\/wp-json\/wp\/v2\/types\/product"}],"replies":[{"embeddable":true,"href":"https:\/\/www.macopizza.sk\/en\/wp-json\/wp\/v2\/comments?post=1993"}],"wp:featuredmedia":[{"embeddable":true,"href":"https:\/\/www.macopizza.sk\/en\/wp-json\/wp\/v2\/media\/2254"}],"wp:attachment":[{"href":"https:\/\/www.macopizza.sk\/en\/wp-json\/wp\/v2\/media?parent=1993"}],"wp:term":[{"taxonomy":"product_brand","embeddable":true,"href":"https:\/\/www.macopizza.sk\/en\/wp-json\/wp\/v2\/product_brand?post=1993"},{"taxonomy":"product_cat","embeddable":true,"href":"https:\/\/www.macopizza.sk\/en\/wp-json\/wp\/v2\/product_cat?post=1993"},{"taxonomy":"product_tag","embeddable":true,"href":"https:\/\/www.macopizza.sk\/en\/wp-json\/wp\/v2\/product_tag?post=1993"}],"curies":[{"name":"wp","href":"https:\/\/api.w.org\/{rel}","templated":true}]}}