
{"id":1967,"date":"2024-10-18T16:38:43","date_gmt":"2024-10-18T14:38:43","guid":{"rendered":"https:\/\/www.macopizza.sk\/?post_type=product&#038;p=1967"},"modified":"2025-10-24T21:46:12","modified_gmt":"2025-10-24T19:46:12","slug":"extra-chilli","status":"publish","type":"product","link":"https:\/\/www.macopizza.sk\/en\/product\/extra-chilli\/","title":{"rendered":"Extra Chilli \ud83c\udf36\ufe0f\ud83c\udf36\ufe0f\ud83c\udf36\ufe0f 620g"},"content":{"rendered":"<p>Pizza Extra Chilli je pre t\u00fdch, ktor\u00ed miluj\u00fa extr\u00e9mne pikantn\u00e9 jedl\u00e1. Kombin\u00e1cia pikantnej sal\u00e1my, pikantnej klob\u00e1sy, chilli, fefer\u00f3nok a carolina reaper na paradajkovom z\u00e1klade v\u00e1s zaru\u010dene rozp\u00e1li. Perfektn\u00e1 vo\u013eba pre fan\u00fa\u0161ikov ostr\u00fdch chut\u00ed.<\/p>","protected":false},"excerpt":{"rendered":"<p>pomodoro, mozzarella, oregano, pikantn\u00e1 sal\u00e1ma, pikantn\u00e1 klob\u00e1sa, chilli, fefer\u00f3ny, carolina reaper<\/p>\n<p><strong>Alerg\u00e9ny: 1,7<\/strong><\/p>","protected":false},"featured_media":2322,"comment_status":"open","ping_status":"closed","template":"","meta":{"_uag_custom_page_level_css":"","site-sidebar-layout":"default","site-content-layout":"","ast-site-content-layout":"default","site-content-style":"default","site-sidebar-style":"default","ast-global-header-display":"","ast-banner-title-visibility":"","ast-main-header-display":"","ast-hfb-above-header-display":"","ast-hfb-below-header-display":"","ast-hfb-mobile-header-display":"","site-post-title":"","ast-breadcrumbs-content":"","ast-featured-img":"","footer-sml-layout":"","theme-transparent-header-meta":"default","adv-header-id-meta":"","stick-header-meta":"","header-above-stick-meta":"","header-main-stick-meta":"","header-below-stick-meta":"","astra-migrate-meta-layouts":"set","ast-page-background-enabled":"default","ast-page-background-meta":{"desktop":{"background-color":"var(--ast-global-color-4)","background-image":"","background-repeat":"repeat","background-position":"center center","background-size":"auto","background-attachment":"scroll","background-type":"","background-media":"","overlay-type":"","overlay-color":"","overlay-opacity":"","overlay-gradient":""},"tablet":{"background-color":"","background-image":"","background-repeat":"repeat","background-position":"center center","background-size":"auto","background-attachment":"scroll","background-type":"","background-media":"","overlay-type":"","overlay-color":"","overlay-opacity":"","overlay-gradient":""},"mobile":{"background-color":"","background-image":"","background-repeat":"repeat","background-position":"center center","background-size":"auto","background-attachment":"scroll","background-type":"","background-media":"","overlay-type":"","overlay-color":"","overlay-opacity":"","overlay-gradient":""}},"ast-content-background-meta":{"desktop":{"background-color":"var(--ast-global-color-5)","background-image":"","background-repeat":"repeat","background-position":"center center","background-size":"auto","background-attachment":"scroll","background-type":"","background-media":"","overlay-type":"","overlay-color":"","overlay-opacity":"","overlay-gradient":""},"tablet":{"background-color":"var(--ast-global-color-5)","background-image":"","background-repeat":"repeat","background-position":"center center","background-size":"auto","background-attachment":"scroll","background-type":"","background-media":"","overlay-type":"","overlay-color":"","overlay-opacity":"","overlay-gradient":""},"mobile":{"background-color":"var(--ast-global-color-5)","background-image":"","background-repeat":"repeat","background-position":"center center","background-size":"auto","background-attachment":"scroll","background-type":"","background-media":"","overlay-type":"","overlay-color":"","overlay-opacity":"","overlay-gradient":""}}},"product_brand":[],"product_cat":[103],"product_tag":[185,151,135,134,109,152,107,150,126],"class_list":{"0":"post-1967","1":"product","2":"type-product","3":"status-publish","4":"has-post-thumbnail","6":"product_cat-ponuka-pizze","7":"product_tag-alergeny-1-a-7","8":"product_tag-chilli","9":"product_tag-feferony","10":"product_tag-klobasa","11":"product_tag-mozzarella","12":"product_tag-pikantna-pizza","13":"product_tag-pizza","14":"product_tag-pizza-extra-chilli","15":"product_tag-stiplava-pizza","16":"desktop-align-center","17":"tablet-align-left","18":"mobile-align-left","20":"first","21":"instock","22":"taxable","23":"shipping-taxable","24":"purchasable","25":"product-type-simple"},"yoast_head":"<!-- This site is optimized with the Yoast SEO plugin v24.3 - https:\/\/yoast.com\/wordpress\/plugins\/seo\/ -->\n<title>Extra Chilli \ud83c\udf36\ufe0f\ud83c\udf36\ufe0f\ud83c\udf36\ufe0f 620g - MacoPizza<\/title>\n<meta name=\"robots\" content=\"index, follow, max-snippet:-1, max-image-preview:large, max-video-preview:-1\" \/>\n<link rel=\"canonical\" href=\"https:\/\/www.macopizza.sk\/en\/product\/extra-chilli\/\" \/>\n<meta property=\"og:locale\" content=\"en_GB\" \/>\n<meta property=\"og:type\" content=\"article\" \/>\n<meta property=\"og:title\" content=\"Extra Chilli \ud83c\udf36\ufe0f\ud83c\udf36\ufe0f\ud83c\udf36\ufe0f 620g - MacoPizza\" \/>\n<meta property=\"og:description\" content=\"pomodoro, mozzarella, oregano, pikantn\u00e1 sal\u00e1ma, pikantn\u00e1 klob\u00e1sa, chilli, fefer\u00f3ny, carolina reaper  Alerg\u00e9ny: 1,7\" \/>\n<meta property=\"og:url\" content=\"https:\/\/www.macopizza.sk\/en\/product\/extra-chilli\/\" \/>\n<meta property=\"og:site_name\" content=\"MacoPizza\" \/>\n<meta property=\"article:publisher\" content=\"https:\/\/www.facebook.com\/profile.php?id=61569012014777\" \/>\n<meta property=\"article:modified_time\" content=\"2025-10-24T19:46:12+00:00\" \/>\n<meta property=\"og:image\" content=\"https:\/\/www.macopizza.sk\/wp-content\/uploads\/2024\/10\/Extra-Chilli-1-1.png\" \/>\n\t<meta property=\"og:image:width\" content=\"1000\" \/>\n\t<meta property=\"og:image:height\" content=\"1000\" \/>\n\t<meta property=\"og:image:type\" content=\"image\/png\" \/>\n<meta name=\"twitter:card\" content=\"summary_large_image\" \/>\n<script type=\"application\/ld+json\" class=\"yoast-schema-graph\">{\"@context\":\"https:\/\/schema.org\",\"@graph\":[{\"@type\":\"WebPage\",\"@id\":\"https:\/\/www.macopizza.sk\/produkt\/extra-chilli\/\",\"url\":\"https:\/\/www.macopizza.sk\/produkt\/extra-chilli\/\",\"name\":\"Extra Chilli \ud83c\udf36\ufe0f\ud83c\udf36\ufe0f\ud83c\udf36\ufe0f 620g - MacoPizza\",\"isPartOf\":{\"@id\":\"https:\/\/www.macopizza.sk\/#website\"},\"primaryImageOfPage\":{\"@id\":\"https:\/\/www.macopizza.sk\/produkt\/extra-chilli\/#primaryimage\"},\"image\":{\"@id\":\"https:\/\/www.macopizza.sk\/produkt\/extra-chilli\/#primaryimage\"},\"thumbnailUrl\":\"https:\/\/www.macopizza.sk\/wp-content\/uploads\/2024\/10\/Extra-Chilli-1-1.png\",\"datePublished\":\"2024-10-18T14:38:43+00:00\",\"dateModified\":\"2025-10-24T19:46:12+00:00\",\"breadcrumb\":{\"@id\":\"https:\/\/www.macopizza.sk\/produkt\/extra-chilli\/#breadcrumb\"},\"inLanguage\":\"en-GB\",\"potentialAction\":[{\"@type\":\"ReadAction\",\"target\":[\"https:\/\/www.macopizza.sk\/produkt\/extra-chilli\/\"]}]},{\"@type\":\"ImageObject\",\"inLanguage\":\"en-GB\",\"@id\":\"https:\/\/www.macopizza.sk\/produkt\/extra-chilli\/#primaryimage\",\"url\":\"https:\/\/www.macopizza.sk\/wp-content\/uploads\/2024\/10\/Extra-Chilli-1-1.png\",\"contentUrl\":\"https:\/\/www.macopizza.sk\/wp-content\/uploads\/2024\/10\/Extra-Chilli-1-1.png\",\"width\":1000,\"height\":1000},{\"@type\":\"BreadcrumbList\",\"@id\":\"https:\/\/www.macopizza.sk\/produkt\/extra-chilli\/#breadcrumb\",\"itemListElement\":[{\"@type\":\"ListItem\",\"position\":1,\"name\":\"Home\",\"item\":\"https:\/\/www.macopizza.sk\/\"},{\"@type\":\"ListItem\",\"position\":2,\"name\":\"Obchod\",\"item\":\"https:\/\/www.macopizza.sk\/obchod\/\"},{\"@type\":\"ListItem\",\"position\":3,\"name\":\"Extra Chilli \ud83c\udf36\ufe0f\ud83c\udf36\ufe0f\ud83c\udf36\ufe0f 620g\"}]},{\"@type\":\"WebSite\",\"@id\":\"https:\/\/www.macopizza.sk\/#website\",\"url\":\"https:\/\/www.macopizza.sk\/\",\"name\":\"MacoPizza\",\"description\":\"\",\"publisher\":{\"@id\":\"https:\/\/www.macopizza.sk\/#organization\"},\"potentialAction\":[{\"@type\":\"SearchAction\",\"target\":{\"@type\":\"EntryPoint\",\"urlTemplate\":\"https:\/\/www.macopizza.sk\/?s={search_term_string}\"},\"query-input\":{\"@type\":\"PropertyValueSpecification\",\"valueRequired\":true,\"valueName\":\"search_term_string\"}}],\"inLanguage\":\"en-GB\"},{\"@type\":\"Organization\",\"@id\":\"https:\/\/www.macopizza.sk\/#organization\",\"name\":\"MacoPizza\",\"url\":\"https:\/\/www.macopizza.sk\/\",\"logo\":{\"@type\":\"ImageObject\",\"inLanguage\":\"en-GB\",\"@id\":\"https:\/\/www.macopizza.sk\/#\/schema\/logo\/image\/\",\"url\":\"https:\/\/www.macopizza.sk\/wp-content\/uploads\/2024\/12\/Maco_logo-1.png\",\"contentUrl\":\"https:\/\/www.macopizza.sk\/wp-content\/uploads\/2024\/12\/Maco_logo-1.png\",\"width\":500,\"height\":480,\"caption\":\"MacoPizza\"},\"image\":{\"@id\":\"https:\/\/www.macopizza.sk\/#\/schema\/logo\/image\/\"},\"sameAs\":[\"https:\/\/www.facebook.com\/profile.php?id=61569012014777\"]}]}<\/script>\n<!-- \/ Yoast SEO plugin. -->","yoast_head_json":{"title":"Extra Chilli \ud83c\udf36\ufe0f\ud83c\udf36\ufe0f\ud83c\udf36\ufe0f 620g - MacoPizza","robots":{"index":"index","follow":"follow","max-snippet":"max-snippet:-1","max-image-preview":"max-image-preview:large","max-video-preview":"max-video-preview:-1"},"canonical":"https:\/\/www.macopizza.sk\/en\/product\/extra-chilli\/","og_locale":"en_GB","og_type":"article","og_title":"Extra Chilli \ud83c\udf36\ufe0f\ud83c\udf36\ufe0f\ud83c\udf36\ufe0f 620g - MacoPizza","og_description":"pomodoro, mozzarella, oregano, pikantn\u00e1 sal\u00e1ma, pikantn\u00e1 klob\u00e1sa, chilli, fefer\u00f3ny, carolina reaper  Alerg\u00e9ny: 1,7","og_url":"https:\/\/www.macopizza.sk\/en\/product\/extra-chilli\/","og_site_name":"MacoPizza","article_publisher":"https:\/\/www.facebook.com\/profile.php?id=61569012014777","article_modified_time":"2025-10-24T19:46:12+00:00","og_image":[{"width":1000,"height":1000,"url":"https:\/\/www.macopizza.sk\/wp-content\/uploads\/2024\/10\/Extra-Chilli-1-1.png","type":"image\/png"}],"twitter_card":"summary_large_image","schema":{"@context":"https:\/\/schema.org","@graph":[{"@type":"WebPage","@id":"https:\/\/www.macopizza.sk\/produkt\/extra-chilli\/","url":"https:\/\/www.macopizza.sk\/produkt\/extra-chilli\/","name":"Extra Chilli \ud83c\udf36\ufe0f\ud83c\udf36\ufe0f\ud83c\udf36\ufe0f 620g - MacoPizza","isPartOf":{"@id":"https:\/\/www.macopizza.sk\/#website"},"primaryImageOfPage":{"@id":"https:\/\/www.macopizza.sk\/produkt\/extra-chilli\/#primaryimage"},"image":{"@id":"https:\/\/www.macopizza.sk\/produkt\/extra-chilli\/#primaryimage"},"thumbnailUrl":"https:\/\/www.macopizza.sk\/wp-content\/uploads\/2024\/10\/Extra-Chilli-1-1.png","datePublished":"2024-10-18T14:38:43+00:00","dateModified":"2025-10-24T19:46:12+00:00","breadcrumb":{"@id":"https:\/\/www.macopizza.sk\/produkt\/extra-chilli\/#breadcrumb"},"inLanguage":"en-GB","potentialAction":[{"@type":"ReadAction","target":["https:\/\/www.macopizza.sk\/produkt\/extra-chilli\/"]}]},{"@type":"ImageObject","inLanguage":"en-GB","@id":"https:\/\/www.macopizza.sk\/produkt\/extra-chilli\/#primaryimage","url":"https:\/\/www.macopizza.sk\/wp-content\/uploads\/2024\/10\/Extra-Chilli-1-1.png","contentUrl":"https:\/\/www.macopizza.sk\/wp-content\/uploads\/2024\/10\/Extra-Chilli-1-1.png","width":1000,"height":1000},{"@type":"BreadcrumbList","@id":"https:\/\/www.macopizza.sk\/produkt\/extra-chilli\/#breadcrumb","itemListElement":[{"@type":"ListItem","position":1,"name":"Home","item":"https:\/\/www.macopizza.sk\/"},{"@type":"ListItem","position":2,"name":"Obchod","item":"https:\/\/www.macopizza.sk\/obchod\/"},{"@type":"ListItem","position":3,"name":"Extra Chilli \ud83c\udf36\ufe0f\ud83c\udf36\ufe0f\ud83c\udf36\ufe0f 620g"}]},{"@type":"WebSite","@id":"https:\/\/www.macopizza.sk\/#website","url":"https:\/\/www.macopizza.sk\/","name":"MacoPizza","description":"","publisher":{"@id":"https:\/\/www.macopizza.sk\/#organization"},"potentialAction":[{"@type":"SearchAction","target":{"@type":"EntryPoint","urlTemplate":"https:\/\/www.macopizza.sk\/?s={search_term_string}"},"query-input":{"@type":"PropertyValueSpecification","valueRequired":true,"valueName":"search_term_string"}}],"inLanguage":"en-GB"},{"@type":"Organization","@id":"https:\/\/www.macopizza.sk\/#organization","name":"MacoPizza","url":"https:\/\/www.macopizza.sk\/","logo":{"@type":"ImageObject","inLanguage":"en-GB","@id":"https:\/\/www.macopizza.sk\/#\/schema\/logo\/image\/","url":"https:\/\/www.macopizza.sk\/wp-content\/uploads\/2024\/12\/Maco_logo-1.png","contentUrl":"https:\/\/www.macopizza.sk\/wp-content\/uploads\/2024\/12\/Maco_logo-1.png","width":500,"height":480,"caption":"MacoPizza"},"image":{"@id":"https:\/\/www.macopizza.sk\/#\/schema\/logo\/image\/"},"sameAs":["https:\/\/www.facebook.com\/profile.php?id=61569012014777"]}]}},"uagb_featured_image_src":{"full":["https:\/\/www.macopizza.sk\/wp-content\/uploads\/2024\/10\/Extra-Chilli-1-1.png",1000,1000,false],"thumbnail":["https:\/\/www.macopizza.sk\/wp-content\/uploads\/2024\/10\/Extra-Chilli-1-1-150x150.png",150,150,true],"medium":["https:\/\/www.macopizza.sk\/wp-content\/uploads\/2024\/10\/Extra-Chilli-1-1-300x300.png",300,300,true],"medium_large":["https:\/\/www.macopizza.sk\/wp-content\/uploads\/2024\/10\/Extra-Chilli-1-1-768x768.png",768,768,true],"large":["https:\/\/www.macopizza.sk\/wp-content\/uploads\/2024\/10\/Extra-Chilli-1-1.png",1000,1000,false],"1536x1536":["https:\/\/www.macopizza.sk\/wp-content\/uploads\/2024\/10\/Extra-Chilli-1-1.png",1000,1000,false],"2048x2048":["https:\/\/www.macopizza.sk\/wp-content\/uploads\/2024\/10\/Extra-Chilli-1-1.png",1000,1000,false],"trp-custom-language-flag":["https:\/\/www.macopizza.sk\/wp-content\/uploads\/2024\/10\/Extra-Chilli-1-1-12x12.png",12,12,true],"woocommerce_thumbnail":["https:\/\/www.macopizza.sk\/wp-content\/uploads\/2024\/10\/Extra-Chilli-1-1-300x300.png",300,300,true],"woocommerce_single":["https:\/\/www.macopizza.sk\/wp-content\/uploads\/2024\/10\/Extra-Chilli-1-1-600x600.png",600,600,true],"woocommerce_gallery_thumbnail":["https:\/\/www.macopizza.sk\/wp-content\/uploads\/2024\/10\/Extra-Chilli-1-1-100x100.png",100,100,true]},"uagb_author_info":{"display_name":"marko","author_link":"https:\/\/www.macopizza.sk\/en\/author\/"},"uagb_comment_info":0,"uagb_excerpt":"pomodoro, mozzarella, oregano, pikantn\u00e1 sal\u00e1ma, pikantn\u00e1 klob\u00e1sa, chilli, fefer\u00f3ny, carolina reaper Alerg\u00e9ny: 1,7","_links":{"self":[{"href":"https:\/\/www.macopizza.sk\/en\/wp-json\/wp\/v2\/product\/1967","targetHints":{"allow":["GET"]}}],"collection":[{"href":"https:\/\/www.macopizza.sk\/en\/wp-json\/wp\/v2\/product"}],"about":[{"href":"https:\/\/www.macopizza.sk\/en\/wp-json\/wp\/v2\/types\/product"}],"replies":[{"embeddable":true,"href":"https:\/\/www.macopizza.sk\/en\/wp-json\/wp\/v2\/comments?post=1967"}],"wp:featuredmedia":[{"embeddable":true,"href":"https:\/\/www.macopizza.sk\/en\/wp-json\/wp\/v2\/media\/2322"}],"wp:attachment":[{"href":"https:\/\/www.macopizza.sk\/en\/wp-json\/wp\/v2\/media?parent=1967"}],"wp:term":[{"taxonomy":"product_brand","embeddable":true,"href":"https:\/\/www.macopizza.sk\/en\/wp-json\/wp\/v2\/product_brand?post=1967"},{"taxonomy":"product_cat","embeddable":true,"href":"https:\/\/www.macopizza.sk\/en\/wp-json\/wp\/v2\/product_cat?post=1967"},{"taxonomy":"product_tag","embeddable":true,"href":"https:\/\/www.macopizza.sk\/en\/wp-json\/wp\/v2\/product_tag?post=1967"}],"curies":[{"name":"wp","href":"https:\/\/api.w.org\/{rel}","templated":true}]}}