
{"id":1963,"date":"2024-10-18T16:38:37","date_gmt":"2024-10-18T14:38:37","guid":{"rendered":"https:\/\/www.macopizza.sk\/?post_type=product&#038;p=1963"},"modified":"2025-10-24T21:47:39","modified_gmt":"2025-10-24T19:47:39","slug":"tuna","status":"publish","type":"product","link":"https:\/\/www.macopizza.sk\/en\/product\/tuna\/","title":{"rendered":"Tuna 570g"},"content":{"rendered":"<p>Tuna pizza je vo\u013eba pre milovn\u00edkov r\u00fdb. Paradajkov\u00fd z\u00e1klad je doplnen\u00fd tuniakom, \u010dervenou cibu\u013eou a kaparmi, ktor\u00e9 spolo\u010dne vytv\u00e1raj\u00fa svie\u017eu a v\u00fdrazn\u00fa chu\u0165.<\/p>","protected":false},"excerpt":{"rendered":"<p>pomodoro, mozzarella, tuniak. \u010derven\u00e1 cibu\u013ea, kapari<\/p>\n<p><strong>Alerg\u00e9ny: 1,4,7<\/strong><\/p>","protected":false},"featured_media":2176,"comment_status":"open","ping_status":"closed","template":"","meta":{"_uag_custom_page_level_css":"","site-sidebar-layout":"default","site-content-layout":"","ast-site-content-layout":"default","site-content-style":"default","site-sidebar-style":"default","ast-global-header-display":"","ast-banner-title-visibility":"","ast-main-header-display":"","ast-hfb-above-header-display":"","ast-hfb-below-header-display":"","ast-hfb-mobile-header-display":"","site-post-title":"","ast-breadcrumbs-content":"","ast-featured-img":"","footer-sml-layout":"","theme-transparent-header-meta":"default","adv-header-id-meta":"","stick-header-meta":"","header-above-stick-meta":"","header-main-stick-meta":"","header-below-stick-meta":"","astra-migrate-meta-layouts":"set","ast-page-background-enabled":"default","ast-page-background-meta":{"desktop":{"background-color":"var(--ast-global-color-4)","background-image":"","background-repeat":"repeat","background-position":"center center","background-size":"auto","background-attachment":"scroll","background-type":"","background-media":"","overlay-type":"","overlay-color":"","overlay-opacity":"","overlay-gradient":""},"tablet":{"background-color":"","background-image":"","background-repeat":"repeat","background-position":"center center","background-size":"auto","background-attachment":"scroll","background-type":"","background-media":"","overlay-type":"","overlay-color":"","overlay-opacity":"","overlay-gradient":""},"mobile":{"background-color":"","background-image":"","background-repeat":"repeat","background-position":"center center","background-size":"auto","background-attachment":"scroll","background-type":"","background-media":"","overlay-type":"","overlay-color":"","overlay-opacity":"","overlay-gradient":""}},"ast-content-background-meta":{"desktop":{"background-color":"var(--ast-global-color-5)","background-image":"","background-repeat":"repeat","background-position":"center center","background-size":"auto","background-attachment":"scroll","background-type":"","background-media":"","overlay-type":"","overlay-color":"","overlay-opacity":"","overlay-gradient":""},"tablet":{"background-color":"var(--ast-global-color-5)","background-image":"","background-repeat":"repeat","background-position":"center center","background-size":"auto","background-attachment":"scroll","background-type":"","background-media":"","overlay-type":"","overlay-color":"","overlay-opacity":"","overlay-gradient":""},"mobile":{"background-color":"var(--ast-global-color-5)","background-image":"","background-repeat":"repeat","background-position":"center center","background-size":"auto","background-attachment":"scroll","background-type":"","background-media":"","overlay-type":"","overlay-color":"","overlay-opacity":"","overlay-gradient":""}}},"product_brand":[],"product_cat":[103],"product_tag":[194,132,129,130,131,109,107,127,128],"class_list":{"0":"post-1963","1":"product","2":"type-product","3":"status-publish","4":"has-post-thumbnail","6":"product_cat-ponuka-pizze","7":"product_tag-alergeny-1-a-4-a-7","8":"product_tag-cerstva-pizza","9":"product_tag-cibula","10":"product_tag-kapary","11":"product_tag-morske-plody","12":"product_tag-mozzarella","13":"product_tag-pizza","14":"product_tag-pizza-tuna","15":"product_tag-tuniak","16":"desktop-align-center","17":"tablet-align-left","18":"mobile-align-left","20":"first","21":"instock","22":"taxable","23":"shipping-taxable","24":"purchasable","25":"product-type-simple"},"yoast_head":"<!-- This site is optimized with the Yoast SEO plugin v24.3 - https:\/\/yoast.com\/wordpress\/plugins\/seo\/ -->\n<title>Tuna 570g - MacoPizza<\/title>\n<meta name=\"robots\" content=\"index, follow, max-snippet:-1, max-image-preview:large, max-video-preview:-1\" \/>\n<link rel=\"canonical\" href=\"https:\/\/www.macopizza.sk\/en\/product\/tuna\/\" \/>\n<meta property=\"og:locale\" content=\"en_GB\" \/>\n<meta property=\"og:type\" content=\"article\" \/>\n<meta property=\"og:title\" content=\"Tuna 570g - MacoPizza\" \/>\n<meta property=\"og:description\" content=\"pomodoro, mozzarella, tuniak. \u010derven\u00e1 cibu\u013ea, kapari  Alerg\u00e9ny: 1,4,7\" \/>\n<meta property=\"og:url\" content=\"https:\/\/www.macopizza.sk\/en\/product\/tuna\/\" \/>\n<meta property=\"og:site_name\" content=\"MacoPizza\" \/>\n<meta property=\"article:publisher\" content=\"https:\/\/www.facebook.com\/profile.php?id=61569012014777\" \/>\n<meta property=\"article:modified_time\" content=\"2025-10-24T19:47:39+00:00\" \/>\n<meta property=\"og:image\" content=\"https:\/\/www.macopizza.sk\/wp-content\/uploads\/2024\/10\/Tuna_uprava-1024x768.png\" \/>\n\t<meta property=\"og:image:width\" content=\"1024\" \/>\n\t<meta property=\"og:image:height\" content=\"768\" \/>\n\t<meta property=\"og:image:type\" content=\"image\/png\" \/>\n<meta name=\"twitter:card\" content=\"summary_large_image\" \/>\n<script type=\"application\/ld+json\" class=\"yoast-schema-graph\">{\"@context\":\"https:\/\/schema.org\",\"@graph\":[{\"@type\":\"WebPage\",\"@id\":\"https:\/\/www.macopizza.sk\/produkt\/tuna\/\",\"url\":\"https:\/\/www.macopizza.sk\/produkt\/tuna\/\",\"name\":\"Tuna 570g - MacoPizza\",\"isPartOf\":{\"@id\":\"https:\/\/www.macopizza.sk\/#website\"},\"primaryImageOfPage\":{\"@id\":\"https:\/\/www.macopizza.sk\/produkt\/tuna\/#primaryimage\"},\"image\":{\"@id\":\"https:\/\/www.macopizza.sk\/produkt\/tuna\/#primaryimage\"},\"thumbnailUrl\":\"https:\/\/www.macopizza.sk\/wp-content\/uploads\/2024\/10\/Tuna_uprava.png\",\"datePublished\":\"2024-10-18T14:38:37+00:00\",\"dateModified\":\"2025-10-24T19:47:39+00:00\",\"breadcrumb\":{\"@id\":\"https:\/\/www.macopizza.sk\/produkt\/tuna\/#breadcrumb\"},\"inLanguage\":\"en-GB\",\"potentialAction\":[{\"@type\":\"ReadAction\",\"target\":[\"https:\/\/www.macopizza.sk\/produkt\/tuna\/\"]}]},{\"@type\":\"ImageObject\",\"inLanguage\":\"en-GB\",\"@id\":\"https:\/\/www.macopizza.sk\/produkt\/tuna\/#primaryimage\",\"url\":\"https:\/\/www.macopizza.sk\/wp-content\/uploads\/2024\/10\/Tuna_uprava.png\",\"contentUrl\":\"https:\/\/www.macopizza.sk\/wp-content\/uploads\/2024\/10\/Tuna_uprava.png\",\"width\":4608,\"height\":3456},{\"@type\":\"BreadcrumbList\",\"@id\":\"https:\/\/www.macopizza.sk\/produkt\/tuna\/#breadcrumb\",\"itemListElement\":[{\"@type\":\"ListItem\",\"position\":1,\"name\":\"Home\",\"item\":\"https:\/\/www.macopizza.sk\/\"},{\"@type\":\"ListItem\",\"position\":2,\"name\":\"Obchod\",\"item\":\"https:\/\/www.macopizza.sk\/obchod\/\"},{\"@type\":\"ListItem\",\"position\":3,\"name\":\"Tuna 570g\"}]},{\"@type\":\"WebSite\",\"@id\":\"https:\/\/www.macopizza.sk\/#website\",\"url\":\"https:\/\/www.macopizza.sk\/\",\"name\":\"MacoPizza\",\"description\":\"\",\"publisher\":{\"@id\":\"https:\/\/www.macopizza.sk\/#organization\"},\"potentialAction\":[{\"@type\":\"SearchAction\",\"target\":{\"@type\":\"EntryPoint\",\"urlTemplate\":\"https:\/\/www.macopizza.sk\/?s={search_term_string}\"},\"query-input\":{\"@type\":\"PropertyValueSpecification\",\"valueRequired\":true,\"valueName\":\"search_term_string\"}}],\"inLanguage\":\"en-GB\"},{\"@type\":\"Organization\",\"@id\":\"https:\/\/www.macopizza.sk\/#organization\",\"name\":\"MacoPizza\",\"url\":\"https:\/\/www.macopizza.sk\/\",\"logo\":{\"@type\":\"ImageObject\",\"inLanguage\":\"en-GB\",\"@id\":\"https:\/\/www.macopizza.sk\/#\/schema\/logo\/image\/\",\"url\":\"https:\/\/www.macopizza.sk\/wp-content\/uploads\/2024\/12\/Maco_logo-1.png\",\"contentUrl\":\"https:\/\/www.macopizza.sk\/wp-content\/uploads\/2024\/12\/Maco_logo-1.png\",\"width\":500,\"height\":480,\"caption\":\"MacoPizza\"},\"image\":{\"@id\":\"https:\/\/www.macopizza.sk\/#\/schema\/logo\/image\/\"},\"sameAs\":[\"https:\/\/www.facebook.com\/profile.php?id=61569012014777\"]}]}<\/script>\n<!-- \/ Yoast SEO plugin. -->","yoast_head_json":{"title":"Tuna 570g - MacoPizza","robots":{"index":"index","follow":"follow","max-snippet":"max-snippet:-1","max-image-preview":"max-image-preview:large","max-video-preview":"max-video-preview:-1"},"canonical":"https:\/\/www.macopizza.sk\/en\/product\/tuna\/","og_locale":"en_GB","og_type":"article","og_title":"Tuna 570g - MacoPizza","og_description":"pomodoro, mozzarella, tuniak. \u010derven\u00e1 cibu\u013ea, kapari  Alerg\u00e9ny: 1,4,7","og_url":"https:\/\/www.macopizza.sk\/en\/product\/tuna\/","og_site_name":"MacoPizza","article_publisher":"https:\/\/www.facebook.com\/profile.php?id=61569012014777","article_modified_time":"2025-10-24T19:47:39+00:00","og_image":[{"width":1024,"height":768,"url":"https:\/\/www.macopizza.sk\/wp-content\/uploads\/2024\/10\/Tuna_uprava-1024x768.png","type":"image\/png"}],"twitter_card":"summary_large_image","schema":{"@context":"https:\/\/schema.org","@graph":[{"@type":"WebPage","@id":"https:\/\/www.macopizza.sk\/produkt\/tuna\/","url":"https:\/\/www.macopizza.sk\/produkt\/tuna\/","name":"Tuna 570g - MacoPizza","isPartOf":{"@id":"https:\/\/www.macopizza.sk\/#website"},"primaryImageOfPage":{"@id":"https:\/\/www.macopizza.sk\/produkt\/tuna\/#primaryimage"},"image":{"@id":"https:\/\/www.macopizza.sk\/produkt\/tuna\/#primaryimage"},"thumbnailUrl":"https:\/\/www.macopizza.sk\/wp-content\/uploads\/2024\/10\/Tuna_uprava.png","datePublished":"2024-10-18T14:38:37+00:00","dateModified":"2025-10-24T19:47:39+00:00","breadcrumb":{"@id":"https:\/\/www.macopizza.sk\/produkt\/tuna\/#breadcrumb"},"inLanguage":"en-GB","potentialAction":[{"@type":"ReadAction","target":["https:\/\/www.macopizza.sk\/produkt\/tuna\/"]}]},{"@type":"ImageObject","inLanguage":"en-GB","@id":"https:\/\/www.macopizza.sk\/produkt\/tuna\/#primaryimage","url":"https:\/\/www.macopizza.sk\/wp-content\/uploads\/2024\/10\/Tuna_uprava.png","contentUrl":"https:\/\/www.macopizza.sk\/wp-content\/uploads\/2024\/10\/Tuna_uprava.png","width":4608,"height":3456},{"@type":"BreadcrumbList","@id":"https:\/\/www.macopizza.sk\/produkt\/tuna\/#breadcrumb","itemListElement":[{"@type":"ListItem","position":1,"name":"Home","item":"https:\/\/www.macopizza.sk\/"},{"@type":"ListItem","position":2,"name":"Obchod","item":"https:\/\/www.macopizza.sk\/obchod\/"},{"@type":"ListItem","position":3,"name":"Tuna 570g"}]},{"@type":"WebSite","@id":"https:\/\/www.macopizza.sk\/#website","url":"https:\/\/www.macopizza.sk\/","name":"MacoPizza","description":"","publisher":{"@id":"https:\/\/www.macopizza.sk\/#organization"},"potentialAction":[{"@type":"SearchAction","target":{"@type":"EntryPoint","urlTemplate":"https:\/\/www.macopizza.sk\/?s={search_term_string}"},"query-input":{"@type":"PropertyValueSpecification","valueRequired":true,"valueName":"search_term_string"}}],"inLanguage":"en-GB"},{"@type":"Organization","@id":"https:\/\/www.macopizza.sk\/#organization","name":"MacoPizza","url":"https:\/\/www.macopizza.sk\/","logo":{"@type":"ImageObject","inLanguage":"en-GB","@id":"https:\/\/www.macopizza.sk\/#\/schema\/logo\/image\/","url":"https:\/\/www.macopizza.sk\/wp-content\/uploads\/2024\/12\/Maco_logo-1.png","contentUrl":"https:\/\/www.macopizza.sk\/wp-content\/uploads\/2024\/12\/Maco_logo-1.png","width":500,"height":480,"caption":"MacoPizza"},"image":{"@id":"https:\/\/www.macopizza.sk\/#\/schema\/logo\/image\/"},"sameAs":["https:\/\/www.facebook.com\/profile.php?id=61569012014777"]}]}},"uagb_featured_image_src":{"full":["https:\/\/www.macopizza.sk\/wp-content\/uploads\/2024\/10\/Tuna_uprava.png",4608,3456,false],"thumbnail":["https:\/\/www.macopizza.sk\/wp-content\/uploads\/2024\/10\/Tuna_uprava-150x150.png",150,150,true],"medium":["https:\/\/www.macopizza.sk\/wp-content\/uploads\/2024\/10\/Tuna_uprava-300x225.png",300,225,true],"medium_large":["https:\/\/www.macopizza.sk\/wp-content\/uploads\/2024\/10\/Tuna_uprava-768x576.png",768,576,true],"large":["https:\/\/www.macopizza.sk\/wp-content\/uploads\/2024\/10\/Tuna_uprava-1024x768.png",1024,768,true],"1536x1536":["https:\/\/www.macopizza.sk\/wp-content\/uploads\/2024\/10\/Tuna_uprava-1536x1152.png",1536,1152,true],"2048x2048":["https:\/\/www.macopizza.sk\/wp-content\/uploads\/2024\/10\/Tuna_uprava-2048x1536.png",2048,1536,true],"trp-custom-language-flag":["https:\/\/www.macopizza.sk\/wp-content\/uploads\/2024\/10\/Tuna_uprava-16x12.png",16,12,true],"woocommerce_thumbnail":["https:\/\/www.macopizza.sk\/wp-content\/uploads\/2024\/10\/Tuna_uprava-300x300.png",300,300,true],"woocommerce_single":["https:\/\/www.macopizza.sk\/wp-content\/uploads\/2024\/10\/Tuna_uprava-600x450.png",600,450,true],"woocommerce_gallery_thumbnail":["https:\/\/www.macopizza.sk\/wp-content\/uploads\/2024\/10\/Tuna_uprava-100x100.png",100,100,true]},"uagb_author_info":{"display_name":"marko","author_link":"https:\/\/www.macopizza.sk\/en\/author\/"},"uagb_comment_info":0,"uagb_excerpt":"pomodoro, mozzarella, tuniak. \u010derven\u00e1 cibu\u013ea, kapari Alerg\u00e9ny: 1,4,7","_links":{"self":[{"href":"https:\/\/www.macopizza.sk\/en\/wp-json\/wp\/v2\/product\/1963","targetHints":{"allow":["GET"]}}],"collection":[{"href":"https:\/\/www.macopizza.sk\/en\/wp-json\/wp\/v2\/product"}],"about":[{"href":"https:\/\/www.macopizza.sk\/en\/wp-json\/wp\/v2\/types\/product"}],"replies":[{"embeddable":true,"href":"https:\/\/www.macopizza.sk\/en\/wp-json\/wp\/v2\/comments?post=1963"}],"wp:featuredmedia":[{"embeddable":true,"href":"https:\/\/www.macopizza.sk\/en\/wp-json\/wp\/v2\/media\/2176"}],"wp:attachment":[{"href":"https:\/\/www.macopizza.sk\/en\/wp-json\/wp\/v2\/media?parent=1963"}],"wp:term":[{"taxonomy":"product_brand","embeddable":true,"href":"https:\/\/www.macopizza.sk\/en\/wp-json\/wp\/v2\/product_brand?post=1963"},{"taxonomy":"product_cat","embeddable":true,"href":"https:\/\/www.macopizza.sk\/en\/wp-json\/wp\/v2\/product_cat?post=1963"},{"taxonomy":"product_tag","embeddable":true,"href":"https:\/\/www.macopizza.sk\/en\/wp-json\/wp\/v2\/product_tag?post=1963"}],"curies":[{"name":"wp","href":"https:\/\/api.w.org\/{rel}","templated":true}]}}