
{"id":2084,"date":"2024-11-13T15:27:07","date_gmt":"2024-11-13T14:27:07","guid":{"rendered":"https:\/\/www.macopizza.sk\/?page_id=2084"},"modified":"2024-11-17T11:11:52","modified_gmt":"2024-11-17T10:11:52","slug":"mimo_otvaracich_hodin","status":"publish","type":"page","link":"https:\/\/www.macopizza.sk\/en\/mimo_otvaracich_hodin\/","title":{"rendered":"Je n\u00e1m \u013e\u00fato!"},"content":{"rendered":"<p><\/p><p>Objedn\u00e1vky vybavujeme len v \u010dase od&nbsp;<strong>15:00<\/strong>&nbsp;do&nbsp;<strong>23:00<\/strong>.<br>Pros\u00edm, nav\u0161t\u00edvte na\u0161u str\u00e1nku v tomto \u010dasovom intervale a radi v\u00e1m priprav\u00edme va\u0161u objedn\u00e1vku.<\/p><p>\u010eakujeme za pochopenie! <\/p><p><\/p><p><\/p>","protected":false},"excerpt":{"rendered":"<p>Objedn\u00e1vky vybavujeme len v \u010dase od&nbsp;15:00&nbsp;do&nbsp;23:00.Pros\u00edm, nav\u0161t\u00edvte na\u0161u str\u00e1nku v tomto \u010dasovom intervale a radi v\u00e1m priprav\u00edme va\u0161u objedn\u00e1vku. \u010eakujeme [&hellip;]<\/p>","protected":false},"author":1,"featured_media":0,"parent":0,"menu_order":0,"comment_status":"closed","ping_status":"closed","template":"","meta":{"_uag_custom_page_level_css":"","site-sidebar-layout":"default","site-content-layout":"","ast-site-content-layout":"default","site-content-style":"default","site-sidebar-style":"default","ast-global-header-display":"","ast-banner-title-visibility":"","ast-main-header-display":"","ast-hfb-above-header-display":"","ast-hfb-below-header-display":"","ast-hfb-mobile-header-display":"","site-post-title":"","ast-breadcrumbs-content":"","ast-featured-img":"","footer-sml-layout":"","theme-transparent-header-meta":"","adv-header-id-meta":"","stick-header-meta":"","header-above-stick-meta":"","header-main-stick-meta":"","header-below-stick-meta":"","astra-migrate-meta-layouts":"set","ast-page-background-enabled":"default","ast-page-background-meta":{"desktop":{"background-color":"var(--ast-global-color-4)","background-image":"","background-repeat":"repeat","background-position":"center center","background-size":"auto","background-attachment":"scroll","background-type":"","background-media":"","overlay-type":"","overlay-color":"","overlay-opacity":"","overlay-gradient":""},"tablet":{"background-color":"","background-image":"","background-repeat":"repeat","background-position":"center center","background-size":"auto","background-attachment":"scroll","background-type":"","background-media":"","overlay-type":"","overlay-color":"","overlay-opacity":"","overlay-gradient":""},"mobile":{"background-color":"","background-image":"","background-repeat":"repeat","background-position":"center center","background-size":"auto","background-attachment":"scroll","background-type":"","background-media":"","overlay-type":"","overlay-color":"","overlay-opacity":"","overlay-gradient":""}},"ast-content-background-meta":{"desktop":{"background-color":"var(--ast-global-color-5)","background-image":"","background-repeat":"repeat","background-position":"center center","background-size":"auto","background-attachment":"scroll","background-type":"","background-media":"","overlay-type":"","overlay-color":"","overlay-opacity":"","overlay-gradient":""},"tablet":{"background-color":"var(--ast-global-color-5)","background-image":"","background-repeat":"repeat","background-position":"center center","background-size":"auto","background-attachment":"scroll","background-type":"","background-media":"","overlay-type":"","overlay-color":"","overlay-opacity":"","overlay-gradient":""},"mobile":{"background-color":"var(--ast-global-color-5)","background-image":"","background-repeat":"repeat","background-position":"center center","background-size":"auto","background-attachment":"scroll","background-type":"","background-media":"","overlay-type":"","overlay-color":"","overlay-opacity":"","overlay-gradient":""}},"footnotes":""},"class_list":["post-2084","page","type-page","status-publish","hentry"],"yoast_head":"<!-- This site is optimized with the Yoast SEO plugin v24.3 - https:\/\/yoast.com\/wordpress\/plugins\/seo\/ -->\n<title>Je n\u00e1m \u013e\u00fato! - MacoPizza<\/title>\n<meta name=\"robots\" content=\"index, follow, max-snippet:-1, max-image-preview:large, max-video-preview:-1\" \/>\n<link rel=\"canonical\" href=\"https:\/\/www.macopizza.sk\/en\/mimo_otvaracich_hodin\/\" \/>\n<meta property=\"og:locale\" content=\"en_GB\" \/>\n<meta property=\"og:type\" content=\"article\" \/>\n<meta property=\"og:title\" content=\"Je n\u00e1m \u013e\u00fato! - MacoPizza\" \/>\n<meta property=\"og:description\" content=\"Objedn\u00e1vky vybavujeme len v \u010dase od&nbsp;15:00&nbsp;do&nbsp;23:00.Pros\u00edm, nav\u0161t\u00edvte na\u0161u str\u00e1nku v tomto \u010dasovom intervale a radi v\u00e1m priprav\u00edme va\u0161u objedn\u00e1vku. \u010eakujeme [&hellip;]\" \/>\n<meta property=\"og:url\" content=\"https:\/\/www.macopizza.sk\/en\/mimo_otvaracich_hodin\/\" \/>\n<meta property=\"og:site_name\" content=\"MacoPizza\" \/>\n<meta property=\"article:publisher\" content=\"https:\/\/www.facebook.com\/profile.php?id=61569012014777\" \/>\n<meta property=\"article:modified_time\" content=\"2024-11-17T10:11:52+00:00\" \/>\n<meta name=\"twitter:card\" content=\"summary_large_image\" \/>\n<script type=\"application\/ld+json\" class=\"yoast-schema-graph\">{\"@context\":\"https:\/\/schema.org\",\"@graph\":[{\"@type\":\"WebPage\",\"@id\":\"https:\/\/www.macopizza.sk\/mimo_otvaracich_hodin\/\",\"url\":\"https:\/\/www.macopizza.sk\/mimo_otvaracich_hodin\/\",\"name\":\"Je n\u00e1m \u013e\u00fato! - MacoPizza\",\"isPartOf\":{\"@id\":\"https:\/\/www.macopizza.sk\/#website\"},\"datePublished\":\"2024-11-13T14:27:07+00:00\",\"dateModified\":\"2024-11-17T10:11:52+00:00\",\"breadcrumb\":{\"@id\":\"https:\/\/www.macopizza.sk\/mimo_otvaracich_hodin\/#breadcrumb\"},\"inLanguage\":\"en-GB\",\"potentialAction\":[{\"@type\":\"ReadAction\",\"target\":[\"https:\/\/www.macopizza.sk\/mimo_otvaracich_hodin\/\"]}]},{\"@type\":\"BreadcrumbList\",\"@id\":\"https:\/\/www.macopizza.sk\/mimo_otvaracich_hodin\/#breadcrumb\",\"itemListElement\":[{\"@type\":\"ListItem\",\"position\":1,\"name\":\"Home\",\"item\":\"https:\/\/www.macopizza.sk\/\"},{\"@type\":\"ListItem\",\"position\":2,\"name\":\"Je n\u00e1m \u013e\u00fato!\"}]},{\"@type\":\"WebSite\",\"@id\":\"https:\/\/www.macopizza.sk\/#website\",\"url\":\"https:\/\/www.macopizza.sk\/\",\"name\":\"MacoPizza\",\"description\":\"\",\"publisher\":{\"@id\":\"https:\/\/www.macopizza.sk\/#organization\"},\"potentialAction\":[{\"@type\":\"SearchAction\",\"target\":{\"@type\":\"EntryPoint\",\"urlTemplate\":\"https:\/\/www.macopizza.sk\/?s={search_term_string}\"},\"query-input\":{\"@type\":\"PropertyValueSpecification\",\"valueRequired\":true,\"valueName\":\"search_term_string\"}}],\"inLanguage\":\"en-GB\"},{\"@type\":\"Organization\",\"@id\":\"https:\/\/www.macopizza.sk\/#organization\",\"name\":\"MacoPizza\",\"url\":\"https:\/\/www.macopizza.sk\/\",\"logo\":{\"@type\":\"ImageObject\",\"inLanguage\":\"en-GB\",\"@id\":\"https:\/\/www.macopizza.sk\/#\/schema\/logo\/image\/\",\"url\":\"https:\/\/www.macopizza.sk\/wp-content\/uploads\/2024\/12\/Maco_logo-1.png\",\"contentUrl\":\"https:\/\/www.macopizza.sk\/wp-content\/uploads\/2024\/12\/Maco_logo-1.png\",\"width\":500,\"height\":480,\"caption\":\"MacoPizza\"},\"image\":{\"@id\":\"https:\/\/www.macopizza.sk\/#\/schema\/logo\/image\/\"},\"sameAs\":[\"https:\/\/www.facebook.com\/profile.php?id=61569012014777\"]}]}<\/script>\n<!-- \/ Yoast SEO plugin. -->","yoast_head_json":{"title":"Je n\u00e1m \u013e\u00fato! - MacoPizza","robots":{"index":"index","follow":"follow","max-snippet":"max-snippet:-1","max-image-preview":"max-image-preview:large","max-video-preview":"max-video-preview:-1"},"canonical":"https:\/\/www.macopizza.sk\/en\/mimo_otvaracich_hodin\/","og_locale":"en_GB","og_type":"article","og_title":"Je n\u00e1m \u013e\u00fato! - MacoPizza","og_description":"Objedn\u00e1vky vybavujeme len v \u010dase od&nbsp;15:00&nbsp;do&nbsp;23:00.Pros\u00edm, nav\u0161t\u00edvte na\u0161u str\u00e1nku v tomto \u010dasovom intervale a radi v\u00e1m priprav\u00edme va\u0161u objedn\u00e1vku. \u010eakujeme [&hellip;]","og_url":"https:\/\/www.macopizza.sk\/en\/mimo_otvaracich_hodin\/","og_site_name":"MacoPizza","article_publisher":"https:\/\/www.facebook.com\/profile.php?id=61569012014777","article_modified_time":"2024-11-17T10:11:52+00:00","twitter_card":"summary_large_image","schema":{"@context":"https:\/\/schema.org","@graph":[{"@type":"WebPage","@id":"https:\/\/www.macopizza.sk\/mimo_otvaracich_hodin\/","url":"https:\/\/www.macopizza.sk\/mimo_otvaracich_hodin\/","name":"Je n\u00e1m \u013e\u00fato! - MacoPizza","isPartOf":{"@id":"https:\/\/www.macopizza.sk\/#website"},"datePublished":"2024-11-13T14:27:07+00:00","dateModified":"2024-11-17T10:11:52+00:00","breadcrumb":{"@id":"https:\/\/www.macopizza.sk\/mimo_otvaracich_hodin\/#breadcrumb"},"inLanguage":"en-GB","potentialAction":[{"@type":"ReadAction","target":["https:\/\/www.macopizza.sk\/mimo_otvaracich_hodin\/"]}]},{"@type":"BreadcrumbList","@id":"https:\/\/www.macopizza.sk\/mimo_otvaracich_hodin\/#breadcrumb","itemListElement":[{"@type":"ListItem","position":1,"name":"Home","item":"https:\/\/www.macopizza.sk\/"},{"@type":"ListItem","position":2,"name":"Je n\u00e1m \u013e\u00fato!"}]},{"@type":"WebSite","@id":"https:\/\/www.macopizza.sk\/#website","url":"https:\/\/www.macopizza.sk\/","name":"MacoPizza","description":"","publisher":{"@id":"https:\/\/www.macopizza.sk\/#organization"},"potentialAction":[{"@type":"SearchAction","target":{"@type":"EntryPoint","urlTemplate":"https:\/\/www.macopizza.sk\/?s={search_term_string}"},"query-input":{"@type":"PropertyValueSpecification","valueRequired":true,"valueName":"search_term_string"}}],"inLanguage":"en-GB"},{"@type":"Organization","@id":"https:\/\/www.macopizza.sk\/#organization","name":"MacoPizza","url":"https:\/\/www.macopizza.sk\/","logo":{"@type":"ImageObject","inLanguage":"en-GB","@id":"https:\/\/www.macopizza.sk\/#\/schema\/logo\/image\/","url":"https:\/\/www.macopizza.sk\/wp-content\/uploads\/2024\/12\/Maco_logo-1.png","contentUrl":"https:\/\/www.macopizza.sk\/wp-content\/uploads\/2024\/12\/Maco_logo-1.png","width":500,"height":480,"caption":"MacoPizza"},"image":{"@id":"https:\/\/www.macopizza.sk\/#\/schema\/logo\/image\/"},"sameAs":["https:\/\/www.facebook.com\/profile.php?id=61569012014777"]}]}},"uagb_featured_image_src":{"full":false,"thumbnail":false,"medium":false,"medium_large":false,"large":false,"1536x1536":false,"2048x2048":false,"trp-custom-language-flag":false,"woocommerce_thumbnail":false,"woocommerce_single":false,"woocommerce_gallery_thumbnail":false},"uagb_author_info":{"display_name":"marko","author_link":"https:\/\/www.macopizza.sk\/en\/author\/marko\/"},"uagb_comment_info":0,"uagb_excerpt":"Objedn\u00e1vky vybavujeme len v \u010dase od&nbsp;15:00&nbsp;do&nbsp;23:00.Pros\u00edm, nav\u0161t\u00edvte na\u0161u str\u00e1nku v tomto \u010dasovom intervale a radi v\u00e1m priprav\u00edme va\u0161u objedn\u00e1vku. \u010eakujeme [&hellip;]","_links":{"self":[{"href":"https:\/\/www.macopizza.sk\/en\/wp-json\/wp\/v2\/pages\/2084","targetHints":{"allow":["GET"]}}],"collection":[{"href":"https:\/\/www.macopizza.sk\/en\/wp-json\/wp\/v2\/pages"}],"about":[{"href":"https:\/\/www.macopizza.sk\/en\/wp-json\/wp\/v2\/types\/page"}],"author":[{"embeddable":true,"href":"https:\/\/www.macopizza.sk\/en\/wp-json\/wp\/v2\/users\/1"}],"replies":[{"embeddable":true,"href":"https:\/\/www.macopizza.sk\/en\/wp-json\/wp\/v2\/comments?post=2084"}],"version-history":[{"count":5,"href":"https:\/\/www.macopizza.sk\/en\/wp-json\/wp\/v2\/pages\/2084\/revisions"}],"predecessor-version":[{"id":2146,"href":"https:\/\/www.macopizza.sk\/en\/wp-json\/wp\/v2\/pages\/2084\/revisions\/2146"}],"wp:attachment":[{"href":"https:\/\/www.macopizza.sk\/en\/wp-json\/wp\/v2\/media?parent=2084"}],"curies":[{"name":"wp","href":"https:\/\/api.w.org\/{rel}","templated":true}]}}