
{"id":167,"date":"2024-10-01T18:04:14","date_gmt":"2024-10-01T16:04:14","guid":{"rendered":"https:\/\/www.macopizza.sk\/?page_id=167"},"modified":"2024-10-01T18:04:27","modified_gmt":"2024-10-01T16:04:27","slug":"offerings","status":"publish","type":"page","link":"https:\/\/www.macopizza.sk\/en\/offerings\/","title":{"rendered":"Offerings"},"content":{"rendered":"<div class=\"wp-block-uagb-container uagb-block-6803eae3 alignfull uagb-is-root-container\"><div class=\"uagb-container-inner-blocks-wrap\"><div class=\"wp-block-uagb-advanced-heading uagb-block-a2f9964e\"><h1 class=\"uagb-heading-text\">Na\u0161a ponuka<\/h1><\/div><\/div><\/div><div class=\"wp-block-uagb-container uagb-block-623363c6 alignfull uagb-is-root-container\"><div class=\"uagb-container-inner-blocks-wrap\"><div class=\"wp-block-uagb-info-box uagb-block-3801b6ed uagb-infobox__content-wrap  uagb-infobox-icon-above-title uagb-infobox-image-valign-top\"><div class=\"uagb-ifb-content\"><div class=\"uagb-ifb-title-wrap\"><h2 class=\"uagb-ifb-title\">Hlavn\u00e9 \u0161peciality na\u0161ej re\u0161taur\u00e1cie<\/h2><\/div><p class=\"uagb-ifb-desc\">Objavte na\u0161u \u0161irok\u00fa ponuku chutn\u00fdch pizz a jed\u00e1l, ktor\u00e9 pote\u0161ia aj t\u00fdch najn\u00e1ro\u010dnej\u0161\u00edch gurm\u00e1nov.<\/p><\/div><\/div>\n\n<div class=\"wp-block-uagb-container uagb-block-e91230d3\"><div class=\"wp-block-uagb-container uagb-block-b46395ef\"><div class=\"wp-block-uagb-image alignleft uagb-block-4ff9da3f wp-block-uagb-image--layout-default wp-block-uagb-image--effect-static wp-block-uagb-image--align-left\"><figure class=\"wp-block-uagb-image__figure\"><img decoding=\"async\" srcset=\"https:\/\/www.macopizza.sk\/wp-content\/uploads\/2024\/10\/pexels-photo-1049620.jpeg ,https:\/\/www.macopizza.sk\/wp-content\/uploads\/2024\/10\/pexels-photo-1049620.jpeg 780w, https:\/\/www.macopizza.sk\/wp-content\/uploads\/2024\/10\/pexels-photo-1049620.jpeg 360w\" sizes=\"auto, (max-width: 480px) 150px\" src=\"https:\/\/www.macopizza.sk\/wp-content\/uploads\/2024\/10\/pexels-photo-1049620.jpeg\" alt=\"\" class=\"uag-image-65\" width=\"560\" height=\"500\" title=\"\" loading=\"lazy\" role=\"img\"\/><\/figure><\/div><\/div>\n\n<div class=\"wp-block-uagb-container uagb-block-7621abb2\"><div class=\"wp-block-uagb-info-box uagb-block-f3d2d6b2 uagb-infobox__content-wrap  uagb-infobox-icon-above-title uagb-infobox-image-valign-top\"><div class=\"uagb-ifb-content\"><div class=\"uagb-ifb-title-wrap\"><span class=\"uagb-ifb-title-prefix\">01<\/span><h3 class=\"uagb-ifb-title\">Tradi\u010dn\u00e1 pizza<\/h3><\/div><p class=\"uagb-ifb-desc\">Na\u0161a tradi\u010dn\u00e1 Margherita pizza sa pripravuje z \u010derstv\u00fdch surov\u00edn s kvalitn\u00fdm paradajkov\u00fdm z\u00e1kladom a mozzarellou. Je ide\u00e1lnou vo\u013ebou pre milovn\u00edkov klasiky.<\/p><div class=\"uagb-ifb-button-wrapper wp-block-button\"><a href=\"\/en\/contact\/\" class=\"uagb-infobox-cta-link wp-block-button__link\" target=\"_self\" rel=\"noopener noreferrer\" onclick=\"return true;\" alt=\"\"><span class=\"uagb-inline-editing\">Za\u010da\u0165<\/span><\/a><\/div><\/div><\/div><\/div><\/div>\n\n<div class=\"wp-block-uagb-container uagb-block-3893b8aa\"><div class=\"wp-block-uagb-container uagb-block-b02b419f\"><div class=\"wp-block-uagb-image alignright uagb-block-2622f629 wp-block-uagb-image--layout-default wp-block-uagb-image--effect-static wp-block-uagb-image--align-right\"><figure class=\"wp-block-uagb-image__figure\"><img decoding=\"async\" srcset=\"https:\/\/www.macopizza.sk\/wp-content\/uploads\/2024\/10\/pexels-photo-3171766.jpeg ,https:\/\/www.macopizza.sk\/wp-content\/uploads\/2024\/10\/pexels-photo-3171766.jpeg 780w, https:\/\/www.macopizza.sk\/wp-content\/uploads\/2024\/10\/pexels-photo-3171766.jpeg 360w\" sizes=\"auto, (max-width: 480px) 150px\" src=\"https:\/\/www.macopizza.sk\/wp-content\/uploads\/2024\/10\/pexels-photo-3171766.jpeg\" alt=\"\" class=\"uag-image-66\" width=\"560\" height=\"500\" title=\"\" loading=\"lazy\" role=\"img\"\/><\/figure><\/div><\/div>\n\n<div class=\"wp-block-uagb-container uagb-block-862a6668\"><div class=\"wp-block-uagb-info-box uagb-block-411c16f4 uagb-infobox__content-wrap  uagb-infobox-icon-above-title uagb-infobox-image-valign-top\"><div class=\"uagb-ifb-content\"><div class=\"uagb-ifb-title-wrap\"><span class=\"uagb-ifb-title-prefix\">02<\/span><h3 class=\"uagb-ifb-title\">Bezlepkov\u00e9 mo\u017enosti<\/h3><\/div><p class=\"uagb-ifb-desc\">Pizza Quattro Formaggi je lahodn\u00e1 kombin\u00e1cia \u0161tyroch r\u00f4znych syrov, ktorej bohat\u00e1 chu\u0165 pote\u0161\u00ed v\u0161etk\u00fdch syr\u00e1rov. Perfektn\u00e1 vo\u013eba pre t\u00fdch, ktor\u00ed miluj\u00fa syrov\u00e9 jedl\u00e1.<\/p><div class=\"uagb-ifb-button-wrapper wp-block-button\"><a href=\"\/en\/contact\/\" class=\"uagb-infobox-cta-link wp-block-button__link\" target=\"_self\" rel=\"noopener noreferrer\" onclick=\"return true;\" alt=\"\"><span class=\"uagb-inline-editing\">Za\u010da\u0165<\/span><\/a><\/div><\/div><\/div><\/div><\/div>\n\n<div class=\"wp-block-uagb-container uagb-block-64c2a67e\"><div class=\"wp-block-uagb-container uagb-block-3fbfeeed\"><div class=\"wp-block-uagb-image alignleft uagb-block-5517d747 wp-block-uagb-image--layout-default wp-block-uagb-image--effect-static wp-block-uagb-image--align-left\"><figure class=\"wp-block-uagb-image__figure\"><img decoding=\"async\" srcset=\"https:\/\/www.macopizza.sk\/wp-content\/uploads\/2024\/10\/pexels-photo-3343627.jpeg ,https:\/\/www.macopizza.sk\/wp-content\/uploads\/2024\/10\/pexels-photo-3343627.jpeg 780w, https:\/\/www.macopizza.sk\/wp-content\/uploads\/2024\/10\/pexels-photo-3343627.jpeg 360w\" sizes=\"auto, (max-width: 480px) 150px\" src=\"https:\/\/www.macopizza.sk\/wp-content\/uploads\/2024\/10\/pexels-photo-3343627.jpeg\" alt=\"\" class=\"uag-image-67\" width=\"560\" height=\"500\" title=\"\" loading=\"lazy\" role=\"img\"\/><\/figure><\/div><\/div>\n\n<div class=\"wp-block-uagb-container uagb-block-4906a1e2\"><div class=\"wp-block-uagb-info-box uagb-block-b2c48bb3 uagb-infobox__content-wrap  uagb-infobox-icon-above-title uagb-infobox-image-valign-top\"><div class=\"uagb-ifb-content\"><div class=\"uagb-ifb-title-wrap\"><span class=\"uagb-ifb-title-prefix\">03<\/span><h3 class=\"uagb-ifb-title\">Vegetari\u00e1nske \u0161peciality<\/h3><\/div><p class=\"uagb-ifb-desc\">Na\u0161a vegetari\u00e1nska pizza s \u010derstvou zeleninou a bylinkami pon\u00faka lahodn\u00fd z\u00e1\u017eitok pre t\u00fdch, ktor\u00ed sa vyh\u00fdbaj\u00fa m\u00e4su. V\u00fdborn\u00e9 spojenie chut\u00ed a zdrav\u00e9ho stravovania.<\/p><div class=\"uagb-ifb-button-wrapper wp-block-button\"><a href=\"\/en\/contact\/\" class=\"uagb-infobox-cta-link wp-block-button__link\" target=\"_self\" rel=\"noopener noreferrer\" onclick=\"return true;\" alt=\"\"><span class=\"uagb-inline-editing\">Za\u010da\u0165<\/span><\/a><\/div><\/div><\/div><\/div><\/div><\/div><\/div><div class=\"wp-block-uagb-container uagb-block-407e9912 alignfull uagb-is-root-container\"><div class=\"uagb-container-inner-blocks-wrap\"><div class=\"wp-block-uagb-testimonial uagb-slick-carousel uagb-tm__arrow-outside uagb-block-63d6bdbb uagb-post__carousel_notset uagb-post__carousel_notset-tablet uagb-post__carousel_notset-mobile\"><div class=\"is-carousel uagb-tm__columns-1 uagb-tm__items\"><div class=\"uagb-testimonial__wrap  uagb-tm__imgicon-style-circle uagb-tm__image-position-top uagb-tm__bg-type-none\"><div class=\"uagb-tm__content\"><div class=\"uagb-tm__overlay\"><\/div><div class=\"uagb-tm__image-content\"><div class=\"uagb-tm__image\"><img decoding=\"async\" class=\"uagb-tm-img-src\" src=\"https:\/\/www.macopizza.sk\/wp-content\/uploads\/2023\/08\/testimonial-skip-02.jpeg\" alt=\"\" width=\"60\" height=\"60\" loading=\"lazy\"\/><\/div><\/div><div class=\"uagb-tm__text-wrap\"><div class=\"uagb-tm__desc\">MacoPizza je jednoducho najlep\u0161ia! Ich pizza je v\u017edy \u010derstv\u00e1 a chutn\u00e1, atmosf\u00e9ra je pr\u00edjemn\u00e1 a person\u00e1l priate\u013esk\u00fd.<\/div><div class=\"uagb-tm__meta-inner\"><div class=\"uagb-testimonial-details\"><span class=\"uagb-tm__author-name\">Jana Nov\u00e1kov\u00e1<\/span><span class=\"uagb-tm__company\"><\/span><\/div><\/div><\/div><\/div><\/div><\/div><\/div><\/div><\/div><div class=\"wp-block-uagb-container uagb-block-c6476a98 alignfull uagb-is-root-container\"><div class=\"uagb-container-inner-blocks-wrap\"><div class=\"wp-block-uagb-container uagb-block-499f3e2a\"><div class=\"wp-block-uagb-advanced-heading uagb-block-6fe09642\"><h2 class=\"uagb-heading-text\">Pre\u010do si vybra\u0165 MacoPizza?<\/h2><\/div>\n\n<div class=\"wp-block-uagb-advanced-heading uagb-block-72279faa\"><p class=\"uagb-heading-text\">Na\u0161a re\u0161taur\u00e1cia pon\u00faka kvalitn\u00e9 jedlo, priate\u013esk\u00fa atmosf\u00e9ru a pohodln\u00fd dovoz s mo\u017enos\u0165ou platby kartou, aby ste mali pohodlie v\u017edy na dosah.<\/p><\/div><\/div>\n\n<div class=\"wp-block-uagb-container uagb-block-8c7963ad\"><div class=\"wp-block-uagb-container uagb-block-918d0378\"><div class=\"wp-block-uagb-image uagb-block-0a080123 wp-block-uagb-image--layout-default wp-block-uagb-image--effect-static wp-block-uagb-image--align-none\"><figure class=\"wp-block-uagb-image__figure\"><img decoding=\"async\" srcset=\"https:\/\/www.macopizza.sk\/wp-content\/uploads\/2024\/10\/pexels-photo-3915857.jpeg ,https:\/\/www.macopizza.sk\/wp-content\/uploads\/2024\/10\/pexels-photo-3915857.jpeg 780w, https:\/\/www.macopizza.sk\/wp-content\/uploads\/2024\/10\/pexels-photo-3915857.jpeg 360w\" sizes=\"auto, (max-width: 480px) 150px\" src=\"https:\/\/www.macopizza.sk\/wp-content\/uploads\/2024\/10\/pexels-photo-3915857.jpeg\" alt=\"\" class=\"uag-image-69\" width=\"560\" height=\"450\" title=\"\" loading=\"lazy\" role=\"img\"\/><\/figure><\/div>\n\n<div class=\"wp-block-uagb-advanced-heading uagb-block-53687665\"><h3 class=\"uagb-heading-text\">\u010cerstv\u00e9 suroviny<\/h3><p class=\"uagb-desc-text\">V MacoPizza sa zameriavame na kvalitu. V\u0161etky na\u0161e ingrediencie s\u00fa starostlivo vyberan\u00e9 a dod\u00e1vaj\u00fa pizze v\u00fdnimo\u010dn\u00fa chu\u0165.<\/p><\/div><\/div>\n\n<div class=\"wp-block-uagb-container uagb-block-a2b4d0ac\"><div class=\"wp-block-uagb-image alignleft uagb-block-7a16e14f wp-block-uagb-image--layout-default wp-block-uagb-image--effect-static wp-block-uagb-image--align-left\"><figure class=\"wp-block-uagb-image__figure\"><img decoding=\"async\" srcset=\"https:\/\/www.macopizza.sk\/wp-content\/uploads\/2024\/10\/pexels-photo-3343624.jpeg ,https:\/\/www.macopizza.sk\/wp-content\/uploads\/2024\/10\/pexels-photo-3343624.jpeg 780w, https:\/\/www.macopizza.sk\/wp-content\/uploads\/2024\/10\/pexels-photo-3343624.jpeg 360w\" sizes=\"auto, (max-width: 480px) 150px\" src=\"https:\/\/www.macopizza.sk\/wp-content\/uploads\/2024\/10\/pexels-photo-3343624.jpeg\" alt=\"\" class=\"uag-image-70\" width=\"560\" height=\"450\" title=\"\" loading=\"lazy\" role=\"img\"\/><\/figure><\/div>\n\n<div class=\"wp-block-uagb-advanced-heading uagb-block-c5a580ac\"><h3 class=\"uagb-heading-text\">R\u00fdchly dovoz<\/h3><p class=\"uagb-desc-text\">Objednajte si pizzu pohodlne z domova a vychutnajte si r\u00fdchly a spo\u013eahliv\u00fd dovoz priamo k va\u0161im dver\u00e1m. Zaru\u010dujeme \u010derstvos\u0165 a kvalitu.<\/p><\/div><\/div><\/div><\/div><\/div><div class=\"wp-block-uagb-container uagb-block-c84325e4 alignfull uagb-is-root-container\"><div class=\"uagb-container-inner-blocks-wrap\"><div class=\"wp-block-columns is-layout-flex wp-container-core-columns-is-layout-28f84493 wp-block-columns-is-layout-flex\"><div class=\"wp-block-column is-layout-flow wp-block-column-is-layout-flow\" style=\"flex-basis:66.67%\"><div class=\"google_map_container\"><iframe loading=\"lazy\" src=\"https:\/\/www.google.com\/maps\/d\/u\/3\/embed?mid=1dcsKpqlm55t7SqoRUrqM88BWq3YxfrM&#038;ehbc=2E312F&#038;noprof=1\" width=\"100%\" height=\"600\"><\/iframe><\/div><\/div>\n\n<div class=\"wp-block-column is-layout-flow wp-block-column-is-layout-flow\" style=\"flex-basis:33.33%\"><h2 class=\"wp-block-heading has-ast-global-color-5-color has-text-color has-link-color has-x-large-font-size wp-elements-2f23d7af5193bda8c011aec9c7e5210f\">Pridajte sa k n\u00e1m!<\/h2>\n\n<p class=\"has-ast-global-color-5-color has-text-color has-link-color has-medium-font-size wp-elements-82849770d5da12f561900d96e1b0294e\">Pr\u00ed\u010fte si vychutna\u0165 na\u0161u skvel\u00fa pizzu v tesnej bl\u00edzkosti letiska. Sme otvoren\u00ed denne od 15:00 do 23:00 hod.<\/p>\n\n<div class=\"wp-block-uagb-buttons uagb-buttons__outer-wrap uagb-btn__default-btn uagb-btn-tablet__default-btn uagb-btn-mobile__default-btn uagb-block-c4a73af3\"><div class=\"uagb-buttons__wrap uagb-buttons-layout-wrap\"><div class=\"wp-block-uagb-buttons-child uagb-buttons__outer-wrap uagb-block-3ef19c0a wp-block-button\"><div class=\"uagb-button__wrapper\"><a class=\"uagb-buttons-repeater wp-block-button__link\" aria-label=\"\" href=\"\/en\/obchod\/\" rel=\"follow noopener\" target=\"_self\" role=\"button\"><div class=\"uagb-button__link\">Objedna\u0165 teraz<\/div><span class=\"uagb-button__icon uagb-button__icon-position-after\"><svg xmlns=\"https:\/\/www.w3.org\/2000\/svg\" viewbox=\"0 0 512 512\" aria-hidden=\"true\" focussable=\"false\"><path d=\"M100.4 112.3L.5101 491.7c-1.375 5.625 .1622 11.6 4.287 15.6c4.127 4.125 10.13 5.744 15.63 4.119l379.1-105.1C395.3 231.4 276.5 114.1 100.4 112.3zM127.1 416c-17.62 0-32-14.38-32-31.1c0-17.62 14.39-32 32.01-32c17.63 0 32 14.38 32 31.1C160 401.6 145.6 416 127.1 416zM175.1 271.1c-17.63 0-32-14.38-32-32c0-17.62 14.38-31.1 32-31.1c17.62 0 32 14.38 32 31.1C208 257.6 193.6 271.1 175.1 271.1zM272 367.1c-17.62 0-32-14.38-32-31.1c0-17.62 14.38-32 32-32c17.63 0 32 14.38 32 32C304 353.6 289.6 367.1 272 367.1zM158.9 .1406c-16.13-1.5-31.25 8.501-35.38 24.12L108.7 80.52c187.6 5.5 314.5 130.6 322.5 316.1l56.88-15.75c15.75-4.375 25.5-19.62 23.63-35.87C490.9 165.1 340.8 17.39 158.9 .1406z\"><\/path><\/svg><\/span><\/a><\/div><\/div><\/div><\/div><\/div><\/div><\/div><\/div>","protected":false},"excerpt":{"rendered":"<p>Na\u0161a ponuka Pre\u010do si vybra\u0165 MacoPizza? Na\u0161a re\u0161taur\u00e1cia pon\u00faka kvalitn\u00e9 jedlo, priate\u013esk\u00fa atmosf\u00e9ru a pohodln\u00fd dovoz s mo\u017enos\u0165ou platby kartou, [&hellip;]<\/p>","protected":false},"author":1,"featured_media":0,"parent":0,"menu_order":0,"comment_status":"closed","ping_status":"closed","template":"","meta":{"_uag_custom_page_level_css":"","site-sidebar-layout":"default","site-content-layout":"","ast-site-content-layout":"default","site-content-style":"default","site-sidebar-style":"default","ast-global-header-display":"","ast-banner-title-visibility":"","ast-main-header-display":"","ast-hfb-above-header-display":"","ast-hfb-below-header-display":"","ast-hfb-mobile-header-display":"","site-post-title":"disabled","ast-breadcrumbs-content":"","ast-featured-img":"","footer-sml-layout":"","theme-transparent-header-meta":"enabled","adv-header-id-meta":"","stick-header-meta":"","header-above-stick-meta":"","header-main-stick-meta":"","header-below-stick-meta":"","astra-migrate-meta-layouts":"set","ast-page-background-enabled":"default","ast-page-background-meta":{"desktop":{"background-color":"var(--ast-global-color-4)","background-image":"","background-repeat":"repeat","background-position":"center center","background-size":"auto","background-attachment":"scroll","background-type":"","background-media":"","overlay-type":"","overlay-color":"","overlay-opacity":"","overlay-gradient":""},"tablet":{"background-color":"","background-image":"","background-repeat":"repeat","background-position":"center center","background-size":"auto","background-attachment":"scroll","background-type":"","background-media":"","overlay-type":"","overlay-color":"","overlay-opacity":"","overlay-gradient":""},"mobile":{"background-color":"","background-image":"","background-repeat":"repeat","background-position":"center center","background-size":"auto","background-attachment":"scroll","background-type":"","background-media":"","overlay-type":"","overlay-color":"","overlay-opacity":"","overlay-gradient":""}},"ast-content-background-meta":{"desktop":{"background-color":"var(--ast-global-color-5)","background-image":"","background-repeat":"repeat","background-position":"center center","background-size":"auto","background-attachment":"scroll","background-type":"","background-media":"","overlay-type":"","overlay-color":"","overlay-opacity":"","overlay-gradient":""},"tablet":{"background-color":"var(--ast-global-color-5)","background-image":"","background-repeat":"repeat","background-position":"center center","background-size":"auto","background-attachment":"scroll","background-type":"","background-media":"","overlay-type":"","overlay-color":"","overlay-opacity":"","overlay-gradient":""},"mobile":{"background-color":"var(--ast-global-color-5)","background-image":"","background-repeat":"repeat","background-position":"center center","background-size":"auto","background-attachment":"scroll","background-type":"","background-media":"","overlay-type":"","overlay-color":"","overlay-opacity":"","overlay-gradient":""}},"footnotes":""},"class_list":["post-167","page","type-page","status-publish","hentry"],"yoast_head":"<!-- This site is optimized with the Yoast SEO plugin v24.3 - https:\/\/yoast.com\/wordpress\/plugins\/seo\/ -->\n<title>Offerings - MacoPizza<\/title>\n<meta name=\"robots\" content=\"index, follow, max-snippet:-1, max-image-preview:large, max-video-preview:-1\" \/>\n<link rel=\"canonical\" href=\"https:\/\/www.macopizza.sk\/en\/offerings\/\" \/>\n<meta property=\"og:locale\" content=\"en_GB\" \/>\n<meta property=\"og:type\" content=\"article\" \/>\n<meta property=\"og:title\" content=\"Offerings - MacoPizza\" \/>\n<meta property=\"og:description\" content=\"Na\u0161a ponuka Pre\u010do si vybra\u0165 MacoPizza? Na\u0161a re\u0161taur\u00e1cia pon\u00faka kvalitn\u00e9 jedlo, priate\u013esk\u00fa atmosf\u00e9ru a pohodln\u00fd dovoz s mo\u017enos\u0165ou platby kartou, [&hellip;]\" \/>\n<meta property=\"og:url\" content=\"https:\/\/www.macopizza.sk\/en\/offerings\/\" \/>\n<meta property=\"og:site_name\" content=\"MacoPizza\" \/>\n<meta property=\"article:publisher\" content=\"https:\/\/www.facebook.com\/profile.php?id=61569012014777\" \/>\n<meta property=\"article:modified_time\" content=\"2024-10-01T16:04:27+00:00\" \/>\n<meta property=\"og:image\" content=\"https:\/\/www.macopizza.sk\/wp-content\/uploads\/2024\/10\/pexels-photo-1049620.jpeg\" \/>\n<meta name=\"twitter:card\" content=\"summary_large_image\" \/>\n<meta name=\"twitter:label1\" content=\"Estimated reading time\" \/>\n\t<meta name=\"twitter:data1\" content=\"1 minute\" \/>\n<script type=\"application\/ld+json\" class=\"yoast-schema-graph\">{\"@context\":\"https:\/\/schema.org\",\"@graph\":[{\"@type\":\"WebPage\",\"@id\":\"https:\/\/www.macopizza.sk\/offerings\/\",\"url\":\"https:\/\/www.macopizza.sk\/offerings\/\",\"name\":\"Offerings - MacoPizza\",\"isPartOf\":{\"@id\":\"https:\/\/www.macopizza.sk\/#website\"},\"primaryImageOfPage\":{\"@id\":\"https:\/\/www.macopizza.sk\/offerings\/#primaryimage\"},\"image\":{\"@id\":\"https:\/\/www.macopizza.sk\/offerings\/#primaryimage\"},\"thumbnailUrl\":\"https:\/\/www.macopizza.sk\/wp-content\/uploads\/2024\/10\/pexels-photo-1049620.jpeg\",\"datePublished\":\"2024-10-01T16:04:14+00:00\",\"dateModified\":\"2024-10-01T16:04:27+00:00\",\"breadcrumb\":{\"@id\":\"https:\/\/www.macopizza.sk\/offerings\/#breadcrumb\"},\"inLanguage\":\"en-GB\",\"potentialAction\":[{\"@type\":\"ReadAction\",\"target\":[\"https:\/\/www.macopizza.sk\/offerings\/\"]}]},{\"@type\":\"ImageObject\",\"inLanguage\":\"en-GB\",\"@id\":\"https:\/\/www.macopizza.sk\/offerings\/#primaryimage\",\"url\":\"https:\/\/www.macopizza.sk\/wp-content\/uploads\/2024\/10\/pexels-photo-1049620.jpeg\",\"contentUrl\":\"https:\/\/www.macopizza.sk\/wp-content\/uploads\/2024\/10\/pexels-photo-1049620.jpeg\"},{\"@type\":\"BreadcrumbList\",\"@id\":\"https:\/\/www.macopizza.sk\/offerings\/#breadcrumb\",\"itemListElement\":[{\"@type\":\"ListItem\",\"position\":1,\"name\":\"Home\",\"item\":\"https:\/\/www.macopizza.sk\/\"},{\"@type\":\"ListItem\",\"position\":2,\"name\":\"Offerings\"}]},{\"@type\":\"WebSite\",\"@id\":\"https:\/\/www.macopizza.sk\/#website\",\"url\":\"https:\/\/www.macopizza.sk\/\",\"name\":\"MacoPizza\",\"description\":\"\",\"publisher\":{\"@id\":\"https:\/\/www.macopizza.sk\/#organization\"},\"potentialAction\":[{\"@type\":\"SearchAction\",\"target\":{\"@type\":\"EntryPoint\",\"urlTemplate\":\"https:\/\/www.macopizza.sk\/?s={search_term_string}\"},\"query-input\":{\"@type\":\"PropertyValueSpecification\",\"valueRequired\":true,\"valueName\":\"search_term_string\"}}],\"inLanguage\":\"en-GB\"},{\"@type\":\"Organization\",\"@id\":\"https:\/\/www.macopizza.sk\/#organization\",\"name\":\"MacoPizza\",\"url\":\"https:\/\/www.macopizza.sk\/\",\"logo\":{\"@type\":\"ImageObject\",\"inLanguage\":\"en-GB\",\"@id\":\"https:\/\/www.macopizza.sk\/#\/schema\/logo\/image\/\",\"url\":\"https:\/\/www.macopizza.sk\/wp-content\/uploads\/2024\/12\/Maco_logo-1.png\",\"contentUrl\":\"https:\/\/www.macopizza.sk\/wp-content\/uploads\/2024\/12\/Maco_logo-1.png\",\"width\":500,\"height\":480,\"caption\":\"MacoPizza\"},\"image\":{\"@id\":\"https:\/\/www.macopizza.sk\/#\/schema\/logo\/image\/\"},\"sameAs\":[\"https:\/\/www.facebook.com\/profile.php?id=61569012014777\"]}]}<\/script>\n<!-- \/ Yoast SEO plugin. -->","yoast_head_json":{"title":"Offerings - MacoPizza","robots":{"index":"index","follow":"follow","max-snippet":"max-snippet:-1","max-image-preview":"max-image-preview:large","max-video-preview":"max-video-preview:-1"},"canonical":"https:\/\/www.macopizza.sk\/en\/offerings\/","og_locale":"en_GB","og_type":"article","og_title":"Offerings - MacoPizza","og_description":"Na\u0161a ponuka Pre\u010do si vybra\u0165 MacoPizza? Na\u0161a re\u0161taur\u00e1cia pon\u00faka kvalitn\u00e9 jedlo, priate\u013esk\u00fa atmosf\u00e9ru a pohodln\u00fd dovoz s mo\u017enos\u0165ou platby kartou, [&hellip;]","og_url":"https:\/\/www.macopizza.sk\/en\/offerings\/","og_site_name":"MacoPizza","article_publisher":"https:\/\/www.facebook.com\/profile.php?id=61569012014777","article_modified_time":"2024-10-01T16:04:27+00:00","og_image":[{"url":"https:\/\/www.macopizza.sk\/wp-content\/uploads\/2024\/10\/pexels-photo-1049620.jpeg","type":"","width":"","height":""}],"twitter_card":"summary_large_image","twitter_misc":{"Estimated reading time":"1 minute"},"schema":{"@context":"https:\/\/schema.org","@graph":[{"@type":"WebPage","@id":"https:\/\/www.macopizza.sk\/offerings\/","url":"https:\/\/www.macopizza.sk\/offerings\/","name":"Offerings - MacoPizza","isPartOf":{"@id":"https:\/\/www.macopizza.sk\/#website"},"primaryImageOfPage":{"@id":"https:\/\/www.macopizza.sk\/offerings\/#primaryimage"},"image":{"@id":"https:\/\/www.macopizza.sk\/offerings\/#primaryimage"},"thumbnailUrl":"https:\/\/www.macopizza.sk\/wp-content\/uploads\/2024\/10\/pexels-photo-1049620.jpeg","datePublished":"2024-10-01T16:04:14+00:00","dateModified":"2024-10-01T16:04:27+00:00","breadcrumb":{"@id":"https:\/\/www.macopizza.sk\/offerings\/#breadcrumb"},"inLanguage":"en-GB","potentialAction":[{"@type":"ReadAction","target":["https:\/\/www.macopizza.sk\/offerings\/"]}]},{"@type":"ImageObject","inLanguage":"en-GB","@id":"https:\/\/www.macopizza.sk\/offerings\/#primaryimage","url":"https:\/\/www.macopizza.sk\/wp-content\/uploads\/2024\/10\/pexels-photo-1049620.jpeg","contentUrl":"https:\/\/www.macopizza.sk\/wp-content\/uploads\/2024\/10\/pexels-photo-1049620.jpeg"},{"@type":"BreadcrumbList","@id":"https:\/\/www.macopizza.sk\/offerings\/#breadcrumb","itemListElement":[{"@type":"ListItem","position":1,"name":"Home","item":"https:\/\/www.macopizza.sk\/"},{"@type":"ListItem","position":2,"name":"Offerings"}]},{"@type":"WebSite","@id":"https:\/\/www.macopizza.sk\/#website","url":"https:\/\/www.macopizza.sk\/","name":"MacoPizza","description":"","publisher":{"@id":"https:\/\/www.macopizza.sk\/#organization"},"potentialAction":[{"@type":"SearchAction","target":{"@type":"EntryPoint","urlTemplate":"https:\/\/www.macopizza.sk\/?s={search_term_string}"},"query-input":{"@type":"PropertyValueSpecification","valueRequired":true,"valueName":"search_term_string"}}],"inLanguage":"en-GB"},{"@type":"Organization","@id":"https:\/\/www.macopizza.sk\/#organization","name":"MacoPizza","url":"https:\/\/www.macopizza.sk\/","logo":{"@type":"ImageObject","inLanguage":"en-GB","@id":"https:\/\/www.macopizza.sk\/#\/schema\/logo\/image\/","url":"https:\/\/www.macopizza.sk\/wp-content\/uploads\/2024\/12\/Maco_logo-1.png","contentUrl":"https:\/\/www.macopizza.sk\/wp-content\/uploads\/2024\/12\/Maco_logo-1.png","width":500,"height":480,"caption":"MacoPizza"},"image":{"@id":"https:\/\/www.macopizza.sk\/#\/schema\/logo\/image\/"},"sameAs":["https:\/\/www.facebook.com\/profile.php?id=61569012014777"]}]}},"uagb_featured_image_src":{"full":false,"thumbnail":false,"medium":false,"medium_large":false,"large":false,"1536x1536":false,"2048x2048":false,"trp-custom-language-flag":false,"woocommerce_thumbnail":false,"woocommerce_single":false,"woocommerce_gallery_thumbnail":false},"uagb_author_info":{"display_name":"marko","author_link":"https:\/\/www.macopizza.sk\/en\/author\/marko\/"},"uagb_comment_info":0,"uagb_excerpt":"Na\u0161a ponuka Pre\u010do si vybra\u0165 MacoPizza? Na\u0161a re\u0161taur\u00e1cia pon\u00faka kvalitn\u00e9 jedlo, priate\u013esk\u00fa atmosf\u00e9ru a pohodln\u00fd dovoz s mo\u017enos\u0165ou platby kartou, [&hellip;]","_links":{"self":[{"href":"https:\/\/www.macopizza.sk\/en\/wp-json\/wp\/v2\/pages\/167","targetHints":{"allow":["GET"]}}],"collection":[{"href":"https:\/\/www.macopizza.sk\/en\/wp-json\/wp\/v2\/pages"}],"about":[{"href":"https:\/\/www.macopizza.sk\/en\/wp-json\/wp\/v2\/types\/page"}],"author":[{"embeddable":true,"href":"https:\/\/www.macopizza.sk\/en\/wp-json\/wp\/v2\/users\/1"}],"replies":[{"embeddable":true,"href":"https:\/\/www.macopizza.sk\/en\/wp-json\/wp\/v2\/comments?post=167"}],"version-history":[{"count":2,"href":"https:\/\/www.macopizza.sk\/en\/wp-json\/wp\/v2\/pages\/167\/revisions"}],"predecessor-version":[{"id":1549,"href":"https:\/\/www.macopizza.sk\/en\/wp-json\/wp\/v2\/pages\/167\/revisions\/1549"}],"wp:attachment":[{"href":"https:\/\/www.macopizza.sk\/en\/wp-json\/wp\/v2\/media?parent=167"}],"curies":[{"name":"wp","href":"https:\/\/api.w.org\/{rel}","templated":true}]}}