
{"id":118,"date":"2024-10-01T18:04:14","date_gmt":"2024-10-01T16:04:14","guid":{"rendered":"https:\/\/www.macopizza.sk\/?page_id=118"},"modified":"2025-01-10T22:46:52","modified_gmt":"2025-01-10T21:46:52","slug":"about","status":"publish","type":"page","link":"https:\/\/www.macopizza.sk\/en\/about\/","title":{"rendered":"About"},"content":{"rendered":"<div class=\"wp-block-uagb-container uagb-block-7fa683e6 alignfull uagb-is-root-container\"><div class=\"uagb-container-inner-blocks-wrap\"><div class=\"wp-block-uagb-advanced-heading uagb-block-74b342eb\"><h1 class=\"uagb-heading-text\">O n\u00e1s<\/h1><\/div><\/div><\/div><div class=\"wp-block-uagb-advanced-heading uagb-block-671f3570\"><\/div><div class=\"wp-block-uagb-container uagb-block-94ded581 alignfull uagb-is-root-container\"><div class=\"uagb-container-inner-blocks-wrap\"><\/div><\/div><div class=\"wp-block-uagb-container uagb-block-cc344175 alignfull uagb-is-root-container\"><div class=\"uagb-container-inner-blocks-wrap\"><div class=\"wp-block-uagb-advanced-heading uagb-block-7b2294a3\"><h2 class=\"uagb-heading-text\">Na\u0161e hodnoty<\/h2><\/div>\n\n<div class=\"wp-block-uagb-container uagb-block-ecb8dade\"><div class=\"wp-block-uagb-advanced-heading uagb-block-bef7d43a\"><h3 class=\"uagb-heading-text\">Kvalita<\/h3><p class=\"uagb-desc-text\">Pou\u017e\u00edvame iba najlep\u0161ie suroviny, aby sme zabezpe\u010dili v\u00fdnimo\u010dn\u00fa chu\u0165 a \u010derstvos\u0165 v ka\u017edom jedle, ktor\u00e9 serv\u00edrujeme.<\/p><\/div>\n\n<div class=\"wp-block-uagb-advanced-heading uagb-block-b863782d\"><h3 class=\"uagb-heading-text\">Spo\u013eahlivos\u0165<\/h3><p class=\"uagb-desc-text\">Na n\u00e1s sa m\u00f4\u017eete v\u017edy spo\u013eahn\u00fa\u0165. Zabezpe\u010dujeme r\u00fdchly a efekt\u00edvny rozvoz a pr\u00edjemn\u00e9 prostredie v re\u0161taur\u00e1cii.<\/p><\/div>\n\n<div class=\"wp-block-uagb-advanced-heading uagb-block-9f890ad2\"><h3 class=\"uagb-heading-text\">Pr\u00edjemn\u00e1 atmosf\u00e9ra<\/h3><p class=\"uagb-desc-text\">K\u00fdm budete \u010daka\u0165 na pizzu, m\u00f4\u017ete si vychutna\u0165 k\u00e1vi\u010dku v pr\u00edjemnom a modernom prostred\u00ed.<\/p><\/div><\/div><\/div><\/div><div class=\"wp-block-uagb-container uagb-block-c84325e4 alignfull uagb-is-root-container\"><div class=\"uagb-container-inner-blocks-wrap\"><div class=\"wp-block-columns is-layout-flex wp-container-core-columns-is-layout-28f84493 wp-block-columns-is-layout-flex\"><div class=\"wp-block-column is-layout-flow wp-block-column-is-layout-flow\" style=\"flex-basis:66.67%\"><div class=\"google_map_container\"><iframe loading=\"lazy\" src=\"https:\/\/www.google.com\/maps\/d\/u\/3\/embed?mid=1dcsKpqlm55t7SqoRUrqM88BWq3YxfrM&#038;ehbc=2E312F&#038;noprof=1\" width=\"100%\" height=\"600\"><\/iframe><\/div><\/div>\n\n<div class=\"wp-block-column is-layout-flow wp-block-column-is-layout-flow\" style=\"flex-basis:33.33%\"><h2 class=\"wp-block-heading has-ast-global-color-5-color has-text-color has-link-color has-x-large-font-size wp-elements-2f23d7af5193bda8c011aec9c7e5210f\">Pridajte sa k n\u00e1m!<\/h2>\n\n<p class=\"has-ast-global-color-5-color has-text-color has-link-color has-medium-font-size wp-elements-82849770d5da12f561900d96e1b0294e\">Pr\u00ed\u010fte si vychutna\u0165 na\u0161u skvel\u00fa pizzu v tesnej bl\u00edzkosti letiska. Sme otvoren\u00ed denne od 15:00 do 23:00 hod.<\/p>\n\n<div class=\"wp-block-uagb-buttons uagb-buttons__outer-wrap uagb-btn__default-btn uagb-btn-tablet__default-btn uagb-btn-mobile__default-btn uagb-block-c4a73af3\"><div class=\"uagb-buttons__wrap uagb-buttons-layout-wrap\"><div class=\"wp-block-uagb-buttons-child uagb-buttons__outer-wrap uagb-block-3ef19c0a wp-block-button\"><div class=\"uagb-button__wrapper\"><a class=\"uagb-buttons-repeater wp-block-button__link\" aria-label=\"\" href=\"\/en\/obchod\/\" rel=\"follow noopener\" target=\"_self\" role=\"button\"><div class=\"uagb-button__link\">Objedna\u0165 teraz<\/div><span class=\"uagb-button__icon uagb-button__icon-position-after\"><svg xmlns=\"https:\/\/www.w3.org\/2000\/svg\" viewbox=\"0 0 512 512\" aria-hidden=\"true\" focussable=\"false\"><path d=\"M100.4 112.3L.5101 491.7c-1.375 5.625 .1622 11.6 4.287 15.6c4.127 4.125 10.13 5.744 15.63 4.119l379.1-105.1C395.3 231.4 276.5 114.1 100.4 112.3zM127.1 416c-17.62 0-32-14.38-32-31.1c0-17.62 14.39-32 32.01-32c17.63 0 32 14.38 32 31.1C160 401.6 145.6 416 127.1 416zM175.1 271.1c-17.63 0-32-14.38-32-32c0-17.62 14.38-31.1 32-31.1c17.62 0 32 14.38 32 31.1C208 257.6 193.6 271.1 175.1 271.1zM272 367.1c-17.62 0-32-14.38-32-31.1c0-17.62 14.38-32 32-32c17.63 0 32 14.38 32 32C304 353.6 289.6 367.1 272 367.1zM158.9 .1406c-16.13-1.5-31.25 8.501-35.38 24.12L108.7 80.52c187.6 5.5 314.5 130.6 322.5 316.1l56.88-15.75c15.75-4.375 25.5-19.62 23.63-35.87C490.9 165.1 340.8 17.39 158.9 .1406z\"><\/path><\/svg><\/span><\/a><\/div><\/div><\/div><\/div><\/div><\/div><\/div><\/div><div class=\"wp-block-uagb-advanced-heading uagb-block-bdc0a3b1\"><h2 class=\"uagb-heading-text\">Your Attractive Heading<\/h2><\/div>","protected":false},"excerpt":{"rendered":"<p>O n\u00e1s Na\u0161e hodnoty Kvalita Pou\u017e\u00edvame iba najlep\u0161ie suroviny, aby sme zabezpe\u010dili v\u00fdnimo\u010dn\u00fa chu\u0165 a \u010derstvos\u0165 v ka\u017edom jedle, ktor\u00e9 [&hellip;]<\/p>","protected":false},"author":1,"featured_media":0,"parent":0,"menu_order":0,"comment_status":"closed","ping_status":"closed","template":"","meta":{"_uag_custom_page_level_css":"","site-sidebar-layout":"default","site-content-layout":"","ast-site-content-layout":"default","site-content-style":"default","site-sidebar-style":"default","ast-global-header-display":"","ast-banner-title-visibility":"","ast-main-header-display":"","ast-hfb-above-header-display":"","ast-hfb-below-header-display":"","ast-hfb-mobile-header-display":"","site-post-title":"disabled","ast-breadcrumbs-content":"","ast-featured-img":"","footer-sml-layout":"","theme-transparent-header-meta":"enabled","adv-header-id-meta":"","stick-header-meta":"","header-above-stick-meta":"","header-main-stick-meta":"","header-below-stick-meta":"","astra-migrate-meta-layouts":"set","ast-page-background-enabled":"default","ast-page-background-meta":{"desktop":{"background-color":"var(--ast-global-color-4)","background-image":"","background-repeat":"repeat","background-position":"center center","background-size":"auto","background-attachment":"scroll","background-type":"","background-media":"","overlay-type":"","overlay-color":"","overlay-opacity":"","overlay-gradient":""},"tablet":{"background-color":"","background-image":"","background-repeat":"repeat","background-position":"center center","background-size":"auto","background-attachment":"scroll","background-type":"","background-media":"","overlay-type":"","overlay-color":"","overlay-opacity":"","overlay-gradient":""},"mobile":{"background-color":"","background-image":"","background-repeat":"repeat","background-position":"center center","background-size":"auto","background-attachment":"scroll","background-type":"","background-media":"","overlay-type":"","overlay-color":"","overlay-opacity":"","overlay-gradient":""}},"ast-content-background-meta":{"desktop":{"background-color":"var(--ast-global-color-5)","background-image":"","background-repeat":"repeat","background-position":"center center","background-size":"auto","background-attachment":"scroll","background-type":"","background-media":"","overlay-type":"","overlay-color":"","overlay-opacity":"","overlay-gradient":""},"tablet":{"background-color":"var(--ast-global-color-5)","background-image":"","background-repeat":"repeat","background-position":"center center","background-size":"auto","background-attachment":"scroll","background-type":"","background-media":"","overlay-type":"","overlay-color":"","overlay-opacity":"","overlay-gradient":""},"mobile":{"background-color":"var(--ast-global-color-5)","background-image":"","background-repeat":"repeat","background-position":"center center","background-size":"auto","background-attachment":"scroll","background-type":"","background-media":"","overlay-type":"","overlay-color":"","overlay-opacity":"","overlay-gradient":""}},"footnotes":""},"class_list":["post-118","page","type-page","status-publish","hentry"],"yoast_head":"<!-- This site is optimized with the Yoast SEO plugin v24.3 - https:\/\/yoast.com\/wordpress\/plugins\/seo\/ -->\n<title>About - MacoPizza<\/title>\n<meta name=\"robots\" content=\"index, follow, max-snippet:-1, max-image-preview:large, max-video-preview:-1\" \/>\n<link rel=\"canonical\" href=\"https:\/\/www.macopizza.sk\/en\/about\/\" \/>\n<meta property=\"og:locale\" content=\"en_GB\" \/>\n<meta property=\"og:type\" content=\"article\" \/>\n<meta property=\"og:title\" content=\"About - MacoPizza\" \/>\n<meta property=\"og:description\" content=\"O n\u00e1s Na\u0161e hodnoty Kvalita Pou\u017e\u00edvame iba najlep\u0161ie suroviny, aby sme zabezpe\u010dili v\u00fdnimo\u010dn\u00fa chu\u0165 a \u010derstvos\u0165 v ka\u017edom jedle, ktor\u00e9 [&hellip;]\" \/>\n<meta property=\"og:url\" content=\"https:\/\/www.macopizza.sk\/en\/about\/\" \/>\n<meta property=\"og:site_name\" content=\"MacoPizza\" \/>\n<meta property=\"article:publisher\" content=\"https:\/\/www.facebook.com\/profile.php?id=61569012014777\" \/>\n<meta property=\"article:modified_time\" content=\"2025-01-10T21:46:52+00:00\" \/>\n<meta name=\"twitter:card\" content=\"summary_large_image\" \/>\n<meta name=\"twitter:label1\" content=\"Estimated reading time\" \/>\n\t<meta name=\"twitter:data1\" content=\"1 minute\" \/>\n<script type=\"application\/ld+json\" class=\"yoast-schema-graph\">{\"@context\":\"https:\/\/schema.org\",\"@graph\":[{\"@type\":\"WebPage\",\"@id\":\"https:\/\/www.macopizza.sk\/about\/\",\"url\":\"https:\/\/www.macopizza.sk\/about\/\",\"name\":\"About - MacoPizza\",\"isPartOf\":{\"@id\":\"https:\/\/www.macopizza.sk\/#website\"},\"datePublished\":\"2024-10-01T16:04:14+00:00\",\"dateModified\":\"2025-01-10T21:46:52+00:00\",\"breadcrumb\":{\"@id\":\"https:\/\/www.macopizza.sk\/about\/#breadcrumb\"},\"inLanguage\":\"en-GB\",\"potentialAction\":[{\"@type\":\"ReadAction\",\"target\":[\"https:\/\/www.macopizza.sk\/about\/\"]}]},{\"@type\":\"BreadcrumbList\",\"@id\":\"https:\/\/www.macopizza.sk\/about\/#breadcrumb\",\"itemListElement\":[{\"@type\":\"ListItem\",\"position\":1,\"name\":\"Home\",\"item\":\"https:\/\/www.macopizza.sk\/\"},{\"@type\":\"ListItem\",\"position\":2,\"name\":\"About\"}]},{\"@type\":\"WebSite\",\"@id\":\"https:\/\/www.macopizza.sk\/#website\",\"url\":\"https:\/\/www.macopizza.sk\/\",\"name\":\"MacoPizza\",\"description\":\"\",\"publisher\":{\"@id\":\"https:\/\/www.macopizza.sk\/#organization\"},\"potentialAction\":[{\"@type\":\"SearchAction\",\"target\":{\"@type\":\"EntryPoint\",\"urlTemplate\":\"https:\/\/www.macopizza.sk\/?s={search_term_string}\"},\"query-input\":{\"@type\":\"PropertyValueSpecification\",\"valueRequired\":true,\"valueName\":\"search_term_string\"}}],\"inLanguage\":\"en-GB\"},{\"@type\":\"Organization\",\"@id\":\"https:\/\/www.macopizza.sk\/#organization\",\"name\":\"MacoPizza\",\"url\":\"https:\/\/www.macopizza.sk\/\",\"logo\":{\"@type\":\"ImageObject\",\"inLanguage\":\"en-GB\",\"@id\":\"https:\/\/www.macopizza.sk\/#\/schema\/logo\/image\/\",\"url\":\"https:\/\/www.macopizza.sk\/wp-content\/uploads\/2024\/12\/Maco_logo-1.png\",\"contentUrl\":\"https:\/\/www.macopizza.sk\/wp-content\/uploads\/2024\/12\/Maco_logo-1.png\",\"width\":500,\"height\":480,\"caption\":\"MacoPizza\"},\"image\":{\"@id\":\"https:\/\/www.macopizza.sk\/#\/schema\/logo\/image\/\"},\"sameAs\":[\"https:\/\/www.facebook.com\/profile.php?id=61569012014777\"]}]}<\/script>\n<!-- \/ Yoast SEO plugin. -->","yoast_head_json":{"title":"About - MacoPizza","robots":{"index":"index","follow":"follow","max-snippet":"max-snippet:-1","max-image-preview":"max-image-preview:large","max-video-preview":"max-video-preview:-1"},"canonical":"https:\/\/www.macopizza.sk\/en\/about\/","og_locale":"en_GB","og_type":"article","og_title":"About - MacoPizza","og_description":"O n\u00e1s Na\u0161e hodnoty Kvalita Pou\u017e\u00edvame iba najlep\u0161ie suroviny, aby sme zabezpe\u010dili v\u00fdnimo\u010dn\u00fa chu\u0165 a \u010derstvos\u0165 v ka\u017edom jedle, ktor\u00e9 [&hellip;]","og_url":"https:\/\/www.macopizza.sk\/en\/about\/","og_site_name":"MacoPizza","article_publisher":"https:\/\/www.facebook.com\/profile.php?id=61569012014777","article_modified_time":"2025-01-10T21:46:52+00:00","twitter_card":"summary_large_image","twitter_misc":{"Estimated reading time":"1 minute"},"schema":{"@context":"https:\/\/schema.org","@graph":[{"@type":"WebPage","@id":"https:\/\/www.macopizza.sk\/about\/","url":"https:\/\/www.macopizza.sk\/about\/","name":"About - MacoPizza","isPartOf":{"@id":"https:\/\/www.macopizza.sk\/#website"},"datePublished":"2024-10-01T16:04:14+00:00","dateModified":"2025-01-10T21:46:52+00:00","breadcrumb":{"@id":"https:\/\/www.macopizza.sk\/about\/#breadcrumb"},"inLanguage":"en-GB","potentialAction":[{"@type":"ReadAction","target":["https:\/\/www.macopizza.sk\/about\/"]}]},{"@type":"BreadcrumbList","@id":"https:\/\/www.macopizza.sk\/about\/#breadcrumb","itemListElement":[{"@type":"ListItem","position":1,"name":"Home","item":"https:\/\/www.macopizza.sk\/"},{"@type":"ListItem","position":2,"name":"About"}]},{"@type":"WebSite","@id":"https:\/\/www.macopizza.sk\/#website","url":"https:\/\/www.macopizza.sk\/","name":"MacoPizza","description":"","publisher":{"@id":"https:\/\/www.macopizza.sk\/#organization"},"potentialAction":[{"@type":"SearchAction","target":{"@type":"EntryPoint","urlTemplate":"https:\/\/www.macopizza.sk\/?s={search_term_string}"},"query-input":{"@type":"PropertyValueSpecification","valueRequired":true,"valueName":"search_term_string"}}],"inLanguage":"en-GB"},{"@type":"Organization","@id":"https:\/\/www.macopizza.sk\/#organization","name":"MacoPizza","url":"https:\/\/www.macopizza.sk\/","logo":{"@type":"ImageObject","inLanguage":"en-GB","@id":"https:\/\/www.macopizza.sk\/#\/schema\/logo\/image\/","url":"https:\/\/www.macopizza.sk\/wp-content\/uploads\/2024\/12\/Maco_logo-1.png","contentUrl":"https:\/\/www.macopizza.sk\/wp-content\/uploads\/2024\/12\/Maco_logo-1.png","width":500,"height":480,"caption":"MacoPizza"},"image":{"@id":"https:\/\/www.macopizza.sk\/#\/schema\/logo\/image\/"},"sameAs":["https:\/\/www.facebook.com\/profile.php?id=61569012014777"]}]}},"uagb_featured_image_src":{"full":false,"thumbnail":false,"medium":false,"medium_large":false,"large":false,"1536x1536":false,"2048x2048":false,"trp-custom-language-flag":false,"woocommerce_thumbnail":false,"woocommerce_single":false,"woocommerce_gallery_thumbnail":false},"uagb_author_info":{"display_name":"marko","author_link":"https:\/\/www.macopizza.sk\/en\/author\/marko\/"},"uagb_comment_info":0,"uagb_excerpt":"O n\u00e1s Na\u0161e hodnoty Kvalita Pou\u017e\u00edvame iba najlep\u0161ie suroviny, aby sme zabezpe\u010dili v\u00fdnimo\u010dn\u00fa chu\u0165 a \u010derstvos\u0165 v ka\u017edom jedle, ktor\u00e9 [&hellip;]","_links":{"self":[{"href":"https:\/\/www.macopizza.sk\/en\/wp-json\/wp\/v2\/pages\/118","targetHints":{"allow":["GET"]}}],"collection":[{"href":"https:\/\/www.macopizza.sk\/en\/wp-json\/wp\/v2\/pages"}],"about":[{"href":"https:\/\/www.macopizza.sk\/en\/wp-json\/wp\/v2\/types\/page"}],"author":[{"embeddable":true,"href":"https:\/\/www.macopizza.sk\/en\/wp-json\/wp\/v2\/users\/1"}],"replies":[{"embeddable":true,"href":"https:\/\/www.macopizza.sk\/en\/wp-json\/wp\/v2\/comments?post=118"}],"version-history":[{"count":5,"href":"https:\/\/www.macopizza.sk\/en\/wp-json\/wp\/v2\/pages\/118\/revisions"}],"predecessor-version":[{"id":2621,"href":"https:\/\/www.macopizza.sk\/en\/wp-json\/wp\/v2\/pages\/118\/revisions\/2621"}],"wp:attachment":[{"href":"https:\/\/www.macopizza.sk\/en\/wp-json\/wp\/v2\/media?parent=118"}],"curies":[{"name":"wp","href":"https:\/\/api.w.org\/{rel}","templated":true}]}}